{"id":41229,"date":"2026-04-02T21:45:01","date_gmt":"2026-04-02T18:45:01","guid":{"rendered":"http:\/\/new.ceasuri.md\/shop\/uncategorized\/orient-contemporary-ra-ac0f04s30b\/"},"modified":"2026-04-07T04:00:38","modified_gmt":"2026-04-07T01:00:38","slug":"orient-contemporary-ra-ac0f04s30b","status":"publish","type":"product","link":"https:\/\/ceasuri.md\/ru\/shop\/branduri\/orient\/orient-contemporary-ra-ac0f04s30b\/","title":{"rendered":"Ceas ORIENT CONTEMPORARY RA-AC0F04S30B"},"content":{"rendered":"<p>Acesta este un ceas mecanic cu dat\u0103.  Nou Propulsat de un Calibru automat F6722 de fabrica\u021bie proprie.<\/p>\n<p>Acest nou ceas echilibreaz\u0103 \u00een mod expert o mi\u0219care mecanic\u0103 de precizie cu un design modern \u0219i combina\u021bii de culori.<\/p>\n<p>Un spate al carcasei transparent \u00eembun\u0103t\u0103\u021be\u0219te designul rafinat.<\/p>\n<p>Acest ceas o rezisten\u021b\u0103 la ap\u0103 de 50 de metri.<\/p>","protected":false},"excerpt":{"rendered":"<p>Acesta este un ceas mecanic cu dat\u0103. Nou Propulsat de un Calibru automat F6722 de fabrica\u021bie proprie. Acest nou ceas echilibreaz\u0103 \u00een mod expert o mi\u0219care mecanic\u0103 de precizie cu un design modern \u0219i combina\u021bii de culori. Un spate al carcasei transparent \u00eembun\u0103t\u0103\u021be\u0219te designul rafinat. Acest ceas o rezisten\u021b\u0103 la ap\u0103 de 50 de metri.<\/p>","protected":false},"featured_media":41230,"comment_status":"closed","ping_status":"open","template":"","meta":{"_acf_changed":false},"product_brand":[],"product_cat":[20,596],"product_tag":[],"class_list":{"0":"post-41229","1":"product","2":"type-product","3":"status-publish","4":"has-post-thumbnail","6":"product_cat-ceasuri-barbati","7":"product_cat-orient","8":"pa_brand-orient","9":"pa_braslet-piele","10":"pa_corpus-42-mm","11":"pa_forma-rotund","12":"pa_funcii-data","13":"pa_garatia-24-luni","14":"pa_korpus-auriu","15":"pa_material-otel-inoxidabil","16":"pa_mehanizm-mecanic","17":"pa_mehanizm-mecanism-automatic","18":"pa_remeshok-maro","19":"pa_steklo-cristal-mineral","20":"pa_strana-japonia","21":"pa_voda-5-atm","23":"first","24":"instock","25":"purchasable","26":"product-type-simple"},"acf":[],"_links":{"self":[{"href":"https:\/\/ceasuri.md\/ru\/wp-json\/wp\/v2\/product\/41229","targetHints":{"allow":["GET"]}}],"collection":[{"href":"https:\/\/ceasuri.md\/ru\/wp-json\/wp\/v2\/product"}],"about":[{"href":"https:\/\/ceasuri.md\/ru\/wp-json\/wp\/v2\/types\/product"}],"replies":[{"embeddable":true,"href":"https:\/\/ceasuri.md\/ru\/wp-json\/wp\/v2\/comments?post=41229"}],"wp:featuredmedia":[{"embeddable":true,"href":"https:\/\/ceasuri.md\/ru\/wp-json\/wp\/v2\/media\/41230"}],"wp:attachment":[{"href":"https:\/\/ceasuri.md\/ru\/wp-json\/wp\/v2\/media?parent=41229"}],"wp:term":[{"taxonomy":"product_brand","embeddable":true,"href":"https:\/\/ceasuri.md\/ru\/wp-json\/wp\/v2\/product_brand?post=41229"},{"taxonomy":"product_cat","embeddable":true,"href":"https:\/\/ceasuri.md\/ru\/wp-json\/wp\/v2\/product_cat?post=41229"},{"taxonomy":"product_tag","embeddable":true,"href":"https:\/\/ceasuri.md\/ru\/wp-json\/wp\/v2\/product_tag?post=41229"}],"curies":[{"name":"wp","href":"https:\/\/api.w.org\/{rel}","templated":true}]}}