{"id":41225,"date":"2026-04-02T21:45:01","date_gmt":"2026-04-02T18:45:01","guid":{"rendered":"http:\/\/new.ceasuri.md\/shop\/uncategorized\/orient-contemporary-ra-ac0e04l30b\/"},"modified":"2026-04-20T00:35:17","modified_gmt":"2026-04-19T21:35:17","slug":"orient-contemporary-ra-ac0e04l30b","status":"publish","type":"product","link":"https:\/\/ceasuri.md\/ru\/shop\/branduri\/orient\/orient-contemporary-ra-ac0e04l30b\/","title":{"rendered":"Ceas ORIENT CONTEMPORARY RA-AC0E04L30B"},"content":{"rendered":"<p>Ceasul mecanic ORIENT cu diametrul de 40,0 mm, carcas\u0103 din o\u021bel inoxidabil \u0219i curea din piele cu textur\u0103 de crocodil, este completat de un cadran elegant de culoare albastr\u0103.<\/p>\n<p>Designul rafinat este completat de o fereastr\u0103 de dat\u0103 convenabil\u0103, de indicatoare \u0219i indexuri argintii atractive, precum \u0219i de o coroan\u0103 cu posibilitate de \u00eenf\u0103\u0219urare manual\u0103.<\/p>\n<p>Ceasul asigur\u0103 40 de ore de func\u021bionare continu\u0103 \u0219i este rezistent la ap\u0103 p\u00e2n\u0103 la 100 de metri.<\/p>","protected":false},"excerpt":{"rendered":"<p>Ceasul mecanic ORIENT cu diametrul de 40,0 mm, carcas\u0103 din o\u021bel inoxidabil \u0219i curea din piele cu textur\u0103 de crocodil, este completat de un cadran elegant de culoare albastr\u0103. Designul rafinat este completat de o fereastr\u0103 de dat\u0103 convenabil\u0103, de indicatoare \u0219i indexuri argintii atractive, precum \u0219i de o coroan\u0103 cu posibilitate de \u00eenf\u0103\u0219urare manual\u0103. [&hellip;]<\/p>\n","protected":false},"featured_media":41226,"comment_status":"closed","ping_status":"open","template":"","meta":{"_acf_changed":false},"product_brand":[],"product_cat":[20,596],"product_tag":[],"class_list":{"0":"post-41225","1":"product","2":"type-product","3":"status-publish","4":"has-post-thumbnail","6":"product_cat-ceasuri-barbati","7":"product_cat-orient","8":"pa_brand-orient","9":"pa_braslet-piele","10":"pa_corpus-40mm","11":"pa_forma-rotund","12":"pa_funcii-data","13":"pa_garatia-24-luni","14":"pa_korpus-argintiu","15":"pa_material-otel-inoxidabil","16":"pa_mehanizm-mecanic","17":"pa_mehanizm-mecanism-automatic","18":"pa_remeshok-negru","19":"pa_steklo-cristal-mineral","20":"pa_strana-japonia","21":"pa_voda-10-atm","23":"first","24":"instock","25":"purchasable","26":"product-type-simple"},"acf":[],"_links":{"self":[{"href":"https:\/\/ceasuri.md\/ru\/wp-json\/wp\/v2\/product\/41225","targetHints":{"allow":["GET"]}}],"collection":[{"href":"https:\/\/ceasuri.md\/ru\/wp-json\/wp\/v2\/product"}],"about":[{"href":"https:\/\/ceasuri.md\/ru\/wp-json\/wp\/v2\/types\/product"}],"replies":[{"embeddable":true,"href":"https:\/\/ceasuri.md\/ru\/wp-json\/wp\/v2\/comments?post=41225"}],"wp:featuredmedia":[{"embeddable":true,"href":"https:\/\/ceasuri.md\/ru\/wp-json\/wp\/v2\/media\/41226"}],"wp:attachment":[{"href":"https:\/\/ceasuri.md\/ru\/wp-json\/wp\/v2\/media?parent=41225"}],"wp:term":[{"taxonomy":"product_brand","embeddable":true,"href":"https:\/\/ceasuri.md\/ru\/wp-json\/wp\/v2\/product_brand?post=41225"},{"taxonomy":"product_cat","embeddable":true,"href":"https:\/\/ceasuri.md\/ru\/wp-json\/wp\/v2\/product_cat?post=41225"},{"taxonomy":"product_tag","embeddable":true,"href":"https:\/\/ceasuri.md\/ru\/wp-json\/wp\/v2\/product_tag?post=41225"}],"curies":[{"name":"wp","href":"https:\/\/api.w.org\/{rel}","templated":true}]}}