{"id":41179,"date":"2026-04-02T21:45:01","date_gmt":"2026-04-02T18:45:01","guid":{"rendered":"http:\/\/new.ceasuri.md\/shop\/uncategorized\/orient-sports-diver-ra-aa0914e39b\/"},"modified":"2026-04-20T00:34:54","modified_gmt":"2026-04-19T21:34:54","slug":"orient-sports-diver-ra-aa0914e39b","status":"publish","type":"product","link":"https:\/\/ceasuri.md\/ru\/shop\/branduri\/orient\/orient-sports-diver-ra-aa0914e39b\/","title":{"rendered":"\u0427\u0430\u0441\u044b ORIENT SPORTS DIVER RA-AA0914E39B"},"content":{"rendered":"<p>Modelele sportive populare \u00eencorporeaz\u0103 caracteristicile distinctive ale ceasurilor profesionale pentru scafandri, cum ar fi func\u021bia de rezisten\u021b\u0103 ridicat\u0103 la ap\u0103, luneta rotativ\u0103 \u0219i designul cadranului cu vizibilitate ridicat\u0103.<\/p>\n<p>Acest model este prev\u0103zut cu o carcas\u0103 din o\u021bel inoxidabil de 44 mm, este rezistent la ap\u0103 p\u00e2n\u0103 la 20 bar, lucru comun cu ceasurile cu design de scafandru de la ORIENT, \u0219i \u00eencorporeaz\u0103 o mi\u0219care automat\u0103 intern\u0103. Pe l\u00e2ng\u0103 designul atr\u0103g\u0103tor pentru ochi, aceste ceasuri sunt construite solid, cu func\u021bii fiabile.<\/p>","protected":false},"excerpt":{"rendered":"<p>Modelele sportive populare \u00eencorporeaz\u0103 caracteristicile distinctive ale ceasurilor profesionale pentru scafandri, cum ar fi func\u021bia de rezisten\u021b\u0103 ridicat\u0103 la ap\u0103, luneta rotativ\u0103 \u0219i designul cadranului cu vizibilitate ridicat\u0103. Acest model este prev\u0103zut cu o carcas\u0103 din o\u021bel inoxidabil de 44 mm, este rezistent la ap\u0103 p\u00e2n\u0103 la 20 bar, lucru comun cu ceasurile cu design [&hellip;]<\/p>\n","protected":false},"featured_media":41180,"comment_status":"closed","ping_status":"open","template":"","meta":{"_acf_changed":false},"product_brand":[],"product_cat":[20,596],"product_tag":[],"class_list":{"0":"post-41179","1":"product","2":"type-product","3":"status-publish","4":"has-post-thumbnail","6":"product_cat-ceasuri-barbati","7":"product_cat-orient","8":"pa_brand-orient","9":"pa_braslet-otel-inoxidabil","10":"pa_corpus-44-mm","11":"pa_forma-rotund","12":"pa_funcii-data","13":"pa_funcii-iluminare-fluorescenta","14":"pa_funcii-ziua-saptamanii","15":"pa_garatia-24-luni","16":"pa_korpus-argintiu","17":"pa_korpus-verde","18":"pa_material-otel-inoxidabil","19":"pa_mehanizm-mecanic","20":"pa_mehanizm-mecanism-automatic","21":"pa_remeshok-argintiu","22":"pa_steklo-cristal-mineral","23":"pa_strana-japonia","24":"pa_voda-20-atm","26":"first","27":"instock","28":"purchasable","29":"product-type-simple"},"acf":[],"_links":{"self":[{"href":"https:\/\/ceasuri.md\/ru\/wp-json\/wp\/v2\/product\/41179","targetHints":{"allow":["GET"]}}],"collection":[{"href":"https:\/\/ceasuri.md\/ru\/wp-json\/wp\/v2\/product"}],"about":[{"href":"https:\/\/ceasuri.md\/ru\/wp-json\/wp\/v2\/types\/product"}],"replies":[{"embeddable":true,"href":"https:\/\/ceasuri.md\/ru\/wp-json\/wp\/v2\/comments?post=41179"}],"wp:featuredmedia":[{"embeddable":true,"href":"https:\/\/ceasuri.md\/ru\/wp-json\/wp\/v2\/media\/41180"}],"wp:attachment":[{"href":"https:\/\/ceasuri.md\/ru\/wp-json\/wp\/v2\/media?parent=41179"}],"wp:term":[{"taxonomy":"product_brand","embeddable":true,"href":"https:\/\/ceasuri.md\/ru\/wp-json\/wp\/v2\/product_brand?post=41179"},{"taxonomy":"product_cat","embeddable":true,"href":"https:\/\/ceasuri.md\/ru\/wp-json\/wp\/v2\/product_cat?post=41179"},{"taxonomy":"product_tag","embeddable":true,"href":"https:\/\/ceasuri.md\/ru\/wp-json\/wp\/v2\/product_tag?post=41179"}],"curies":[{"name":"wp","href":"https:\/\/api.w.org\/{rel}","templated":true}]}}