{"id":41156,"date":"2026-04-02T21:44:20","date_gmt":"2026-04-02T18:44:20","guid":{"rendered":"http:\/\/new.ceasuri.md\/shop\/uncategorized\/orient-classic-sac04002w0\/"},"modified":"2026-04-17T13:30:38","modified_gmt":"2026-04-17T10:30:38","slug":"orient-classic-sac04002w0","status":"publish","type":"product","link":"https:\/\/ceasuri.md\/ru\/shop\/branduri\/orient\/orient-classic-sac04002w0\/","title":{"rendered":"Ceas ORIENT CLASSIC SAC04002W0"},"content":{"rendered":"<p>Acest ceas mecanic prezint\u0103 o carcas\u0103 din o\u021bel inoxidabil \u0219i un cadran alb texturat.<\/p>\n<p>Br\u0103\u021bara este finisat\u0103 artistic cu un trio de linii de accent auriu, care completeaz\u0103 m\u00e2inile \u0219i indicatoarele elegante din aur ale ceasului.<\/p>\n<p>Numerele romane sunt plasate cu bun gust \u00een pozi\u021biile de la orele 3, 6, 9 \u0219i 12.<\/p>\n<p>Alte caracteristici distinse includ o deschidere convenabil\u0103 pentru dat\u0103 \u0219i o coroan\u0103 din aur cu func\u021bie de \u00eenf\u0103\u0219urare automat\u0103.<\/p>\n<p>Este protejat de o sticl\u0103 de safir \u0219i suport\u0103 o rezisten\u021b\u0103 la ap\u0103 de 50 de metri.<\/p>","protected":false},"excerpt":{"rendered":"<p>Acest ceas mecanic prezint\u0103 o carcas\u0103 din o\u021bel inoxidabil \u0219i un cadran alb texturat. Br\u0103\u021bara este finisat\u0103 artistic cu un trio de linii de accent auriu, care completeaz\u0103 m\u00e2inile \u0219i indicatoarele elegante din aur ale ceasului. Numerele romane sunt plasate cu bun gust \u00een pozi\u021biile de la orele 3, 6, 9 \u0219i 12. Alte caracteristici [&hellip;]<\/p>\n","protected":false},"featured_media":41157,"comment_status":"closed","ping_status":"open","template":"","meta":{"_acf_changed":false},"product_brand":[],"product_cat":[20,596],"product_tag":[],"class_list":{"0":"post-41156","1":"product","2":"type-product","3":"status-publish","4":"has-post-thumbnail","6":"product_cat-ceasuri-barbati","7":"product_cat-orient","8":"pa_brand-orient","9":"pa_braslet-otel-inoxidabil","10":"pa_corpus-43-mm","11":"pa_forma-rotund","12":"pa_funcii-data","13":"pa_garatia-24-luni","14":"pa_korpus-argintiu","15":"pa_material-otel-inoxidabil","16":"pa_mehanizm-mecanic","17":"pa_mehanizm-mecanism-automatic","18":"pa_remeshok-bicolor","19":"pa_steklo-cristal-safir","20":"pa_strana-japonia","21":"pa_voda-5-atm","23":"first","24":"instock","25":"purchasable","26":"product-type-simple"},"acf":[],"_links":{"self":[{"href":"https:\/\/ceasuri.md\/ru\/wp-json\/wp\/v2\/product\/41156","targetHints":{"allow":["GET"]}}],"collection":[{"href":"https:\/\/ceasuri.md\/ru\/wp-json\/wp\/v2\/product"}],"about":[{"href":"https:\/\/ceasuri.md\/ru\/wp-json\/wp\/v2\/types\/product"}],"replies":[{"embeddable":true,"href":"https:\/\/ceasuri.md\/ru\/wp-json\/wp\/v2\/comments?post=41156"}],"wp:featuredmedia":[{"embeddable":true,"href":"https:\/\/ceasuri.md\/ru\/wp-json\/wp\/v2\/media\/41157"}],"wp:attachment":[{"href":"https:\/\/ceasuri.md\/ru\/wp-json\/wp\/v2\/media?parent=41156"}],"wp:term":[{"taxonomy":"product_brand","embeddable":true,"href":"https:\/\/ceasuri.md\/ru\/wp-json\/wp\/v2\/product_brand?post=41156"},{"taxonomy":"product_cat","embeddable":true,"href":"https:\/\/ceasuri.md\/ru\/wp-json\/wp\/v2\/product_cat?post=41156"},{"taxonomy":"product_tag","embeddable":true,"href":"https:\/\/ceasuri.md\/ru\/wp-json\/wp\/v2\/product_tag?post=41156"}],"curies":[{"name":"wp","href":"https:\/\/api.w.org\/{rel}","templated":true}]}}