{"id":41146,"date":"2026-04-02T21:44:20","date_gmt":"2026-04-02T18:44:20","guid":{"rendered":"http:\/\/new.ceasuri.md\/shop\/uncategorized\/orient-classic-tac08003a0\/"},"modified":"2026-04-07T04:00:19","modified_gmt":"2026-04-07T01:00:19","slug":"orient-classic-tac08003a0","status":"publish","type":"product","link":"https:\/\/ceasuri.md\/ru\/shop\/branduri\/orient\/orient-classic-tac08003a0\/","title":{"rendered":"Ceas ORIENT CLASSIC TAC08003A0"},"content":{"rendered":"<p>Acest ceas mecanic este unul dintre cele mai bine v\u00e2ndute ceasuri ORIENT, av\u00e2nd o carcas\u0103 elegant\u0103 din o\u021bel inoxidabil, un cadran gri \u00eenchis \u0219i o band\u0103 bej.<\/p>\n<p>\u00cembun\u0103t\u0103\u021bind estetica sa profesional\u0103, sunt marcajele sofisticate din aur roz pentru ore, o deschidere convenabil\u0103 pentru dat\u0103 \u0219i o coroan\u0103 cu \u00eenf\u0103\u0219urare manual\u0103 cu func\u021bionalitate automat\u0103.<\/p>\n<p>O rezisten\u021b\u0103 la ap\u0103 de 30 de metri.<\/p>","protected":false},"excerpt":{"rendered":"<p>Acest ceas mecanic este unul dintre cele mai bine v\u00e2ndute ceasuri ORIENT, av\u00e2nd o carcas\u0103 elegant\u0103 din o\u021bel inoxidabil, un cadran gri \u00eenchis \u0219i o band\u0103 bej. \u00cembun\u0103t\u0103\u021bind estetica sa profesional\u0103, sunt marcajele sofisticate din aur roz pentru ore, o deschidere convenabil\u0103 pentru dat\u0103 \u0219i o coroan\u0103 cu \u00eenf\u0103\u0219urare manual\u0103 cu func\u021bionalitate automat\u0103. O rezisten\u021b\u0103 [&hellip;]<\/p>\n","protected":false},"featured_media":41147,"comment_status":"closed","ping_status":"open","template":"","meta":{"_acf_changed":false},"product_brand":[],"product_cat":[20,596],"product_tag":[],"class_list":{"0":"post-41146","1":"product","2":"type-product","3":"status-publish","4":"has-post-thumbnail","6":"product_cat-ceasuri-barbati","7":"product_cat-orient","8":"pa_brand-orient","9":"pa_braslet-piele","10":"pa_corpus-42-mm","11":"pa_forma-rotund","12":"pa_funcii-data","13":"pa_garatia-24-luni","14":"pa_korpus-argintiu","15":"pa_material-otel-inoxidabil","16":"pa_mehanizm-mecanic","17":"pa_mehanizm-mecanism-automatic","18":"pa_remeshok-maro","19":"pa_steklo-cristal-mineral","20":"pa_strana-japonia","21":"pa_voda-3-atm","23":"first","24":"instock","25":"purchasable","26":"product-type-simple"},"acf":[],"_links":{"self":[{"href":"https:\/\/ceasuri.md\/ru\/wp-json\/wp\/v2\/product\/41146","targetHints":{"allow":["GET"]}}],"collection":[{"href":"https:\/\/ceasuri.md\/ru\/wp-json\/wp\/v2\/product"}],"about":[{"href":"https:\/\/ceasuri.md\/ru\/wp-json\/wp\/v2\/types\/product"}],"replies":[{"embeddable":true,"href":"https:\/\/ceasuri.md\/ru\/wp-json\/wp\/v2\/comments?post=41146"}],"wp:featuredmedia":[{"embeddable":true,"href":"https:\/\/ceasuri.md\/ru\/wp-json\/wp\/v2\/media\/41147"}],"wp:attachment":[{"href":"https:\/\/ceasuri.md\/ru\/wp-json\/wp\/v2\/media?parent=41146"}],"wp:term":[{"taxonomy":"product_brand","embeddable":true,"href":"https:\/\/ceasuri.md\/ru\/wp-json\/wp\/v2\/product_brand?post=41146"},{"taxonomy":"product_cat","embeddable":true,"href":"https:\/\/ceasuri.md\/ru\/wp-json\/wp\/v2\/product_cat?post=41146"},{"taxonomy":"product_tag","embeddable":true,"href":"https:\/\/ceasuri.md\/ru\/wp-json\/wp\/v2\/product_tag?post=41146"}],"curies":[{"name":"wp","href":"https:\/\/api.w.org\/{rel}","templated":true}]}}