{"id":41136,"date":"2026-04-02T21:44:20","date_gmt":"2026-04-02T18:44:20","guid":{"rendered":"http:\/\/new.ceasuri.md\/shop\/uncategorized\/orient-classic-fac00001b0\/"},"modified":"2026-04-07T04:00:16","modified_gmt":"2026-04-07T01:00:16","slug":"orient-classic-fac00001b0","status":"publish","type":"product","link":"https:\/\/ceasuri.md\/ru\/shop\/branduri\/orient\/orient-classic-fac00001b0\/","title":{"rendered":"Ceas ORIENT CLASSIC FAC00001B0"},"content":{"rendered":"<p>O alegere perfect\u0103 dac\u0103 sunte\u021bi \u00een c\u0103utarea unui ceas cu un aspect clasic.<\/p>\n<p>Ceasul are o carcas\u0103 din aur roz, realizat\u0103 din o\u021bel inoxidabil, care arat\u0103 ca un adev\u0103rat punct de atrac\u021bie datorit\u0103 suprafe\u021bei mat\u0103 \u0219i lustruit\u0103.<\/p>\n<p>Carcasa rotund\u0103 are o l\u0103\u021bime de 41 mm \u0219i o \u00een\u0103l\u021bime de 12 mm \u0219i, \u00een func\u021bie de gustul fiec\u0103ruia, va \u00eempodobi aproape orice \u00eencheietur\u0103. Luneta, care este fix\u0103, iese discret \u00een eviden\u021b\u0103 de pe carcas\u0103. Partea din spate a ceasului este un fund din o\u021bel inoxidabil, \u00een\u0219urubat, care stabile\u0219te punctul final pentru un design coerent.<\/p>\n<p>Sticla mineral\u0103, \u00eent\u0103rit\u0103, ofer\u0103 o protec\u021bie extins\u0103 \u00eempotriva zg\u00e2rieturilor \u0219i deterior\u0103rilor accidentale. Dedesubt, cadranul noului dumneavoastr\u0103 ceas de vis este negru.<\/p>\n<p>\u00cen centrul acestui ceas se afl\u0103 o mi\u0219care automat\u0103 care, a\u0219a cum este obi\u0219nuit pentru ceasurile Orient, garanteaz\u0103 o cronometrare precis\u0103 \u0219i ofer\u0103 urm\u0103toarele func\u021bii: data, minute, secunde, ore.<\/p>","protected":false},"excerpt":{"rendered":"<p>O alegere perfect\u0103 dac\u0103 sunte\u021bi \u00een c\u0103utarea unui ceas cu un aspect clasic. Ceasul are o carcas\u0103 din aur roz, realizat\u0103 din o\u021bel inoxidabil, care arat\u0103 ca un adev\u0103rat punct de atrac\u021bie datorit\u0103 suprafe\u021bei mat\u0103 \u0219i lustruit\u0103. Carcasa rotund\u0103 are o l\u0103\u021bime de 41 mm \u0219i o \u00een\u0103l\u021bime de 12 mm \u0219i, \u00een func\u021bie de [&hellip;]<\/p>\n","protected":false},"featured_media":41137,"comment_status":"closed","ping_status":"open","template":"","meta":{"_acf_changed":false},"product_brand":[],"product_cat":[20,596],"product_tag":[],"class_list":{"0":"post-41136","1":"product","2":"type-product","3":"status-publish","4":"has-post-thumbnail","6":"product_cat-ceasuri-barbati","7":"product_cat-orient","8":"pa_brand-orient","9":"pa_braslet-piele","10":"pa_corpus-41-mm","11":"pa_forma-rotund","12":"pa_funcii-data","13":"pa_garatia-24-luni","14":"pa_korpus-roz-gold","15":"pa_material-otel-inoxidabil","16":"pa_mehanizm-mecanic","17":"pa_mehanizm-mecanism-automatic","18":"pa_remeshok-negru","19":"pa_steklo-cristal-mineral","20":"pa_strana-japonia","21":"pa_voda-3-atm","23":"first","24":"instock","25":"purchasable","26":"product-type-simple"},"acf":[],"_links":{"self":[{"href":"https:\/\/ceasuri.md\/ru\/wp-json\/wp\/v2\/product\/41136","targetHints":{"allow":["GET"]}}],"collection":[{"href":"https:\/\/ceasuri.md\/ru\/wp-json\/wp\/v2\/product"}],"about":[{"href":"https:\/\/ceasuri.md\/ru\/wp-json\/wp\/v2\/types\/product"}],"replies":[{"embeddable":true,"href":"https:\/\/ceasuri.md\/ru\/wp-json\/wp\/v2\/comments?post=41136"}],"wp:featuredmedia":[{"embeddable":true,"href":"https:\/\/ceasuri.md\/ru\/wp-json\/wp\/v2\/media\/41137"}],"wp:attachment":[{"href":"https:\/\/ceasuri.md\/ru\/wp-json\/wp\/v2\/media?parent=41136"}],"wp:term":[{"taxonomy":"product_brand","embeddable":true,"href":"https:\/\/ceasuri.md\/ru\/wp-json\/wp\/v2\/product_brand?post=41136"},{"taxonomy":"product_cat","embeddable":true,"href":"https:\/\/ceasuri.md\/ru\/wp-json\/wp\/v2\/product_cat?post=41136"},{"taxonomy":"product_tag","embeddable":true,"href":"https:\/\/ceasuri.md\/ru\/wp-json\/wp\/v2\/product_tag?post=41136"}],"curies":[{"name":"wp","href":"https:\/\/api.w.org\/{rel}","templated":true}]}}