{"id":41102,"date":"2026-04-02T21:44:20","date_gmt":"2026-04-02T18:44:20","guid":{"rendered":"http:\/\/new.ceasuri.md\/shop\/uncategorized\/orient-classic-ra-kv0404b10b\/"},"modified":"2026-04-07T04:00:09","modified_gmt":"2026-04-07T01:00:09","slug":"orient-classic-ra-kv0404b10b","status":"publish","type":"product","link":"https:\/\/ceasuri.md\/ru\/shop\/branduri\/orient\/orient-classic-ra-kv0404b10b\/","title":{"rendered":"Ceas ORIENT CLASSIC RA-KV0404B10B"},"content":{"rendered":"<p>Acest ceas , cu cuar\u021b, are o carcas\u0103 din o\u021bel inoxidabil, un cadran negru \u0219i o band\u0103 din piele.<\/p>\n<p>Pentru a spori designul elegant al ceasului, exist\u0103 subcadrane pentru m\u00e2na de 24 de ore \u00een pozi\u021bia de la ora 3, m\u00e2na a doua pentru cronograf \u00een pozi\u021bia de la ora 6 \u0219i m\u00e2na de minute pentru integrarea cronografului \u00een pozi\u021bia de la ora 9.<\/p>\n<p>Acesta o rezisten\u021b\u0103 la ap\u0103 de 50 de metri.<\/p>","protected":false},"excerpt":{"rendered":"<p>Acest ceas , cu cuar\u021b, are o carcas\u0103 din o\u021bel inoxidabil, un cadran negru \u0219i o band\u0103 din piele. Pentru a spori designul elegant al ceasului, exist\u0103 subcadrane pentru m\u00e2na de 24 de ore \u00een pozi\u021bia de la ora 3, m\u00e2na a doua pentru cronograf \u00een pozi\u021bia de la ora 6 \u0219i m\u00e2na de minute [&hellip;]<\/p>\n","protected":false},"featured_media":41103,"comment_status":"closed","ping_status":"open","template":"","meta":{"_acf_changed":false},"product_brand":[],"product_cat":[20,596],"product_tag":[],"class_list":{"0":"post-41102","1":"product","2":"type-product","3":"status-publish","4":"has-post-thumbnail","6":"product_cat-ceasuri-barbati","7":"product_cat-orient","8":"pa_brand-orient","9":"pa_braslet-piele","10":"pa_corpus-42-mm","11":"pa_forma-rotund","12":"pa_funcii-cronograf","13":"pa_funcii-data","14":"pa_garatia-24-luni","15":"pa_korpus-argintiu","16":"pa_material-otel-inoxidabil","17":"pa_mehanizm-quartz","18":"pa_remeshok-negru","19":"pa_steklo-cristal-mineral","20":"pa_strana-japonia","21":"pa_voda-5-atm","23":"first","24":"instock","25":"purchasable","26":"product-type-simple"},"acf":[],"_links":{"self":[{"href":"https:\/\/ceasuri.md\/ru\/wp-json\/wp\/v2\/product\/41102","targetHints":{"allow":["GET"]}}],"collection":[{"href":"https:\/\/ceasuri.md\/ru\/wp-json\/wp\/v2\/product"}],"about":[{"href":"https:\/\/ceasuri.md\/ru\/wp-json\/wp\/v2\/types\/product"}],"replies":[{"embeddable":true,"href":"https:\/\/ceasuri.md\/ru\/wp-json\/wp\/v2\/comments?post=41102"}],"wp:featuredmedia":[{"embeddable":true,"href":"https:\/\/ceasuri.md\/ru\/wp-json\/wp\/v2\/media\/41103"}],"wp:attachment":[{"href":"https:\/\/ceasuri.md\/ru\/wp-json\/wp\/v2\/media?parent=41102"}],"wp:term":[{"taxonomy":"product_brand","embeddable":true,"href":"https:\/\/ceasuri.md\/ru\/wp-json\/wp\/v2\/product_brand?post=41102"},{"taxonomy":"product_cat","embeddable":true,"href":"https:\/\/ceasuri.md\/ru\/wp-json\/wp\/v2\/product_cat?post=41102"},{"taxonomy":"product_tag","embeddable":true,"href":"https:\/\/ceasuri.md\/ru\/wp-json\/wp\/v2\/product_tag?post=41102"}],"curies":[{"name":"wp","href":"https:\/\/api.w.org\/{rel}","templated":true}]}}