{"id":41083,"date":"2026-04-02T21:43:40","date_gmt":"2026-04-02T18:43:40","guid":{"rendered":"http:\/\/new.ceasuri.md\/shop\/uncategorized\/orient-classic-ra-ag0029n30b\/"},"modified":"2026-04-15T19:38:00","modified_gmt":"2026-04-15T16:38:00","slug":"orient-classic-ra-ag0029n30b","status":"publish","type":"product","link":"https:\/\/ceasuri.md\/ru\/shop\/branduri\/orient\/orient-classic-ra-ag0029n30b\/","title":{"rendered":"Ceas ORIENT CLASSIC RA-AG0029N30B"},"content":{"rendered":"<p>Prezent\u00e2nd o combina\u021bie uimitoare de alur\u0103 clasic\u0103 \u0219i de realizare superioar\u0103 a ceasurilor, acest nou ceas mecanic prezint\u0103 mai multe caracteristici captivante.<\/p>\n<p>Geamul rotunjit cu cutie rotunjit\u0103 al ceasului \u00eencadreaz\u0103 elegant cadranul bombat argintiu curbat, \u00eencadrat \u00eentr-o frumoas\u0103 carcas\u0103 din o\u021bel inoxidabil.<\/p>\n<p>\u00cembun\u0103t\u0103\u021birea esteticii izbitoare este un spate atractiv \u0219i transparent al carcasei.<\/p>\n<p>Alte caracteristici distincte includ o vedere semi-scheletulat\u0103, o band\u0103 atr\u0103g\u0103toare pentru toate ocaziile, m\u00e2ini elegante \u0219i o coroan\u0103 cu \u00eenf\u0103\u0219urare manual\u0103 cu func\u021bionalitate automat\u0103.<\/p>\n<p>Ceasul o rezisten\u021b\u0103 la ap\u0103 de 30 de metri.<\/p>","protected":false},"excerpt":{"rendered":"<p>Prezent\u00e2nd o combina\u021bie uimitoare de alur\u0103 clasic\u0103 \u0219i de realizare superioar\u0103 a ceasurilor, acest nou ceas mecanic prezint\u0103 mai multe caracteristici captivante. Geamul rotunjit cu cutie rotunjit\u0103 al ceasului \u00eencadreaz\u0103 elegant cadranul bombat argintiu curbat, \u00eencadrat \u00eentr-o frumoas\u0103 carcas\u0103 din o\u021bel inoxidabil. \u00cembun\u0103t\u0103\u021birea esteticii izbitoare este un spate atractiv \u0219i transparent al carcasei. Alte caracteristici [&hellip;]<\/p>\n","protected":false},"featured_media":41084,"comment_status":"closed","ping_status":"open","template":"","meta":{"_acf_changed":false},"product_brand":[],"product_cat":[20,596],"product_tag":[],"class_list":{"0":"post-41083","1":"product","2":"type-product","3":"status-publish","4":"has-post-thumbnail","6":"product_cat-ceasuri-barbati","7":"product_cat-orient","8":"pa_brand-orient","9":"pa_braslet-otel-inoxidabil","10":"pa_corpus-41-mm","11":"pa_forma-rotund","12":"pa_funcii-semischelet","13":"pa_garatia-24-luni","14":"pa_korpus-argintiu","15":"pa_material-otel-inoxidabil","16":"pa_mehanizm-mecanic","17":"pa_remeshok-argintiu","18":"pa_steklo-cristal-mineral","19":"pa_strana-japonia","20":"pa_voda-3-atm","22":"first","23":"instock","24":"purchasable","25":"product-type-simple"},"acf":[],"_links":{"self":[{"href":"https:\/\/ceasuri.md\/ru\/wp-json\/wp\/v2\/product\/41083","targetHints":{"allow":["GET"]}}],"collection":[{"href":"https:\/\/ceasuri.md\/ru\/wp-json\/wp\/v2\/product"}],"about":[{"href":"https:\/\/ceasuri.md\/ru\/wp-json\/wp\/v2\/types\/product"}],"replies":[{"embeddable":true,"href":"https:\/\/ceasuri.md\/ru\/wp-json\/wp\/v2\/comments?post=41083"}],"wp:featuredmedia":[{"embeddable":true,"href":"https:\/\/ceasuri.md\/ru\/wp-json\/wp\/v2\/media\/41084"}],"wp:attachment":[{"href":"https:\/\/ceasuri.md\/ru\/wp-json\/wp\/v2\/media?parent=41083"}],"wp:term":[{"taxonomy":"product_brand","embeddable":true,"href":"https:\/\/ceasuri.md\/ru\/wp-json\/wp\/v2\/product_brand?post=41083"},{"taxonomy":"product_cat","embeddable":true,"href":"https:\/\/ceasuri.md\/ru\/wp-json\/wp\/v2\/product_cat?post=41083"},{"taxonomy":"product_tag","embeddable":true,"href":"https:\/\/ceasuri.md\/ru\/wp-json\/wp\/v2\/product_tag?post=41083"}],"curies":[{"name":"wp","href":"https:\/\/api.w.org\/{rel}","templated":true}]}}