{"id":41060,"date":"2026-04-02T21:43:40","date_gmt":"2026-04-02T18:43:40","guid":{"rendered":"http:\/\/new.ceasuri.md\/shop\/uncategorized\/orient-contemporary-ra-ac0j08b30b\/"},"modified":"2026-04-17T13:30:12","modified_gmt":"2026-04-17T10:30:12","slug":"orient-contemporary-ra-ac0j08b30b","status":"publish","type":"product","link":"https:\/\/ceasuri.md\/ru\/shop\/branduri\/orient\/orient-contemporary-ra-ac0j08b30b\/","title":{"rendered":"Ceas ORIENT CONTEMPORARY RA-AC0J08B30B"},"content":{"rendered":"<p>Orient este un brand japonez de \u00eencredere, bazat pe valori, apreciat de iubitorii modelelor vintage.  Cele mai cunoscute sunt experimentele \u00eendr\u0103zne\u021be din anii &#8217;70 \u00een lumea cadranelor colorate, cu tranzi\u021bii gradate \u0219i calendare multianuale.<\/p>\n<p>De\u0219i fuziunea cu Epson la \u00eenceputul anilor &#8217;70 a adus ceasurile Orient sub aripa puternicei corpora\u021bii Seiko, acestea au r\u0103mas fidele designului japonez \u0219i valorii ridicate, consolid\u00e2ndu-\u0219i pozi\u021bia pe pia\u021ba asiatic\u0103. Dar \u00een Occident, ele r\u0103m\u00e2n un fel de secret care merit\u0103 descoperit.<\/p>\n<p>Orient a cunoscut un av\u00e2nt \u00een anii 2000 datorit\u0103 formei clasice \u0219i calibrelor mecanice ale gamei Bambino, iar ceasurile de scufundare Mako sunt considerate o alternativ\u0103 valoroas\u0103 la omniprezentele Seiko SKX din SUA. La fel ca Seiko, cartea de vizit\u0103 a m\u0103rcii o reprezint\u0103 ceasurile de scufundare puternice, cu mecanisme mecanice fiabile.<\/p>","protected":false},"excerpt":{"rendered":"<p>Orient este un brand japonez de \u00eencredere, bazat pe valori, apreciat de iubitorii modelelor vintage. Cele mai cunoscute sunt experimentele \u00eendr\u0103zne\u021be din anii &#8217;70 \u00een lumea cadranelor colorate, cu tranzi\u021bii gradate \u0219i calendare multianuale. De\u0219i fuziunea cu Epson la \u00eenceputul anilor &#8217;70 a adus ceasurile Orient sub aripa puternicei corpora\u021bii Seiko, acestea au r\u0103mas fidele [&hellip;]<\/p>\n","protected":false},"featured_media":41061,"comment_status":"closed","ping_status":"open","template":"","meta":{"_acf_changed":false},"product_brand":[],"product_cat":[20,596],"product_tag":[],"class_list":{"0":"post-41060","1":"product","2":"type-product","3":"status-publish","4":"has-post-thumbnail","6":"product_cat-ceasuri-barbati","7":"product_cat-orient","8":"pa_brand-orient","9":"pa_braslet-otel-inoxidabil","10":"pa_corpus-42-mm","11":"pa_forma-rotund","12":"pa_funcii-data","13":"pa_garatia-24-luni","14":"pa_korpus-argintiu","15":"pa_material-otel-inoxidabil","16":"pa_mehanizm-mecanic","17":"pa_mehanizm-mecanism-automatic","18":"pa_remeshok-argintiu","19":"pa_steklo-cristal-safir","20":"pa_strana-japonia","21":"pa_voda-5-atm","23":"first","24":"instock","25":"purchasable","26":"product-type-simple"},"acf":[],"_links":{"self":[{"href":"https:\/\/ceasuri.md\/ru\/wp-json\/wp\/v2\/product\/41060","targetHints":{"allow":["GET"]}}],"collection":[{"href":"https:\/\/ceasuri.md\/ru\/wp-json\/wp\/v2\/product"}],"about":[{"href":"https:\/\/ceasuri.md\/ru\/wp-json\/wp\/v2\/types\/product"}],"replies":[{"embeddable":true,"href":"https:\/\/ceasuri.md\/ru\/wp-json\/wp\/v2\/comments?post=41060"}],"wp:featuredmedia":[{"embeddable":true,"href":"https:\/\/ceasuri.md\/ru\/wp-json\/wp\/v2\/media\/41061"}],"wp:attachment":[{"href":"https:\/\/ceasuri.md\/ru\/wp-json\/wp\/v2\/media?parent=41060"}],"wp:term":[{"taxonomy":"product_brand","embeddable":true,"href":"https:\/\/ceasuri.md\/ru\/wp-json\/wp\/v2\/product_brand?post=41060"},{"taxonomy":"product_cat","embeddable":true,"href":"https:\/\/ceasuri.md\/ru\/wp-json\/wp\/v2\/product_cat?post=41060"},{"taxonomy":"product_tag","embeddable":true,"href":"https:\/\/ceasuri.md\/ru\/wp-json\/wp\/v2\/product_tag?post=41060"}],"curies":[{"name":"wp","href":"https:\/\/api.w.org\/{rel}","templated":true}]}}