{"id":41040,"date":"2026-04-02T21:43:40","date_gmt":"2026-04-02T18:43:40","guid":{"rendered":"http:\/\/new.ceasuri.md\/shop\/uncategorized\/casio-collection-ws-2000h-1a\/"},"modified":"2026-04-07T03:59:55","modified_gmt":"2026-04-07T00:59:55","slug":"casio-collection-ws-2000h-1a","status":"publish","type":"product","link":"https:\/\/ceasuri.md\/ru\/shop\/branduri\/casio\/casio-collection-ws-2000h-1a\/","title":{"rendered":"Ceas CASIO COLLECTION WS-2000H-1A"},"content":{"rendered":"<p>Aceste noi modele Casio sunt dotate cu Step Tracker, care poate fi configurat pentru a \u00eencepe s\u0103 v\u0103 numere pa\u0219ii \u00een mod automat ori de c\u00e2te ori \u00eencepe\u021bi s\u0103 alerga\u021bi, s\u0103 alerga\u021bi sau s\u0103 merge\u021bi.<\/p>\n<p>Aceste ceasuri folosesc un accelerometru cu 3 axe care \u00eencepe s\u0103 v\u0103 numere pa\u0219ii automat atunci c\u00e2nd \u00eencepe\u021bi s\u0103 v\u0103 mi\u0219ca\u021bi \u00een timp ce purta\u021bi ceasul. Un grafic de num\u0103rare a pa\u0219ilor de pe afi\u0219aj arat\u0103 num\u0103rul de pa\u0219i pe care i-a\u021bi f\u0103cut \u00een trecut, \u00eempreun\u0103 cu rata de atingere a obiectivului de num\u0103rare a pa\u0219ilor \u0219i num\u0103rul de zile \u00een care a fost atins obiectivul de num\u0103rare a pa\u0219ilor. De asemenea, pute\u021bi p\u0103stra un istoric al num\u0103rului de pa\u0219i pe parcursul ultimelor \u0219apte zile. Memoria este disponibil\u0103 pentru stocarea a p\u00e2n\u0103 la 200 de \u00eenregistr\u0103ri de timp de tur\u0103\/split. \u00cen timpul m\u0103sur\u0103rii timpului scurs, pute\u021bi afi\u0219a at\u00e2t timpul scurs, c\u00e2t \u0219i ora curent\u0103 a zilei, iar o lumin\u0103 LED permite o citire u\u0219oar\u0103 chiar \u0219i pe \u00eentuneric.<\/p>\n<p>Un buton frontal mare, \u00eempreun\u0103 cu crest\u0103turi \u00een relief \u00een partea de sus \u0219i de jos a afi\u0219ajului pentru referin\u021b\u0103 tactil\u0103, permit o operare mai u\u0219oar\u0103 \u0219i f\u0103r\u0103 probleme atunci c\u00e2nd sunte\u021bi \u00een mi\u0219care. Totul la aceste ceasuri este conceput \u0219i proiectat pentru a r\u0103spunde nevoilor moderne ale alerg\u0103torilor de ast\u0103zi.<\/p>","protected":false},"excerpt":{"rendered":"<p>Aceste noi modele Casio sunt dotate cu Step Tracker, care poate fi configurat pentru a \u00eencepe s\u0103 v\u0103 numere pa\u0219ii \u00een mod automat ori de c\u00e2te ori \u00eencepe\u021bi s\u0103 alerga\u021bi, s\u0103 alerga\u021bi sau s\u0103 merge\u021bi. Aceste ceasuri folosesc un accelerometru cu 3 axe care \u00eencepe s\u0103 v\u0103 numere pa\u0219ii automat atunci c\u00e2nd \u00eencepe\u021bi s\u0103 v\u0103 [&hellip;]<\/p>\n","protected":false},"featured_media":41041,"comment_status":"closed","ping_status":"open","template":"","meta":{"_acf_changed":false},"product_brand":[],"product_cat":[27,20],"product_tag":[595,693],"class_list":{"0":"post-41040","1":"product","2":"type-product","3":"status-publish","4":"has-post-thumbnail","6":"product_cat-casio","7":"product_cat-ceasuri-barbati","8":"product_tag-cronograf","9":"product_tag-693","10":"pa_brand-casio","11":"pa_braslet-plastic","12":"pa_corpus-44x49mm","13":"pa_forma-butoi","14":"pa_forma-rotund","15":"pa_funcii-accelerometru","16":"pa_funcii-alarma","17":"pa_funcii-calendar","18":"pa_funcii-cronometru","19":"pa_funcii-dual-time","20":"pa_funcii-iluminare","21":"pa_garatia-24-luni","22":"pa_korpus-gri","23":"pa_material-plastic","24":"pa_mehanizm-electronic","25":"pa_remeshok-negru","26":"pa_steklo-plastic","27":"pa_strana-japonia","28":"pa_voda-10-atm","30":"first","31":"instock","32":"purchasable","33":"product-type-simple"},"acf":[],"_links":{"self":[{"href":"https:\/\/ceasuri.md\/ru\/wp-json\/wp\/v2\/product\/41040","targetHints":{"allow":["GET"]}}],"collection":[{"href":"https:\/\/ceasuri.md\/ru\/wp-json\/wp\/v2\/product"}],"about":[{"href":"https:\/\/ceasuri.md\/ru\/wp-json\/wp\/v2\/types\/product"}],"replies":[{"embeddable":true,"href":"https:\/\/ceasuri.md\/ru\/wp-json\/wp\/v2\/comments?post=41040"}],"wp:featuredmedia":[{"embeddable":true,"href":"https:\/\/ceasuri.md\/ru\/wp-json\/wp\/v2\/media\/41041"}],"wp:attachment":[{"href":"https:\/\/ceasuri.md\/ru\/wp-json\/wp\/v2\/media?parent=41040"}],"wp:term":[{"taxonomy":"product_brand","embeddable":true,"href":"https:\/\/ceasuri.md\/ru\/wp-json\/wp\/v2\/product_brand?post=41040"},{"taxonomy":"product_cat","embeddable":true,"href":"https:\/\/ceasuri.md\/ru\/wp-json\/wp\/v2\/product_cat?post=41040"},{"taxonomy":"product_tag","embeddable":true,"href":"https:\/\/ceasuri.md\/ru\/wp-json\/wp\/v2\/product_tag?post=41040"}],"curies":[{"name":"wp","href":"https:\/\/api.w.org\/{rel}","templated":true}]}}