{"id":41038,"date":"2026-04-02T21:43:40","date_gmt":"2026-04-02T18:43:40","guid":{"rendered":"http:\/\/new.ceasuri.md\/shop\/uncategorized\/casio-collection-ws-1200h-2a\/"},"modified":"2026-04-15T19:37:48","modified_gmt":"2026-04-15T16:37:48","slug":"casio-collection-ws-1200h-2a","status":"publish","type":"product","link":"https:\/\/ceasuri.md\/ru\/shop\/branduri\/casio\/casio-collection-ws-1200h-2a\/","title":{"rendered":"Ceas CASIO COLLECTION WS-1200H-2A"},"content":{"rendered":"<p>Acest ceas are un indicator de pescuit care determin\u0103 ora cea mai potrivit\u0103 pentru pescuit. Simbolurile de pe\u0219te sunt afi\u0219ate pe ecran atunci c\u00e2nd ora este ideal\u0103 pentru pescuit.<\/p>\n<p>Afi\u0219area v\u00e2rstei \u0219i a fazelor lunii. Format de timp de 12 \u0219i 24 de ore. Calendar automat.  Al doilea fus orar. Cronometru cu o precizie de 1\/100 de secund\u0103 \u0219i timp de m\u0103surare p\u00e2n\u0103 la 24 de ore.<\/p>\n<p>Cronometru cu num\u0103r\u0103toare invers\u0103 de la 1 minut la 24 de ore cu repeti\u021bie automat\u0103. Func\u021bie de activare\/dezactivare a sunetului.<\/p>\n<p>3 alarme, dintre care una cu func\u021bie de repetare. Tipuri de alarme: zilnic\u0103, lunar\u0103, \u00een fiecare zi a unei anumite luni, la o anumit\u0103 dat\u0103.<\/p>","protected":false},"excerpt":{"rendered":"<p>Acest ceas are un indicator de pescuit care determin\u0103 ora cea mai potrivit\u0103 pentru pescuit. Simbolurile de pe\u0219te sunt afi\u0219ate pe ecran atunci c\u00e2nd ora este ideal\u0103 pentru pescuit. Afi\u0219area v\u00e2rstei \u0219i a fazelor lunii. Format de timp de 12 \u0219i 24 de ore. Calendar automat. Al doilea fus orar. Cronometru cu o precizie de [&hellip;]<\/p>\n","protected":false},"featured_media":41039,"comment_status":"closed","ping_status":"open","template":"","meta":{"_acf_changed":false},"product_brand":[],"product_cat":[27,20],"product_tag":[595,693],"class_list":{"0":"post-41038","1":"product","2":"type-product","3":"status-publish","4":"has-post-thumbnail","6":"product_cat-casio","7":"product_cat-ceasuri-barbati","8":"product_tag-cronograf","9":"product_tag-693","10":"pa_brand-casio","11":"pa_braslet-plastic","12":"pa_corpus-47-mm","13":"pa_forma-rotund","14":"pa_funcii-alarma","15":"pa_funcii-calendar","16":"pa_funcii-cronometru","17":"pa_funcii-dual-time","18":"pa_funcii-fazele-lunii","19":"pa_funcii-iluminare","20":"pa_garatia-24-luni","21":"pa_korpus-albastru-inchis","22":"pa_kvarc-quartz","23":"pa_material-plastic","24":"pa_mehanizm-electronic","25":"pa_remeshok-albastru-inchis","26":"pa_steklo-plastic","27":"pa_strana-japonia","28":"pa_voda-10-atm","30":"first","31":"instock","32":"purchasable","33":"product-type-simple"},"acf":[],"_links":{"self":[{"href":"https:\/\/ceasuri.md\/ru\/wp-json\/wp\/v2\/product\/41038","targetHints":{"allow":["GET"]}}],"collection":[{"href":"https:\/\/ceasuri.md\/ru\/wp-json\/wp\/v2\/product"}],"about":[{"href":"https:\/\/ceasuri.md\/ru\/wp-json\/wp\/v2\/types\/product"}],"replies":[{"embeddable":true,"href":"https:\/\/ceasuri.md\/ru\/wp-json\/wp\/v2\/comments?post=41038"}],"wp:featuredmedia":[{"embeddable":true,"href":"https:\/\/ceasuri.md\/ru\/wp-json\/wp\/v2\/media\/41039"}],"wp:attachment":[{"href":"https:\/\/ceasuri.md\/ru\/wp-json\/wp\/v2\/media?parent=41038"}],"wp:term":[{"taxonomy":"product_brand","embeddable":true,"href":"https:\/\/ceasuri.md\/ru\/wp-json\/wp\/v2\/product_brand?post=41038"},{"taxonomy":"product_cat","embeddable":true,"href":"https:\/\/ceasuri.md\/ru\/wp-json\/wp\/v2\/product_cat?post=41038"},{"taxonomy":"product_tag","embeddable":true,"href":"https:\/\/ceasuri.md\/ru\/wp-json\/wp\/v2\/product_tag?post=41038"}],"curies":[{"name":"wp","href":"https:\/\/api.w.org\/{rel}","templated":true}]}}