{"id":41030,"date":"2026-04-02T21:43:13","date_gmt":"2026-04-02T18:43:13","guid":{"rendered":"http:\/\/new.ceasuri.md\/shop\/uncategorized\/casio-collection-lws-1100h-8a\/"},"modified":"2026-04-20T00:09:46","modified_gmt":"2026-04-19T21:09:46","slug":"casio-collection-lws-1100h-8a","status":"publish","type":"product","link":"https:\/\/ceasuri.md\/ru\/shop\/branduri\/casio\/casio-collection-lws-1100h-8a\/","title":{"rendered":"\u0427\u0430\u0441\u044b CASIO COLLECTION LWS-1100H-8A"},"content":{"rendered":"<p>Acest ceas v\u0103 va \u00eempodobi \u00eencheietura m\u00e2inii \u0219i v\u0103 va completa perfect look-ul sportiv.<\/p>\n<p>Lumina de fundal electroluminescent\u0103 lumineaz\u0103 \u00eentregul cadran \u0219i continu\u0103 s\u0103 str\u0103luceasc\u0103 pentru o perioad\u0103 de timp dup\u0103 ce butonul este eliberat.<\/p>\n<p>Al doilea fus orar. Format de 12 \u0219i 24 de ore.<\/p>\n<p>Afi\u0219area v\u00e2rstei \u0219i a fazei lunii. Afi\u0219are grafic\u0103 a informa\u021biilor despre maree \u00een func\u021bie de latitudine \u0219i longitudine.<\/p>\n<p>Cronometru cu precizie de 1\/100 de secunde \u0219i timp de m\u0103surare de 24 de ore. Cronograf divizat.<\/p>\n<p>Cronometru cu num\u0103r\u0103toare invers\u0103 de la 1min la 24h cu repetare automat\u0103.<\/p>\n<p>Luneta se rote\u0219te \u00eentr-o singur\u0103 direc\u021bie.<\/p>\n<p>Tipuri de alarme: zilnic\u0103, lunar\u0103, \u00een fiecare zi a unei anumite luni, la o anumit\u0103 dat\u0103. Func\u021bie de activare\/dezactivare a sunetului.<\/p>","protected":false},"excerpt":{"rendered":"<p>Acest ceas v\u0103 va \u00eempodobi \u00eencheietura m\u00e2inii \u0219i v\u0103 va completa perfect look-ul sportiv. Lumina de fundal electroluminescent\u0103 lumineaz\u0103 \u00eentregul cadran \u0219i continu\u0103 s\u0103 str\u0103luceasc\u0103 pentru o perioad\u0103 de timp dup\u0103 ce butonul este eliberat. Al doilea fus orar. Format de 12 \u0219i 24 de ore. Afi\u0219area v\u00e2rstei \u0219i a fazei lunii. Afi\u0219are grafic\u0103 a [&hellip;]<\/p>\n","protected":false},"featured_media":41031,"comment_status":"closed","ping_status":"open","template":"","meta":{"_acf_changed":false},"product_brand":[],"product_cat":[27,25],"product_tag":[595,696],"class_list":{"0":"post-41030","1":"product","2":"type-product","3":"status-publish","4":"has-post-thumbnail","6":"product_cat-casio","7":"product_cat-ceasuri-dama","8":"product_tag-cronograf","9":"product_tag-696","10":"pa_brand-casio","11":"pa_braslet-plastic","12":"pa_corpus-38-mm","13":"pa_forma-rotund","14":"pa_funcii-alarma","15":"pa_funcii-calendar","16":"pa_funcii-cronometru","17":"pa_funcii-dual-time","18":"pa_funcii-fazele-lunii","19":"pa_funcii-iluminare","20":"pa_garatia-24-luni","21":"pa_korpus-gri","22":"pa_kvarc-quartz","23":"pa_material-plastic","24":"pa_mehanizm-electronic","25":"pa_remeshok-gri","26":"pa_steklo-plastic","27":"pa_strana-japonia","28":"pa_voda-10-atm","30":"first","31":"instock","32":"purchasable","33":"product-type-simple"},"acf":[],"_links":{"self":[{"href":"https:\/\/ceasuri.md\/ru\/wp-json\/wp\/v2\/product\/41030","targetHints":{"allow":["GET"]}}],"collection":[{"href":"https:\/\/ceasuri.md\/ru\/wp-json\/wp\/v2\/product"}],"about":[{"href":"https:\/\/ceasuri.md\/ru\/wp-json\/wp\/v2\/types\/product"}],"replies":[{"embeddable":true,"href":"https:\/\/ceasuri.md\/ru\/wp-json\/wp\/v2\/comments?post=41030"}],"wp:featuredmedia":[{"embeddable":true,"href":"https:\/\/ceasuri.md\/ru\/wp-json\/wp\/v2\/media\/41031"}],"wp:attachment":[{"href":"https:\/\/ceasuri.md\/ru\/wp-json\/wp\/v2\/media?parent=41030"}],"wp:term":[{"taxonomy":"product_brand","embeddable":true,"href":"https:\/\/ceasuri.md\/ru\/wp-json\/wp\/v2\/product_brand?post=41030"},{"taxonomy":"product_cat","embeddable":true,"href":"https:\/\/ceasuri.md\/ru\/wp-json\/wp\/v2\/product_cat?post=41030"},{"taxonomy":"product_tag","embeddable":true,"href":"https:\/\/ceasuri.md\/ru\/wp-json\/wp\/v2\/product_tag?post=41030"}],"curies":[{"name":"wp","href":"https:\/\/api.w.org\/{rel}","templated":true}]}}