{"id":41017,"date":"2026-04-02T21:43:13","date_gmt":"2026-04-02T18:43:13","guid":{"rendered":"http:\/\/new.ceasuri.md\/shop\/uncategorized\/casio-edifice-efv-590d-1a\/"},"modified":"2026-04-07T03:59:48","modified_gmt":"2026-04-07T00:59:48","slug":"casio-edifice-efv-590d-1a","status":"publish","type":"product","link":"https:\/\/ceasuri.md\/ru\/shop\/branduri\/casio\/casio-edifice-efv-590d-1a\/","title":{"rendered":"Ceas CASIO EDIFICE  EFV-590D-1A"},"content":{"rendered":"<p>Simplu \u0219i fiabil, acest cronograf este perfect pentru rela\u021bia ta zilnic\u0103 cu timpul.<\/p>\n<p>Stratul antireflex care acumuleaz\u0103 lumin\u0103 asigur\u0103 o str\u0103lucire de lung\u0103 durat\u0103 \u00een \u00eentuneric, chiar \u0219i dup\u0103 o scurt\u0103 expunere la lumin\u0103.<\/p>\n<p>Ceas cronograf cu cronometru cu o precizie de 1\/10s. \u0219i un timp de m\u0103surare de 1h.<\/p>\n<p>Cadran cu fereastr\u0103 pentru dat\u0103.<\/p>\n<p>\u00cencuietoare telescopic\u0103 cu o singur\u0103 atingere.<\/p>","protected":false},"excerpt":{"rendered":"<p>Simplu \u0219i fiabil, acest cronograf este perfect pentru rela\u021bia ta zilnic\u0103 cu timpul. Stratul antireflex care acumuleaz\u0103 lumin\u0103 asigur\u0103 o str\u0103lucire de lung\u0103 durat\u0103 \u00een \u00eentuneric, chiar \u0219i dup\u0103 o scurt\u0103 expunere la lumin\u0103. Ceas cronograf cu cronometru cu o precizie de 1\/10s. \u0219i un timp de m\u0103surare de 1h. Cadran cu fereastr\u0103 pentru dat\u0103. [&hellip;]<\/p>\n","protected":false},"featured_media":41018,"comment_status":"closed","ping_status":"open","template":"","meta":{"_acf_changed":false},"product_brand":[],"product_cat":[27,20,536],"product_tag":[595,693],"class_list":{"0":"post-41017","1":"product","2":"type-product","3":"status-publish","4":"has-post-thumbnail","6":"product_cat-casio","7":"product_cat-ceasuri-barbati","8":"product_cat-edifice","9":"product_tag-cronograf","10":"product_tag-693","11":"pa_brand-casio","12":"pa_brand-edifice","13":"pa_braslet-otel-inoxidabil","14":"pa_corpus-44-mm","15":"pa_forma-rotund","16":"pa_funcii-cronograf","17":"pa_funcii-data","18":"pa_garatia-24-luni","19":"pa_korpus-argintiu","20":"pa_material-otel-inoxidabil","21":"pa_mehanizm-quartz","22":"pa_remeshok-argintiu","23":"pa_steklo-cristal-mineral","24":"pa_strana-japonia","25":"pa_voda-10-atm","27":"first","28":"instock","29":"purchasable","30":"product-type-simple"},"acf":[],"_links":{"self":[{"href":"https:\/\/ceasuri.md\/ru\/wp-json\/wp\/v2\/product\/41017","targetHints":{"allow":["GET"]}}],"collection":[{"href":"https:\/\/ceasuri.md\/ru\/wp-json\/wp\/v2\/product"}],"about":[{"href":"https:\/\/ceasuri.md\/ru\/wp-json\/wp\/v2\/types\/product"}],"replies":[{"embeddable":true,"href":"https:\/\/ceasuri.md\/ru\/wp-json\/wp\/v2\/comments?post=41017"}],"wp:featuredmedia":[{"embeddable":true,"href":"https:\/\/ceasuri.md\/ru\/wp-json\/wp\/v2\/media\/41018"}],"wp:attachment":[{"href":"https:\/\/ceasuri.md\/ru\/wp-json\/wp\/v2\/media?parent=41017"}],"wp:term":[{"taxonomy":"product_brand","embeddable":true,"href":"https:\/\/ceasuri.md\/ru\/wp-json\/wp\/v2\/product_brand?post=41017"},{"taxonomy":"product_cat","embeddable":true,"href":"https:\/\/ceasuri.md\/ru\/wp-json\/wp\/v2\/product_cat?post=41017"},{"taxonomy":"product_tag","embeddable":true,"href":"https:\/\/ceasuri.md\/ru\/wp-json\/wp\/v2\/product_tag?post=41017"}],"curies":[{"name":"wp","href":"https:\/\/api.w.org\/{rel}","templated":true}]}}