{"id":41013,"date":"2026-04-02T21:43:13","date_gmt":"2026-04-02T18:43:13","guid":{"rendered":"http:\/\/new.ceasuri.md\/shop\/uncategorized\/casio-edifice-efr-552d-1avuef\/"},"modified":"2026-04-07T03:59:47","modified_gmt":"2026-04-07T00:59:47","slug":"casio-edifice-efr-552d-1avuef","status":"publish","type":"product","link":"https:\/\/ceasuri.md\/ru\/shop\/branduri\/casio\/casio-edifice-efr-552d-1avuef\/","title":{"rendered":"Ceas CASIO EDIFICE EFR-552D-1AVUEF"},"content":{"rendered":"<p>Ceasurile Edifice sunt concepute pentru a rezista \u00een condi\u021bii extreme \u0219i, prin urmare, sunt extrem de ergonomice \u0219i func\u021bionale.<\/p>\n<p>Ceas cronograf cu cronometru cu o precizie de 1sec \u0219i timp de m\u0103surare de 10min.<\/p>\n<p>Format de timp de 12 \u0219i 24 de ore.<\/p>\n<p>M\u00e2n\u0103 de minute cronograf retrograd.<\/p>\n<p>Coroan\u0103 protejat\u0103.<\/p>\n<p>Partea din spate a carcasei \u00een\u0219urubat\u0103.<\/p>\n<p>\u00cencuietoare telescopic\u0103 cu o singur\u0103 atingere.<\/p>","protected":false},"excerpt":{"rendered":"<p>Ceasurile Edifice sunt concepute pentru a rezista \u00een condi\u021bii extreme \u0219i, prin urmare, sunt extrem de ergonomice \u0219i func\u021bionale. Ceas cronograf cu cronometru cu o precizie de 1sec \u0219i timp de m\u0103surare de 10min. Format de timp de 12 \u0219i 24 de ore. M\u00e2n\u0103 de minute cronograf retrograd. Coroan\u0103 protejat\u0103. Partea din spate a carcasei [&hellip;]<\/p>\n","protected":false},"featured_media":41014,"comment_status":"closed","ping_status":"open","template":"","meta":{"_acf_changed":false},"product_brand":[],"product_cat":[27,20,536],"product_tag":[],"class_list":{"0":"post-41013","1":"product","2":"type-product","3":"status-publish","4":"has-post-thumbnail","6":"product_cat-casio","7":"product_cat-ceasuri-barbati","8":"product_cat-edifice","9":"pa_brand-casio","10":"pa_brand-edifice","11":"pa_braslet-otel-inoxidabil","12":"pa_corpus-47-mm","13":"pa_forma-rotund","14":"pa_funcii-cronograf","15":"pa_funcii-data","16":"pa_garatia-24-luni","17":"pa_korpus-argintiu","18":"pa_material-otel-inoxidabil","19":"pa_mehanizm-quartz","20":"pa_remeshok-argintiu","21":"pa_steklo-cristal-mineral","22":"pa_strana-japonia","23":"pa_voda-10-atm","25":"first","26":"instock","27":"purchasable","28":"product-type-simple"},"acf":[],"_links":{"self":[{"href":"https:\/\/ceasuri.md\/ru\/wp-json\/wp\/v2\/product\/41013","targetHints":{"allow":["GET"]}}],"collection":[{"href":"https:\/\/ceasuri.md\/ru\/wp-json\/wp\/v2\/product"}],"about":[{"href":"https:\/\/ceasuri.md\/ru\/wp-json\/wp\/v2\/types\/product"}],"replies":[{"embeddable":true,"href":"https:\/\/ceasuri.md\/ru\/wp-json\/wp\/v2\/comments?post=41013"}],"wp:featuredmedia":[{"embeddable":true,"href":"https:\/\/ceasuri.md\/ru\/wp-json\/wp\/v2\/media\/41014"}],"wp:attachment":[{"href":"https:\/\/ceasuri.md\/ru\/wp-json\/wp\/v2\/media?parent=41013"}],"wp:term":[{"taxonomy":"product_brand","embeddable":true,"href":"https:\/\/ceasuri.md\/ru\/wp-json\/wp\/v2\/product_brand?post=41013"},{"taxonomy":"product_cat","embeddable":true,"href":"https:\/\/ceasuri.md\/ru\/wp-json\/wp\/v2\/product_cat?post=41013"},{"taxonomy":"product_tag","embeddable":true,"href":"https:\/\/ceasuri.md\/ru\/wp-json\/wp\/v2\/product_tag?post=41013"}],"curies":[{"name":"wp","href":"https:\/\/api.w.org\/{rel}","templated":true}]}}