{"id":41006,"date":"2026-04-02T21:43:13","date_gmt":"2026-04-02T18:43:13","guid":{"rendered":"http:\/\/new.ceasuri.md\/shop\/uncategorized\/fossil-jewelry-jf03524040\/"},"modified":"2026-04-20T00:27:25","modified_gmt":"2026-04-19T21:27:25","slug":"fossil-jewelry-jf03524040","status":"publish","type":"product","link":"https:\/\/ceasuri.md\/ru\/shop\/accesorii\/accesorii-dama\/%d1%81hestionare\/fossil-jewelry-jf03524040\/","title":{"rendered":"FOSSIL JEWELRY JF03524040"},"content":{"rendered":"<p>O colec\u021bie de accesorii \u00een stil clasic &#8211; sofisticate \u0219i cu o not\u0103 de farmec.<\/p>\n<p>Acest stil la mod\u0103 combin\u0103 un design unic, materiale de calitate, tehnologii inovatoare de prelucrare \u0219i de acoperire. Imagine excentric\u0103 \u0219i motive neobi\u0219nuite.<\/p>\n<p>Simbolurile tipice ale m\u0103rcii Fossil completeaz\u0103 aspectul deja special.<\/p>","protected":false},"excerpt":{"rendered":"<p>O colec\u021bie de accesorii \u00een stil clasic &#8211; sofisticate \u0219i cu o not\u0103 de farmec. Acest stil la mod\u0103 combin\u0103 un design unic, materiale de calitate, tehnologii inovatoare de prelucrare \u0219i de acoperire. Imagine excentric\u0103 \u0219i motive neobi\u0219nuite. Simbolurile tipice ale m\u0103rcii Fossil completeaz\u0103 aspectul deja special.<\/p>","protected":false},"featured_media":41007,"comment_status":"closed","ping_status":"open","template":"","meta":{"_acf_changed":false},"product_brand":[],"product_cat":[396,600],"product_tag":[],"class_list":{"0":"post-41006","1":"product","2":"type-product","3":"status-publish","4":"has-post-thumbnail","6":"product_cat-fossil","7":"product_cat-hestionare","8":"pa_brand-fossil","9":"pa_corpus-22-cm","10":"pa_material-otel-inoxidabil","11":"pa_remeshok-argintiu","12":"pa_remeshok-turcoaz","13":"pa_strana-sua","15":"first","16":"instock","17":"purchasable","18":"product-type-simple"},"acf":[],"_links":{"self":[{"href":"https:\/\/ceasuri.md\/ru\/wp-json\/wp\/v2\/product\/41006","targetHints":{"allow":["GET"]}}],"collection":[{"href":"https:\/\/ceasuri.md\/ru\/wp-json\/wp\/v2\/product"}],"about":[{"href":"https:\/\/ceasuri.md\/ru\/wp-json\/wp\/v2\/types\/product"}],"replies":[{"embeddable":true,"href":"https:\/\/ceasuri.md\/ru\/wp-json\/wp\/v2\/comments?post=41006"}],"wp:featuredmedia":[{"embeddable":true,"href":"https:\/\/ceasuri.md\/ru\/wp-json\/wp\/v2\/media\/41007"}],"wp:attachment":[{"href":"https:\/\/ceasuri.md\/ru\/wp-json\/wp\/v2\/media?parent=41006"}],"wp:term":[{"taxonomy":"product_brand","embeddable":true,"href":"https:\/\/ceasuri.md\/ru\/wp-json\/wp\/v2\/product_brand?post=41006"},{"taxonomy":"product_cat","embeddable":true,"href":"https:\/\/ceasuri.md\/ru\/wp-json\/wp\/v2\/product_cat?post=41006"},{"taxonomy":"product_tag","embeddable":true,"href":"https:\/\/ceasuri.md\/ru\/wp-json\/wp\/v2\/product_tag?post=41006"}],"curies":[{"name":"wp","href":"https:\/\/api.w.org\/{rel}","templated":true}]}}