{"id":40766,"date":"2026-04-02T21:41:06","date_gmt":"2026-04-02T18:41:06","guid":{"rendered":"http:\/\/new.ceasuri.md\/shop\/uncategorized\/cover-sandara-crystal-co203-02\/"},"modified":"2026-04-20T00:16:52","modified_gmt":"2026-04-19T21:16:52","slug":"cover-sandara-crystal-co203-02","status":"publish","type":"product","link":"https:\/\/ceasuri.md\/ru\/shop\/branduri\/cover\/cover-sandara-crystal-co203-02\/","title":{"rendered":"\u0427\u0430\u0441\u044b COVER Sandara Crystal CO203.02"},"content":{"rendered":"<p>COVER este o garan\u021bie de \u00eenalt\u0103 calitate, garantat\u0103 de faimoasa marc\u0103 mondial\u0103 SWISS MADE. Standardele \u00eenalte de calitate ale COVER sunt atinse prin utilizarea abilit\u0103\u021bilor tradi\u021bionale \u0219i a solu\u021biilor inovatoare ale unor ceasornicari elve\u021bieni experimenta\u021bi \u0219i prin aplicarea celor mai moderne \u0219i unice instrumente \u00een realizarea tuturor modelelor COVER, asigur\u00e2nd astfel cea mai \u00eenalt\u0103 precizie \u00een ceasornic\u0103rie.<\/p>\n<p>Crearea de ceasuri unice \u0219i captivante reprezint\u0103 nucleul \u00eentreprinderii. La sediul COVER din ora\u0219ul istoric Solothurn, toate ceasurile COVER sunt fabricate manual, pentru o calitate Swiss Made care poate fi sim\u021bit\u0103 \u0219i v\u0103zut\u0103 de la prima vedere. COVER s-a impus cu succes \u00een peste 50 de \u021b\u0103ri din \u00eentreaga lume; este cu adev\u0103rat o marc\u0103 interna\u021bional\u0103 conving\u0103toare.<\/p>","protected":false},"excerpt":{"rendered":"<p>COVER este o garan\u021bie de \u00eenalt\u0103 calitate, garantat\u0103 de faimoasa marc\u0103 mondial\u0103 SWISS MADE. Standardele \u00eenalte de calitate ale COVER sunt atinse prin utilizarea abilit\u0103\u021bilor tradi\u021bionale \u0219i a solu\u021biilor inovatoare ale unor ceasornicari elve\u021bieni experimenta\u021bi \u0219i prin aplicarea celor mai moderne \u0219i unice instrumente \u00een realizarea tuturor modelelor COVER, asigur\u00e2nd astfel cea mai \u00eenalt\u0103 precizie [&hellip;]<\/p>\n","protected":false},"featured_media":40767,"comment_status":"closed","ping_status":"open","template":"","meta":{"_acf_changed":false},"product_brand":[],"product_cat":[25,204],"product_tag":[595,691,692],"class_list":{"0":"post-40766","1":"product","2":"type-product","3":"status-publish","4":"has-post-thumbnail","6":"product_cat-ceasuri-dama","7":"product_cat-cover","8":"product_tag-cronograf","9":"product_tag-691","10":"product_tag-692","11":"pa_brand-cover","12":"pa_braslet-otel-inoxidabil","13":"pa_corpus-28-mm","14":"pa_decor-cristale-swarowski","15":"pa_forma-rotund","16":"pa_garatia-24-luni","17":"pa_korpus-argintiu","18":"pa_kvarc-quartz","19":"pa_material-otel-inoxidabil","20":"pa_mehanizm-quartz","21":"pa_remeshok-argintiu","22":"pa_steklo-cristal-safir","23":"pa_strana-elvetia","24":"pa_voda-5-atm","26":"first","27":"instock","28":"purchasable","29":"product-type-simple"},"acf":[],"_links":{"self":[{"href":"https:\/\/ceasuri.md\/ru\/wp-json\/wp\/v2\/product\/40766","targetHints":{"allow":["GET"]}}],"collection":[{"href":"https:\/\/ceasuri.md\/ru\/wp-json\/wp\/v2\/product"}],"about":[{"href":"https:\/\/ceasuri.md\/ru\/wp-json\/wp\/v2\/types\/product"}],"replies":[{"embeddable":true,"href":"https:\/\/ceasuri.md\/ru\/wp-json\/wp\/v2\/comments?post=40766"}],"wp:featuredmedia":[{"embeddable":true,"href":"https:\/\/ceasuri.md\/ru\/wp-json\/wp\/v2\/media\/40767"}],"wp:attachment":[{"href":"https:\/\/ceasuri.md\/ru\/wp-json\/wp\/v2\/media?parent=40766"}],"wp:term":[{"taxonomy":"product_brand","embeddable":true,"href":"https:\/\/ceasuri.md\/ru\/wp-json\/wp\/v2\/product_brand?post=40766"},{"taxonomy":"product_cat","embeddable":true,"href":"https:\/\/ceasuri.md\/ru\/wp-json\/wp\/v2\/product_cat?post=40766"},{"taxonomy":"product_tag","embeddable":true,"href":"https:\/\/ceasuri.md\/ru\/wp-json\/wp\/v2\/product_tag?post=40766"}],"curies":[{"name":"wp","href":"https:\/\/api.w.org\/{rel}","templated":true}]}}