{"id":40756,"date":"2026-04-02T21:40:41","date_gmt":"2026-04-02T18:40:41","guid":{"rendered":"http:\/\/new.ceasuri.md\/shop\/uncategorized\/cover-chapman-moonstars-gent-co202-03\/"},"modified":"2026-04-20T00:16:50","modified_gmt":"2026-04-19T21:16:50","slug":"cover-chapman-moonstars-gent-co202-03","status":"publish","type":"product","link":"https:\/\/ceasuri.md\/ru\/shop\/branduri\/cover\/cover-chapman-moonstars-gent-co202-03\/","title":{"rendered":"\u0427\u0430\u0441\u044b COVER CHAPMAN MOON&#038;STARS GENT CO202.03"},"content":{"rendered":"<p>Reprezentarea rafinat\u0103 a elegan\u021bei \u0219i stilului. Ceasul pentru b\u0103rba\u021bi COVER Moonphase este ceasul perfect pentru o plimbare de sear\u0103 prin ora\u0219 sau pentru o dup\u0103-amiaz\u0103 la birou. Face parte din colec\u021bia Moon and Stars.<\/p>\n<p>Acest ceas de lux pentru b\u0103rba\u021bi Swiss Made are o carcas\u0103 clasic\u0103 din o\u021bel inoxidabil de form\u0103 rotund\u0103. Indicator de lun\u0103 \u0219i stele \u0219i fereastr\u0103 pentru dat\u0103 la ora 3.<\/p>\n<p>Acest ceas este protejat de un cristal de safir \u0219i este alimentat de o mi\u0219care de cuar\u021b cu baterie elve\u021bian\u0103 pentru o precizie de neegalat.<\/p>\n<p>COVER este un brand elve\u021bian cu o istorie lung\u0103 \u0219i distins\u0103. Marca COVER a fost lansat\u0103 \u00een 1999 de c\u0103tre Chrono AG din Solothurn, Elve\u021bia.<\/p>","protected":false},"excerpt":{"rendered":"<p>Reprezentarea rafinat\u0103 a elegan\u021bei \u0219i stilului. Ceasul pentru b\u0103rba\u021bi COVER Moonphase este ceasul perfect pentru o plimbare de sear\u0103 prin ora\u0219 sau pentru o dup\u0103-amiaz\u0103 la birou. Face parte din colec\u021bia Moon and Stars. Acest ceas de lux pentru b\u0103rba\u021bi Swiss Made are o carcas\u0103 clasic\u0103 din o\u021bel inoxidabil de form\u0103 rotund\u0103. Indicator de lun\u0103 [&hellip;]<\/p>\n","protected":false},"featured_media":40757,"comment_status":"closed","ping_status":"open","template":"","meta":{"_acf_changed":false},"product_brand":[],"product_cat":[20,204],"product_tag":[595,691,692],"class_list":{"0":"post-40756","1":"product","2":"type-product","3":"status-publish","4":"has-post-thumbnail","6":"product_cat-ceasuri-barbati","7":"product_cat-cover","8":"product_tag-cronograf","9":"product_tag-691","10":"product_tag-692","11":"pa_brand-cover","12":"pa_braslet-piele","13":"pa_corpus-41-mm","14":"pa_forma-rotund","15":"pa_funcii-data","16":"pa_funcii-fazele-lunii","17":"pa_garatia-24-luni","18":"pa_korpus-argintiu","19":"pa_kvarc-quartz","20":"pa_material-otel-inoxidabil","21":"pa_mehanizm-quartz","22":"pa_remeshok-maro","23":"pa_steklo-cristal-safir","24":"pa_strana-elvetia","25":"pa_voda-5-atm","27":"first","28":"instock","29":"purchasable","30":"product-type-simple"},"acf":[],"_links":{"self":[{"href":"https:\/\/ceasuri.md\/ru\/wp-json\/wp\/v2\/product\/40756","targetHints":{"allow":["GET"]}}],"collection":[{"href":"https:\/\/ceasuri.md\/ru\/wp-json\/wp\/v2\/product"}],"about":[{"href":"https:\/\/ceasuri.md\/ru\/wp-json\/wp\/v2\/types\/product"}],"replies":[{"embeddable":true,"href":"https:\/\/ceasuri.md\/ru\/wp-json\/wp\/v2\/comments?post=40756"}],"wp:featuredmedia":[{"embeddable":true,"href":"https:\/\/ceasuri.md\/ru\/wp-json\/wp\/v2\/media\/40757"}],"wp:attachment":[{"href":"https:\/\/ceasuri.md\/ru\/wp-json\/wp\/v2\/media?parent=40756"}],"wp:term":[{"taxonomy":"product_brand","embeddable":true,"href":"https:\/\/ceasuri.md\/ru\/wp-json\/wp\/v2\/product_brand?post=40756"},{"taxonomy":"product_cat","embeddable":true,"href":"https:\/\/ceasuri.md\/ru\/wp-json\/wp\/v2\/product_cat?post=40756"},{"taxonomy":"product_tag","embeddable":true,"href":"https:\/\/ceasuri.md\/ru\/wp-json\/wp\/v2\/product_tag?post=40756"}],"curies":[{"name":"wp","href":"https:\/\/api.w.org\/{rel}","templated":true}]}}