{"id":40744,"date":"2026-04-02T21:40:41","date_gmt":"2026-04-02T18:40:41","guid":{"rendered":"http:\/\/new.ceasuri.md\/shop\/uncategorized\/cover-crazy-seconds-rebel-inside-me-set-co1007-01\/"},"modified":"2026-04-20T00:17:36","modified_gmt":"2026-04-19T21:17:36","slug":"cover-crazy-seconds-rebel-inside-me-set-co1007-01","status":"publish","type":"product","link":"https:\/\/ceasuri.md\/ru\/shop\/branduri\/cover\/cover-crazy-seconds-rebel-inside-me-set-co1007-01\/","title":{"rendered":"\u0427\u0430\u0441\u044b COVER CRAZY SECONDS REBEL INSIDE ME SET.CO1007.01"},"content":{"rendered":"<p>Crazy Seconds by Cover este o marc\u0103 de ceasuri elve\u021biene creat\u0103 de femei pentru femei. Oferim ceasuri \u0219i accesorii creative, la mod\u0103 \u0219i amuzante pentru fiecare zi, care aduc un sentiment de unicitate femeii care le poart\u0103, subliniindu-i individualitatea.<\/p>\n<p>Caracteristica unic\u0103 a ceasului este m\u00e2na a doua rotativ\u0103 a modelului original Crazy Seconds, precum \u0219i agrafa recognoscibil\u0103 de pe cureaua ceasului.<\/p>\n<p>Curelele \u0219i agrafele interschimbabile fac ca produsul s\u0103 fie individual \u0219i s\u0103 fie cadoul perfect pentru orice ocazie.<\/p>\n<p>Toate produsele sunt echipate cu o mi\u0219care elve\u021bian\u0103 de \u00eenalt\u0103 calitate \u0219i sunt fabricate din o\u021bel inoxidabil. Crazy Seconds by COVER face parte din compania elve\u021bian\u0103 de ceasuri Chrono AG, o companie independent\u0103 de familie cu o experien\u021b\u0103 de peste 35 de ani \u00een industria ceasurilor.<\/p>\n<p>Toate ceasurile Crazy Seconds by Cover sunt fabricate din o\u021bel inoxidabil &#8211; un material u\u0219or, dar rezistent \u0219i non-alergenic &#8211; precum \u0219i din sticl\u0103 mineral\u0103 \u0219i curele din piele italian\u0103 de \u00eenalt\u0103 calitate. \u00cen func\u021bie de culoarea carcasei ceasului, o\u021belul inoxidabil poate fi simplu sau acoperit cu PVD auriu sau auriu roz.<\/p>\n<p>Pentru toate ceasurile noastre exist\u0103 o br\u0103\u021bar\u0103 asortat\u0103 pentru a completa perfect aspectul. Multe dintre piesele noastre sunt decorate exclusiv cu pietre de cristal.<\/p>","protected":false},"excerpt":{"rendered":"<p>Crazy Seconds by Cover este o marc\u0103 de ceasuri elve\u021biene creat\u0103 de femei pentru femei. Oferim ceasuri \u0219i accesorii creative, la mod\u0103 \u0219i amuzante pentru fiecare zi, care aduc un sentiment de unicitate femeii care le poart\u0103, subliniindu-i individualitatea. Caracteristica unic\u0103 a ceasului este m\u00e2na a doua rotativ\u0103 a modelului original Crazy Seconds, precum \u0219i [&hellip;]<\/p>\n","protected":false},"featured_media":40745,"comment_status":"closed","ping_status":"open","template":"","meta":{"_acf_changed":false},"product_brand":[],"product_cat":[25,204],"product_tag":[595,691,692],"class_list":{"0":"post-40744","1":"product","2":"type-product","3":"status-publish","4":"has-post-thumbnail","6":"product_cat-ceasuri-dama","7":"product_cat-cover","8":"product_tag-cronograf","9":"product_tag-691","10":"product_tag-692","11":"pa_brand-cover","12":"pa_braslet-piele","13":"pa_corpus-34-mm","14":"pa_decor-cristale-swarowski","15":"pa_forma-rotund","16":"pa_funcii-set-cadou","17":"pa_garatia-24-luni","18":"pa_korpus-argintiu","19":"pa_kvarc-quartz","20":"pa_material-otel-inoxidabil","21":"pa_mehanizm-quartz","22":"pa_remeshok-rosu","23":"pa_steklo-cristal-mineral","24":"pa_strana-elvetia","25":"pa_voda-5-atm","27":"first","28":"instock","29":"purchasable","30":"product-type-simple"},"acf":[],"_links":{"self":[{"href":"https:\/\/ceasuri.md\/ru\/wp-json\/wp\/v2\/product\/40744","targetHints":{"allow":["GET"]}}],"collection":[{"href":"https:\/\/ceasuri.md\/ru\/wp-json\/wp\/v2\/product"}],"about":[{"href":"https:\/\/ceasuri.md\/ru\/wp-json\/wp\/v2\/types\/product"}],"replies":[{"embeddable":true,"href":"https:\/\/ceasuri.md\/ru\/wp-json\/wp\/v2\/comments?post=40744"}],"wp:featuredmedia":[{"embeddable":true,"href":"https:\/\/ceasuri.md\/ru\/wp-json\/wp\/v2\/media\/40745"}],"wp:attachment":[{"href":"https:\/\/ceasuri.md\/ru\/wp-json\/wp\/v2\/media?parent=40744"}],"wp:term":[{"taxonomy":"product_brand","embeddable":true,"href":"https:\/\/ceasuri.md\/ru\/wp-json\/wp\/v2\/product_brand?post=40744"},{"taxonomy":"product_cat","embeddable":true,"href":"https:\/\/ceasuri.md\/ru\/wp-json\/wp\/v2\/product_cat?post=40744"},{"taxonomy":"product_tag","embeddable":true,"href":"https:\/\/ceasuri.md\/ru\/wp-json\/wp\/v2\/product_tag?post=40744"}],"curies":[{"name":"wp","href":"https:\/\/api.w.org\/{rel}","templated":true}]}}