{"id":40689,"date":"2026-04-02T21:40:17","date_gmt":"2026-04-02T18:40:17","guid":{"rendered":"http:\/\/new.ceasuri.md\/shop\/uncategorized\/orient-contemporary-rf-qd0002b10b\/"},"modified":"2026-04-17T13:30:34","modified_gmt":"2026-04-17T10:30:34","slug":"orient-contemporary-rf-qd0002b10b","status":"publish","type":"product","link":"https:\/\/ceasuri.md\/ru\/shop\/branduri\/orient\/orient-contemporary-rf-qd0002b10b\/","title":{"rendered":"Ceas ORIENT CONTEMPORARY RF-QD0002B10B"},"content":{"rendered":"<p>Ceas cu cuar\u021b. Ceasuri centrale pentru ore, minute \u0219i secunde.<\/p>\n<p>Afi\u0219aj data. Cadran negru cu markeri de ore cu linii punctate.<\/p>\n<p>Carcas\u0103 din o\u021bel inoxidabil cu acoperire IP. Diametrul carcasei este de 39 mm.<\/p>\n<p>Cristal mineral rezistent la zg\u00e2rieturi. Curea din piele neagr\u0103. \u00cenchidere din o\u021bel.<\/p>\n<p>Rezistent la ap\u0103 WR 30.<\/p>","protected":false},"excerpt":{"rendered":"<p>Ceas cu cuar\u021b. Ceasuri centrale pentru ore, minute \u0219i secunde. Afi\u0219aj data. Cadran negru cu markeri de ore cu linii punctate. Carcas\u0103 din o\u021bel inoxidabil cu acoperire IP. Diametrul carcasei este de 39 mm. Cristal mineral rezistent la zg\u00e2rieturi. Curea din piele neagr\u0103. \u00cenchidere din o\u021bel. Rezistent la ap\u0103 WR 30.<\/p>","protected":false},"featured_media":40690,"comment_status":"closed","ping_status":"open","template":"","meta":{"_acf_changed":false},"product_brand":[],"product_cat":[20,596],"product_tag":[595,691,696,692],"class_list":{"0":"post-40689","1":"product","2":"type-product","3":"status-publish","4":"has-post-thumbnail","6":"product_cat-ceasuri-barbati","7":"product_cat-orient","8":"product_tag-cronograf","9":"product_tag-691","10":"product_tag-696","11":"product_tag-692","12":"pa_brand-orient","13":"pa_braslet-piele","14":"pa_corpus-39-mm","15":"pa_forma-rotund","16":"pa_funcii-data","17":"pa_garatia-24-luni","18":"pa_korpus-auriu","19":"pa_kvarc-quartz","20":"pa_material-otel-inoxidabil","21":"pa_mehanizm-quartz","22":"pa_remeshok-negru","23":"pa_steklo-cristal-mineral","24":"pa_strana-japonia","25":"pa_voda-3-atm","27":"first","28":"instock","29":"purchasable","30":"product-type-simple"},"acf":[],"_links":{"self":[{"href":"https:\/\/ceasuri.md\/ru\/wp-json\/wp\/v2\/product\/40689","targetHints":{"allow":["GET"]}}],"collection":[{"href":"https:\/\/ceasuri.md\/ru\/wp-json\/wp\/v2\/product"}],"about":[{"href":"https:\/\/ceasuri.md\/ru\/wp-json\/wp\/v2\/types\/product"}],"replies":[{"embeddable":true,"href":"https:\/\/ceasuri.md\/ru\/wp-json\/wp\/v2\/comments?post=40689"}],"wp:featuredmedia":[{"embeddable":true,"href":"https:\/\/ceasuri.md\/ru\/wp-json\/wp\/v2\/media\/40690"}],"wp:attachment":[{"href":"https:\/\/ceasuri.md\/ru\/wp-json\/wp\/v2\/media?parent=40689"}],"wp:term":[{"taxonomy":"product_brand","embeddable":true,"href":"https:\/\/ceasuri.md\/ru\/wp-json\/wp\/v2\/product_brand?post=40689"},{"taxonomy":"product_cat","embeddable":true,"href":"https:\/\/ceasuri.md\/ru\/wp-json\/wp\/v2\/product_cat?post=40689"},{"taxonomy":"product_tag","embeddable":true,"href":"https:\/\/ceasuri.md\/ru\/wp-json\/wp\/v2\/product_tag?post=40689"}],"curies":[{"name":"wp","href":"https:\/\/api.w.org\/{rel}","templated":true}]}}