{"id":40683,"date":"2026-04-02T21:40:17","date_gmt":"2026-04-02T18:40:17","guid":{"rendered":"http:\/\/new.ceasuri.md\/shop\/uncategorized\/orient-contemporary-rf-qa0003g10b\/"},"modified":"2026-04-15T19:35:04","modified_gmt":"2026-04-15T16:35:04","slug":"orient-contemporary-rf-qa0003g10b","status":"publish","type":"product","link":"https:\/\/ceasuri.md\/ru\/shop\/branduri\/orient\/orient-contemporary-rf-qa0003g10b\/","title":{"rendered":"Ceas ORIENT CONTEMPORARY RF-QA0003G10B"},"content":{"rendered":"<p>Ceas de dam\u0103 cu cuar\u021b de 30,0 mm cu carcas\u0103 din o\u021bel inoxidabil auriu \u0219i curea din piele natural\u0103 cu model crocodil \u0219i cadran auriu.<\/p>\n<p>Designul sofisticat este completat de o fereastr\u0103 practic\u0103 pentru dat\u0103 \u0219i de m\u00e2ini \u0219i indicatoare orare elegante.<\/p>\n<p>Este rezistent la ap\u0103 p\u00e2n\u0103 la 30 de metri.<\/p>","protected":false},"excerpt":{"rendered":"<p>Ceas de dam\u0103 cu cuar\u021b de 30,0 mm cu carcas\u0103 din o\u021bel inoxidabil auriu \u0219i curea din piele natural\u0103 cu model crocodil \u0219i cadran auriu. Designul sofisticat este completat de o fereastr\u0103 practic\u0103 pentru dat\u0103 \u0219i de m\u00e2ini \u0219i indicatoare orare elegante. Este rezistent la ap\u0103 p\u00e2n\u0103 la 30 de metri.<\/p>","protected":false},"featured_media":40684,"comment_status":"closed","ping_status":"open","template":"","meta":{"_acf_changed":false},"product_brand":[],"product_cat":[25,596],"product_tag":[595,691,696,692],"class_list":{"0":"post-40683","1":"product","2":"type-product","3":"status-publish","4":"has-post-thumbnail","6":"product_cat-ceasuri-dama","7":"product_cat-orient","8":"product_tag-cronograf","9":"product_tag-691","10":"product_tag-696","11":"product_tag-692","12":"pa_brand-orient","13":"pa_braslet-piele","14":"pa_corpus-30-mm","15":"pa_forma-rotund","16":"pa_funcii-data","17":"pa_garatia-24-luni","18":"pa_korpus-auriu","19":"pa_kvarc-quartz","20":"pa_material-otel-inoxidabil","21":"pa_mehanizm-quartz","22":"pa_remeshok-bej","23":"pa_steklo-cristal-mineral","24":"pa_strana-japonia","25":"pa_voda-3-atm","27":"first","28":"instock","29":"purchasable","30":"product-type-simple"},"acf":[],"_links":{"self":[{"href":"https:\/\/ceasuri.md\/ru\/wp-json\/wp\/v2\/product\/40683","targetHints":{"allow":["GET"]}}],"collection":[{"href":"https:\/\/ceasuri.md\/ru\/wp-json\/wp\/v2\/product"}],"about":[{"href":"https:\/\/ceasuri.md\/ru\/wp-json\/wp\/v2\/types\/product"}],"replies":[{"embeddable":true,"href":"https:\/\/ceasuri.md\/ru\/wp-json\/wp\/v2\/comments?post=40683"}],"wp:featuredmedia":[{"embeddable":true,"href":"https:\/\/ceasuri.md\/ru\/wp-json\/wp\/v2\/media\/40684"}],"wp:attachment":[{"href":"https:\/\/ceasuri.md\/ru\/wp-json\/wp\/v2\/media?parent=40683"}],"wp:term":[{"taxonomy":"product_brand","embeddable":true,"href":"https:\/\/ceasuri.md\/ru\/wp-json\/wp\/v2\/product_brand?post=40683"},{"taxonomy":"product_cat","embeddable":true,"href":"https:\/\/ceasuri.md\/ru\/wp-json\/wp\/v2\/product_cat?post=40683"},{"taxonomy":"product_tag","embeddable":true,"href":"https:\/\/ceasuri.md\/ru\/wp-json\/wp\/v2\/product_tag?post=40683"}],"curies":[{"name":"wp","href":"https:\/\/api.w.org\/{rel}","templated":true}]}}