{"id":40653,"date":"2026-04-02T21:39:47","date_gmt":"2026-04-02T18:39:47","guid":{"rendered":"http:\/\/new.ceasuri.md\/shop\/uncategorized\/orient-sports-ra-ak0405y30b\/"},"modified":"2026-04-20T00:35:39","modified_gmt":"2026-04-19T21:35:39","slug":"orient-sports-ra-ak0405y30b","status":"publish","type":"product","link":"https:\/\/ceasuri.md\/ru\/shop\/branduri\/orient\/orient-sports-ra-ak0405y30b\/","title":{"rendered":"\u0427\u0430\u0441\u044b ORIENT SPORTS RA-AK0405Y30B"},"content":{"rendered":"<p>Acest ceas sportiv mecanic de 42,4 mm prezint\u0103 o carcas\u0103 \u0219i o band\u0103, un cadran \u0219i o coroan\u0103 \u00een\u0219urubat\u0103 din o\u021bel inoxidabil pentru a maximiza rezisten\u021ba la ap\u0103.<\/p>\n<p>Caracteristicile deosebite includ un subcadran de 24 de ore, un subcadran pentru zilele s\u0103pt\u0103m\u00e2nii, m\u00e2ini \u0219i indicatoare de ore albe \u0219i o deschidere convenabil\u0103 pentru dat\u0103.<\/p>\n<p>Inelul de capitol al ceasului este finisat cu un design cu marcaj ha\u0219urat pentru o urm\u0103rire specific\u0103 \u0219i u\u0219oar\u0103 a timpului.<\/p>\n<p>Acesta o rezisten\u021b\u0103 la ap\u0103 de 100 de metri.<\/p>","protected":false},"excerpt":{"rendered":"<p>Acest ceas sportiv mecanic de 42,4 mm prezint\u0103 o carcas\u0103 \u0219i o band\u0103, un cadran \u0219i o coroan\u0103 \u00een\u0219urubat\u0103 din o\u021bel inoxidabil pentru a maximiza rezisten\u021ba la ap\u0103. Caracteristicile deosebite includ un subcadran de 24 de ore, un subcadran pentru zilele s\u0103pt\u0103m\u00e2nii, m\u00e2ini \u0219i indicatoare de ore albe \u0219i o deschidere convenabil\u0103 pentru dat\u0103. Inelul [&hellip;]<\/p>\n","protected":false},"featured_media":40654,"comment_status":"closed","ping_status":"open","template":"","meta":{"_acf_changed":false},"product_brand":[],"product_cat":[20,596],"product_tag":[595,693],"class_list":{"0":"post-40653","1":"product","2":"type-product","3":"status-publish","4":"has-post-thumbnail","6":"product_cat-ceasuri-barbati","7":"product_cat-orient","8":"product_tag-cronograf","9":"product_tag-693","10":"pa_brand-orient","11":"pa_braslet-piele","12":"pa_corpus-42-mm","13":"pa_forma-rotund","14":"pa_funcii-data","15":"pa_funcii-ziua-saptamanii","16":"pa_garatia-24-luni","17":"pa_korpus-argintiu","18":"pa_material-otel-inoxidabil","19":"pa_mehanizm-mecanic","20":"pa_mehanizm-mecanism-automatic","21":"pa_remeshok-maro","22":"pa_steklo-cristal-mineral","23":"pa_strana-japonia","24":"pa_voda-10-atm","26":"first","27":"instock","28":"purchasable","29":"product-type-simple"},"acf":[],"_links":{"self":[{"href":"https:\/\/ceasuri.md\/ru\/wp-json\/wp\/v2\/product\/40653","targetHints":{"allow":["GET"]}}],"collection":[{"href":"https:\/\/ceasuri.md\/ru\/wp-json\/wp\/v2\/product"}],"about":[{"href":"https:\/\/ceasuri.md\/ru\/wp-json\/wp\/v2\/types\/product"}],"replies":[{"embeddable":true,"href":"https:\/\/ceasuri.md\/ru\/wp-json\/wp\/v2\/comments?post=40653"}],"wp:featuredmedia":[{"embeddable":true,"href":"https:\/\/ceasuri.md\/ru\/wp-json\/wp\/v2\/media\/40654"}],"wp:attachment":[{"href":"https:\/\/ceasuri.md\/ru\/wp-json\/wp\/v2\/media?parent=40653"}],"wp:term":[{"taxonomy":"product_brand","embeddable":true,"href":"https:\/\/ceasuri.md\/ru\/wp-json\/wp\/v2\/product_brand?post=40653"},{"taxonomy":"product_cat","embeddable":true,"href":"https:\/\/ceasuri.md\/ru\/wp-json\/wp\/v2\/product_cat?post=40653"},{"taxonomy":"product_tag","embeddable":true,"href":"https:\/\/ceasuri.md\/ru\/wp-json\/wp\/v2\/product_tag?post=40653"}],"curies":[{"name":"wp","href":"https:\/\/api.w.org\/{rel}","templated":true}]}}