{"id":40649,"date":"2026-04-02T21:39:47","date_gmt":"2026-04-02T18:39:47","guid":{"rendered":"http:\/\/new.ceasuri.md\/shop\/uncategorized\/orient-contemporary-ra-ac0f06l30b\/"},"modified":"2026-04-07T03:57:42","modified_gmt":"2026-04-07T00:57:42","slug":"orient-contemporary-ra-ac0f06l30b","status":"publish","type":"product","link":"https:\/\/ceasuri.md\/ru\/shop\/branduri\/orient\/orient-contemporary-ra-ac0f06l30b\/","title":{"rendered":"Ceas ORIENT CONTEMPORARY RA-AC0F06L30B"},"content":{"rendered":"<p>Nou Propulsat de un Calibru automat F6722 de fabrica\u021bie proprie.<\/p>\n<p>Acest nou ceas echilibreaz\u0103 \u00een mod expert o mi\u0219care mecanic\u0103 de precizie cu un design modern \u0219i combina\u021bii de culori.<\/p>\n<p>Un spate al carcasei transparent \u00eembun\u0103t\u0103\u021be\u0219te designul estetic rafinat.<\/p>\n<p>Acest ceas o rezisten\u021b\u0103 la ap\u0103 de 50 de metri.<\/p>","protected":false},"excerpt":{"rendered":"<p>Nou Propulsat de un Calibru automat F6722 de fabrica\u021bie proprie. Acest nou ceas echilibreaz\u0103 \u00een mod expert o mi\u0219care mecanic\u0103 de precizie cu un design modern \u0219i combina\u021bii de culori. Un spate al carcasei transparent \u00eembun\u0103t\u0103\u021be\u0219te designul estetic rafinat. Acest ceas o rezisten\u021b\u0103 la ap\u0103 de 50 de metri.<\/p>","protected":false},"featured_media":40650,"comment_status":"closed","ping_status":"open","template":"","meta":{"_acf_changed":false},"product_brand":[],"product_cat":[20,596],"product_tag":[595,693],"class_list":{"0":"post-40649","1":"product","2":"type-product","3":"status-publish","4":"has-post-thumbnail","6":"product_cat-ceasuri-barbati","7":"product_cat-orient","8":"product_tag-cronograf","9":"product_tag-693","10":"pa_brand-orient","11":"pa_braslet-piele","12":"pa_corpus-42-mm","13":"pa_forma-rotund","14":"pa_funcii-data","15":"pa_garatia-24-luni","16":"pa_korpus-argintiu","17":"pa_material-otel-inoxidabil","18":"pa_mehanizm-mecanic","19":"pa_mehanizm-mecanism-automatic","20":"pa_remeshok-albastru-inchis","21":"pa_steklo-cristal-mineral","22":"pa_strana-japonia","23":"pa_voda-5-atm","25":"first","26":"instock","27":"purchasable","28":"product-type-simple"},"acf":[],"_links":{"self":[{"href":"https:\/\/ceasuri.md\/ru\/wp-json\/wp\/v2\/product\/40649","targetHints":{"allow":["GET"]}}],"collection":[{"href":"https:\/\/ceasuri.md\/ru\/wp-json\/wp\/v2\/product"}],"about":[{"href":"https:\/\/ceasuri.md\/ru\/wp-json\/wp\/v2\/types\/product"}],"replies":[{"embeddable":true,"href":"https:\/\/ceasuri.md\/ru\/wp-json\/wp\/v2\/comments?post=40649"}],"wp:featuredmedia":[{"embeddable":true,"href":"https:\/\/ceasuri.md\/ru\/wp-json\/wp\/v2\/media\/40650"}],"wp:attachment":[{"href":"https:\/\/ceasuri.md\/ru\/wp-json\/wp\/v2\/media?parent=40649"}],"wp:term":[{"taxonomy":"product_brand","embeddable":true,"href":"https:\/\/ceasuri.md\/ru\/wp-json\/wp\/v2\/product_brand?post=40649"},{"taxonomy":"product_cat","embeddable":true,"href":"https:\/\/ceasuri.md\/ru\/wp-json\/wp\/v2\/product_cat?post=40649"},{"taxonomy":"product_tag","embeddable":true,"href":"https:\/\/ceasuri.md\/ru\/wp-json\/wp\/v2\/product_tag?post=40649"}],"curies":[{"name":"wp","href":"https:\/\/api.w.org\/{rel}","templated":true}]}}