{"id":40634,"date":"2026-04-02T21:39:47","date_gmt":"2026-04-02T18:39:47","guid":{"rendered":"http:\/\/new.ceasuri.md\/shop\/uncategorized\/orient-contemporary-ra-ac0f01b30b\/"},"modified":"2026-04-17T13:40:43","modified_gmt":"2026-04-17T10:40:43","slug":"orient-contemporary-ra-ac0f01b30b","status":"publish","type":"product","link":"https:\/\/ceasuri.md\/ru\/shop\/branduri\/orient\/orient-contemporary-ra-ac0f01b30b\/","title":{"rendered":"Ceas ORIENT CONTEMPORARY RA-AC0F01B30B"},"content":{"rendered":"<p>Noutatea este echipat\u0103 cu calibrul automat F6722 de produc\u021bie proprie. <\/p>\n<p>\u00cen acest ceas, mecanismul mecanic precis se combin\u0103 perfect cu designul modern \u0219i solu\u021biile cromatice. <\/p>\n<p>Capacul transparent al carcasei subliniaz\u0103 designul estetic rafinat. <\/p>\n<p>Ceasul este rezistent la ap\u0103 p\u00e2n\u0103 la 50 de metri.<\/p>","protected":false},"excerpt":{"rendered":"<p>Noutatea este echipat\u0103 cu calibrul automat F6722 de produc\u021bie proprie. \u00cen acest ceas, mecanismul mecanic precis se combin\u0103 perfect cu designul modern \u0219i solu\u021biile cromatice. Capacul transparent al carcasei subliniaz\u0103 designul estetic rafinat. Ceasul este rezistent la ap\u0103 p\u00e2n\u0103 la 50 de metri.<\/p>","protected":false},"featured_media":40635,"comment_status":"closed","ping_status":"open","template":"","meta":{"_acf_changed":false},"product_brand":[],"product_cat":[20,596],"product_tag":[595,693],"class_list":{"0":"post-40634","1":"product","2":"type-product","3":"status-publish","4":"has-post-thumbnail","6":"product_cat-ceasuri-barbati","7":"product_cat-orient","8":"product_tag-cronograf","9":"product_tag-693","10":"pa_brand-orient","11":"pa_braslet-otel-inoxidabil","12":"pa_corpus-42-mm","13":"pa_forma-rotund","14":"pa_funcii-data","15":"pa_garatia-24-luni","16":"pa_korpus-argintiu","17":"pa_material-otel-inoxidabil","18":"pa_mehanizm-mecanic","19":"pa_mehanizm-mecanism-automatic","20":"pa_remeshok-argintiu","21":"pa_steklo-cristal-mineral","22":"pa_strana-japonia","23":"pa_voda-5-atm","25":"first","26":"instock","27":"purchasable","28":"product-type-simple"},"acf":[],"_links":{"self":[{"href":"https:\/\/ceasuri.md\/ru\/wp-json\/wp\/v2\/product\/40634","targetHints":{"allow":["GET"]}}],"collection":[{"href":"https:\/\/ceasuri.md\/ru\/wp-json\/wp\/v2\/product"}],"about":[{"href":"https:\/\/ceasuri.md\/ru\/wp-json\/wp\/v2\/types\/product"}],"replies":[{"embeddable":true,"href":"https:\/\/ceasuri.md\/ru\/wp-json\/wp\/v2\/comments?post=40634"}],"wp:featuredmedia":[{"embeddable":true,"href":"https:\/\/ceasuri.md\/ru\/wp-json\/wp\/v2\/media\/40635"}],"wp:attachment":[{"href":"https:\/\/ceasuri.md\/ru\/wp-json\/wp\/v2\/media?parent=40634"}],"wp:term":[{"taxonomy":"product_brand","embeddable":true,"href":"https:\/\/ceasuri.md\/ru\/wp-json\/wp\/v2\/product_brand?post=40634"},{"taxonomy":"product_cat","embeddable":true,"href":"https:\/\/ceasuri.md\/ru\/wp-json\/wp\/v2\/product_cat?post=40634"},{"taxonomy":"product_tag","embeddable":true,"href":"https:\/\/ceasuri.md\/ru\/wp-json\/wp\/v2\/product_tag?post=40634"}],"curies":[{"name":"wp","href":"https:\/\/api.w.org\/{rel}","templated":true}]}}