{"id":40622,"date":"2026-04-02T21:39:16","date_gmt":"2026-04-02T18:39:16","guid":{"rendered":"http:\/\/new.ceasuri.md\/shop\/uncategorized\/orient-contemporary-ra-ac0e01b30b\/"},"modified":"2026-04-07T03:57:36","modified_gmt":"2026-04-07T00:57:36","slug":"orient-contemporary-ra-ac0e01b30b","status":"publish","type":"product","link":"https:\/\/ceasuri.md\/ru\/shop\/branduri\/orient\/orient-contemporary-ra-ac0e01b30b\/","title":{"rendered":"Ceas ORIENT CONTEMPORARY RA-AC0E01B30B"},"content":{"rendered":"<p>Acest ceas ORIENT de 40,0 mm prezint\u0103 o carcas\u0103 \u0219i o band\u0103 din o\u021bel inoxidabil cu un cadran negru elegant.<\/p>\n<p>\u00cen completarea designului s\u0103u sofisticat se afl\u0103 un orificiu convenabil pentru dat\u0103, m\u00e2ini \u0219i indicatoare de ore argintii atractive \u0219i o coroan\u0103 cu \u00eenf\u0103\u0219urare manual\u0103 cu func\u021bionalitate automat\u0103.<\/p>\n<p>Ceasul suport\u0103 un timp de func\u021bionare continu\u0103 de 40 de ore \u0219i o rezisten\u021b\u0103 la ap\u0103 de 100 de metri.<\/p>","protected":false},"excerpt":{"rendered":"<p>Acest ceas ORIENT de 40,0 mm prezint\u0103 o carcas\u0103 \u0219i o band\u0103 din o\u021bel inoxidabil cu un cadran negru elegant. \u00cen completarea designului s\u0103u sofisticat se afl\u0103 un orificiu convenabil pentru dat\u0103, m\u00e2ini \u0219i indicatoare de ore argintii atractive \u0219i o coroan\u0103 cu \u00eenf\u0103\u0219urare manual\u0103 cu func\u021bionalitate automat\u0103. Ceasul suport\u0103 un timp de func\u021bionare continu\u0103 [&hellip;]<\/p>\n","protected":false},"featured_media":40623,"comment_status":"closed","ping_status":"open","template":"","meta":{"_acf_changed":false},"product_brand":[],"product_cat":[20,596],"product_tag":[595,693],"class_list":{"0":"post-40622","1":"product","2":"type-product","3":"status-publish","4":"has-post-thumbnail","6":"product_cat-ceasuri-barbati","7":"product_cat-orient","8":"product_tag-cronograf","9":"product_tag-693","10":"pa_brand-orient","11":"pa_braslet-otel-inoxidabil","12":"pa_corpus-40-mm","13":"pa_forma-rotund","14":"pa_funcii-data","15":"pa_garatia-24-luni","16":"pa_korpus-argintiu","17":"pa_material-otel-inoxidabil","18":"pa_mehanizm-mecanic","19":"pa_mehanizm-mecanism-automatic","20":"pa_remeshok-argintiu","21":"pa_steklo-cristal-mineral","22":"pa_strana-japonia","23":"pa_voda-10-atm","25":"first","26":"instock","27":"purchasable","28":"product-type-simple"},"acf":[],"_links":{"self":[{"href":"https:\/\/ceasuri.md\/ru\/wp-json\/wp\/v2\/product\/40622","targetHints":{"allow":["GET"]}}],"collection":[{"href":"https:\/\/ceasuri.md\/ru\/wp-json\/wp\/v2\/product"}],"about":[{"href":"https:\/\/ceasuri.md\/ru\/wp-json\/wp\/v2\/types\/product"}],"replies":[{"embeddable":true,"href":"https:\/\/ceasuri.md\/ru\/wp-json\/wp\/v2\/comments?post=40622"}],"wp:featuredmedia":[{"embeddable":true,"href":"https:\/\/ceasuri.md\/ru\/wp-json\/wp\/v2\/media\/40623"}],"wp:attachment":[{"href":"https:\/\/ceasuri.md\/ru\/wp-json\/wp\/v2\/media?parent=40622"}],"wp:term":[{"taxonomy":"product_brand","embeddable":true,"href":"https:\/\/ceasuri.md\/ru\/wp-json\/wp\/v2\/product_brand?post=40622"},{"taxonomy":"product_cat","embeddable":true,"href":"https:\/\/ceasuri.md\/ru\/wp-json\/wp\/v2\/product_cat?post=40622"},{"taxonomy":"product_tag","embeddable":true,"href":"https:\/\/ceasuri.md\/ru\/wp-json\/wp\/v2\/product_tag?post=40622"}],"curies":[{"name":"wp","href":"https:\/\/api.w.org\/{rel}","templated":true}]}}