{"id":40587,"date":"2026-04-02T21:39:16","date_gmt":"2026-04-02T18:39:16","guid":{"rendered":"http:\/\/new.ceasuri.md\/shop\/uncategorized\/orient-contemporary-ra-aa0c03s39b\/"},"modified":"2026-04-16T21:16:04","modified_gmt":"2026-04-16T18:16:04","slug":"orient-contemporary-ra-aa0c03s39b","status":"publish","type":"product","link":"https:\/\/ceasuri.md\/ru\/shop\/branduri\/orient\/orient-contemporary-ra-aa0c03s39b\/","title":{"rendered":"Ceas ORIENT RA-AA0C03S19B Contemporary RA-AA0C03S39B"},"content":{"rendered":"<p>Un ceas mecanic Orient cu zi \u0219i dat\u0103.  Nou Propulsat de un Calibru automat F6922 de fabrica\u021bie proprie.<\/p>\n<p>Acest nou ceas echilibreaz\u0103 \u00een mod expert o mi\u0219care mecanic\u0103 de precizie cu un design modern \u0219i combina\u021bii de culori.  Un spate atractiv al carcasei transparent \u00eembun\u0103t\u0103\u021be\u0219te designul estetic rafinat.<\/p>\n<p>Acest ceas o rezisten\u021b\u0103 la ap\u0103 de 50 de metri.<\/p>","protected":false},"excerpt":{"rendered":"<p>Un ceas mecanic Orient cu zi \u0219i dat\u0103. Nou Propulsat de un Calibru automat F6922 de fabrica\u021bie proprie. Acest nou ceas echilibreaz\u0103 \u00een mod expert o mi\u0219care mecanic\u0103 de precizie cu un design modern \u0219i combina\u021bii de culori. Un spate atractiv al carcasei transparent \u00eembun\u0103t\u0103\u021be\u0219te designul estetic rafinat. Acest ceas o rezisten\u021b\u0103 la ap\u0103 de [&hellip;]<\/p>\n","protected":false},"featured_media":40588,"comment_status":"closed","ping_status":"open","template":"","meta":{"_acf_changed":false},"product_brand":[],"product_cat":[20,596],"product_tag":[595,693],"class_list":{"0":"post-40587","1":"product","2":"type-product","3":"status-publish","4":"has-post-thumbnail","6":"product_cat-ceasuri-barbati","7":"product_cat-orient","8":"product_tag-cronograf","9":"product_tag-693","10":"pa_brand-orient","11":"pa_braslet-otel-inoxidabil","12":"pa_corpus-42-mm","13":"pa_forma-rotund","14":"pa_funcii-data","15":"pa_funcii-ziua-saptamanii","16":"pa_garatia-24-luni","17":"pa_korpus-argintiu","18":"pa_material-otel-inoxidabil","19":"pa_mehanizm-mecanic","20":"pa_mehanizm-mecanism-automatic","21":"pa_remeshok-argintiu","22":"pa_steklo-cristal-mineral","23":"pa_strana-japonia","24":"pa_voda-5-atm","26":"first","27":"instock","28":"purchasable","29":"product-type-simple"},"acf":[],"_links":{"self":[{"href":"https:\/\/ceasuri.md\/ru\/wp-json\/wp\/v2\/product\/40587","targetHints":{"allow":["GET"]}}],"collection":[{"href":"https:\/\/ceasuri.md\/ru\/wp-json\/wp\/v2\/product"}],"about":[{"href":"https:\/\/ceasuri.md\/ru\/wp-json\/wp\/v2\/types\/product"}],"replies":[{"embeddable":true,"href":"https:\/\/ceasuri.md\/ru\/wp-json\/wp\/v2\/comments?post=40587"}],"wp:featuredmedia":[{"embeddable":true,"href":"https:\/\/ceasuri.md\/ru\/wp-json\/wp\/v2\/media\/40588"}],"wp:attachment":[{"href":"https:\/\/ceasuri.md\/ru\/wp-json\/wp\/v2\/media?parent=40587"}],"wp:term":[{"taxonomy":"product_brand","embeddable":true,"href":"https:\/\/ceasuri.md\/ru\/wp-json\/wp\/v2\/product_brand?post=40587"},{"taxonomy":"product_cat","embeddable":true,"href":"https:\/\/ceasuri.md\/ru\/wp-json\/wp\/v2\/product_cat?post=40587"},{"taxonomy":"product_tag","embeddable":true,"href":"https:\/\/ceasuri.md\/ru\/wp-json\/wp\/v2\/product_tag?post=40587"}],"curies":[{"name":"wp","href":"https:\/\/api.w.org\/{rel}","templated":true}]}}