{"id":40566,"date":"2026-04-02T21:38:53","date_gmt":"2026-04-02T18:38:53","guid":{"rendered":"http:\/\/new.ceasuri.md\/shop\/uncategorized\/orient-classic-fsw02003d0\/"},"modified":"2026-04-15T19:34:24","modified_gmt":"2026-04-15T16:34:24","slug":"orient-classic-fsw02003d0","status":"publish","type":"product","link":"https:\/\/ceasuri.md\/ru\/shop\/branduri\/orient\/orient-classic-fsw02003d0\/","title":{"rendered":"Ceas ORIENT CLASSIC FSW02003D0"},"content":{"rendered":"<p>Orient Quartz este o linie de ceasuri cu cuar\u021b de la Orient.<\/p>\n<p>Modelele din aceast\u0103 colec\u021bie combin\u0103 nu doar calitatea \u00eenalt\u0103 a m\u0103rcii japoneze, ci \u0219i pre\u021burile accesibile.<\/p>\n<p>Toate ceasurile Orient sunt \u00eenso\u021bite de o garan\u021bie.<\/p>","protected":false},"excerpt":{"rendered":"<p>Orient Quartz este o linie de ceasuri cu cuar\u021b de la Orient. Modelele din aceast\u0103 colec\u021bie combin\u0103 nu doar calitatea \u00eenalt\u0103 a m\u0103rcii japoneze, ci \u0219i pre\u021burile accesibile. Toate ceasurile Orient sunt \u00eenso\u021bite de o garan\u021bie.<\/p>","protected":false},"featured_media":40567,"comment_status":"closed","ping_status":"open","template":"","meta":{"_acf_changed":false},"product_brand":[],"product_cat":[25,596],"product_tag":[595,696],"class_list":{"0":"post-40566","1":"product","2":"type-product","3":"status-publish","4":"has-post-thumbnail","6":"product_cat-ceasuri-dama","7":"product_cat-orient","8":"product_tag-cronograf","9":"product_tag-696","10":"pa_brand-orient","11":"pa_braslet-piele","12":"pa_corpus-35-mm","13":"pa_forma-rotund","14":"pa_funcii-data","15":"pa_funcii-ziua-saptamanii","16":"pa_garatia-24-luni","17":"pa_korpus-auriu","18":"pa_kvarc-quartz","19":"pa_material-otel-inoxidabil","20":"pa_mehanizm-quartz","21":"pa_remeshok-albastru-inchis","22":"pa_steklo-cristal-mineral","23":"pa_strana-japonia","24":"pa_voda-3-atm","26":"first","27":"instock","28":"purchasable","29":"product-type-simple"},"acf":[],"_links":{"self":[{"href":"https:\/\/ceasuri.md\/ru\/wp-json\/wp\/v2\/product\/40566","targetHints":{"allow":["GET"]}}],"collection":[{"href":"https:\/\/ceasuri.md\/ru\/wp-json\/wp\/v2\/product"}],"about":[{"href":"https:\/\/ceasuri.md\/ru\/wp-json\/wp\/v2\/types\/product"}],"replies":[{"embeddable":true,"href":"https:\/\/ceasuri.md\/ru\/wp-json\/wp\/v2\/comments?post=40566"}],"wp:featuredmedia":[{"embeddable":true,"href":"https:\/\/ceasuri.md\/ru\/wp-json\/wp\/v2\/media\/40567"}],"wp:attachment":[{"href":"https:\/\/ceasuri.md\/ru\/wp-json\/wp\/v2\/media?parent=40566"}],"wp:term":[{"taxonomy":"product_brand","embeddable":true,"href":"https:\/\/ceasuri.md\/ru\/wp-json\/wp\/v2\/product_brand?post=40566"},{"taxonomy":"product_cat","embeddable":true,"href":"https:\/\/ceasuri.md\/ru\/wp-json\/wp\/v2\/product_cat?post=40566"},{"taxonomy":"product_tag","embeddable":true,"href":"https:\/\/ceasuri.md\/ru\/wp-json\/wp\/v2\/product_tag?post=40566"}],"curies":[{"name":"wp","href":"https:\/\/api.w.org\/{rel}","templated":true}]}}