{"id":40564,"date":"2021-11-30T22:42:00","date_gmt":"2021-11-30T20:42:00","guid":{"rendered":"http:\/\/new.ceasuri.md\/shop\/uncategorized\/orient-lady-rose-fqcbh003w0\/"},"modified":"2026-05-01T16:14:35","modified_gmt":"2026-05-01T13:14:35","slug":"orient-lady-rose-fqcbh003w0","status":"publish","type":"product","link":"https:\/\/ceasuri.md\/ru\/shop\/branduri\/orient\/orient-lady-rose-fqcbh003w0\/","title":{"rendered":"\u0427\u0430\u0441\u044b ORIENT LADY ROSE FQCBH003W0"},"content":{"rendered":"<p>Un ceas de m\u00e2n\u0103 unic al m\u0103rcii japoneze Orient este o alegere excelent\u0103 pentru cei care apreciaz\u0103 fiabilitatea \u0219i tehnologia ceasurilor.<\/p>\n<p>Carcasa este realizat\u0103 din o\u021bel inoxidabil de \u00eenalt\u0103 calitate.<\/p>\n<p>Ceasul original pentru femei &#8211; poate completa \u0219i decora orice imagine.<\/p>","protected":false},"excerpt":{"rendered":"<p>Un ceas de m\u00e2n\u0103 unic al m\u0103rcii japoneze Orient este o alegere excelent\u0103 pentru cei care apreciaz\u0103 fiabilitatea \u0219i tehnologia ceasurilor. Carcasa este realizat\u0103 din o\u021bel inoxidabil de \u00eenalt\u0103 calitate. Ceasul original pentru femei &#8211; poate completa \u0219i decora orice imagine.<\/p>","protected":false},"featured_media":40565,"comment_status":"closed","ping_status":"open","template":"","meta":{"_acf_changed":false},"product_brand":[],"product_cat":[25,596],"product_tag":[595,696],"class_list":{"0":"post-40564","1":"product","2":"type-product","3":"status-publish","4":"has-post-thumbnail","6":"product_cat-ceasuri-dama","7":"product_cat-orient","8":"product_tag-cronograf","9":"product_tag-696","10":"pa_brand-orient","11":"pa_braslet-piele","12":"pa_corpus-23x40-mm","13":"pa_forma-dreptunghiular","14":"pa_garatia-24-luni","15":"pa_korpus-auriu","16":"pa_kvarc-quartz","17":"pa_material-otel-inoxidabil","18":"pa_mehanizm-quartz","19":"pa_remeshok-negru","20":"pa_steklo-cristal-mineral","21":"pa_strana-japonia","22":"pa_voda-3-atm","24":"first","25":"instock","26":"purchasable","27":"product-type-simple"},"acf":[],"_links":{"self":[{"href":"https:\/\/ceasuri.md\/ru\/wp-json\/wp\/v2\/product\/40564","targetHints":{"allow":["GET"]}}],"collection":[{"href":"https:\/\/ceasuri.md\/ru\/wp-json\/wp\/v2\/product"}],"about":[{"href":"https:\/\/ceasuri.md\/ru\/wp-json\/wp\/v2\/types\/product"}],"replies":[{"embeddable":true,"href":"https:\/\/ceasuri.md\/ru\/wp-json\/wp\/v2\/comments?post=40564"}],"wp:featuredmedia":[{"embeddable":true,"href":"https:\/\/ceasuri.md\/ru\/wp-json\/wp\/v2\/media\/40565"}],"wp:attachment":[{"href":"https:\/\/ceasuri.md\/ru\/wp-json\/wp\/v2\/media?parent=40564"}],"wp:term":[{"taxonomy":"product_brand","embeddable":true,"href":"https:\/\/ceasuri.md\/ru\/wp-json\/wp\/v2\/product_brand?post=40564"},{"taxonomy":"product_cat","embeddable":true,"href":"https:\/\/ceasuri.md\/ru\/wp-json\/wp\/v2\/product_cat?post=40564"},{"taxonomy":"product_tag","embeddable":true,"href":"https:\/\/ceasuri.md\/ru\/wp-json\/wp\/v2\/product_tag?post=40564"}],"curies":[{"name":"wp","href":"https:\/\/api.w.org\/{rel}","templated":true}]}}