{"id":40518,"date":"2026-04-02T21:38:25","date_gmt":"2026-04-02T18:38:25","guid":{"rendered":"http:\/\/new.ceasuri.md\/shop\/uncategorized\/swiss-military-by-chrono-sma34077-03\/"},"modified":"2026-04-20T01:00:14","modified_gmt":"2026-04-19T22:00:14","slug":"swiss-military-by-chrono-sma34077-03","status":"publish","type":"product","link":"https:\/\/ceasuri.md\/ru\/shop\/branduri\/swiss-military\/swiss-military-by-chrono-sma34077-03\/","title":{"rendered":"\u0427\u0430\u0441\u044b SWISS MILITARY BY CHRONO SMA34077.03"},"content":{"rendered":"<p>Un ceas automat modern pentru b\u0103rba\u021bi este creat atunci c\u00e2nd valorile orologiere Swiss Made din interior sunt asociate cu un spirit militar modern la exterior.<\/p>\n<p>Atrac\u021bia acestui ceas const\u0103 \u00een combina\u021bia perfect\u0103 dintre designul clasic al ceasului rotund \u0219i cadranul modern. Numerele arabe \u0219i acele contracareaz\u0103 perfect cadranul str\u0103lucitor \u0219i elegant cu raze de soare.<\/p>\n<p>Banda din piele \u00een stil vintage cu cus\u0103turi albe spore\u0219te aspectul contemporan al acestui ceas elve\u021bian. Este o combina\u021bie care este f\u0103cut\u0103 s\u0103 impresioneze.<\/p>\n<p>Fidel\u0103 abord\u0103rii noastre de orologerie dedicat\u0103 calit\u0103\u021bii Swiss Made, carcasa acestui ceas este realizat\u0103 din o\u021bel inoxidabil durabil.<\/p>\n<p>Sticla de safir acoper\u0103 cadranul, precum \u0219i spatele transparent al carcasei. Func\u021bionarea mi\u0219c\u0103rii automate Swiss Made poate fi v\u0103zut\u0103 prin spatele vitrat al carcasei.<\/p>\n<p>Toate indicatoarele orare, precum \u0219i acele orelor \u0219i minutelor sunt luminoase \u0219i str\u0103lucesc \u00een \u00eentuneric. Acest ceas este asamblat manual.<\/p>","protected":false},"excerpt":{"rendered":"<p>Un ceas automat modern pentru b\u0103rba\u021bi este creat atunci c\u00e2nd valorile orologiere Swiss Made din interior sunt asociate cu un spirit militar modern la exterior. Atrac\u021bia acestui ceas const\u0103 \u00een combina\u021bia perfect\u0103 dintre designul clasic al ceasului rotund \u0219i cadranul modern. Numerele arabe \u0219i acele contracareaz\u0103 perfect cadranul str\u0103lucitor \u0219i elegant cu raze de soare. [&hellip;]<\/p>\n","protected":false},"featured_media":40519,"comment_status":"closed","ping_status":"open","template":"","meta":{"_acf_changed":false},"product_brand":[],"product_cat":[20,572],"product_tag":[],"class_list":{"0":"post-40518","1":"product","2":"type-product","3":"status-publish","4":"has-post-thumbnail","6":"product_cat-ceasuri-barbati","7":"product_cat-swiss-military","8":"pa_brand-swiss-military","9":"pa_braslet-piele","10":"pa_corpus-42-mm","11":"pa_forma-rotund","12":"pa_funcii-data","13":"pa_garatia-24-luni","14":"pa_korpus-argintiu","15":"pa_material-otel-inoxidabil","16":"pa_mehanizm-mecanic","17":"pa_mehanizm-mecanism-automatic","18":"pa_remeshok-maro","19":"pa_steklo-cristal-safir","20":"pa_strana-elvetia","21":"pa_voda-10-atm","23":"first","24":"instock","25":"purchasable","26":"product-type-simple"},"acf":[],"_links":{"self":[{"href":"https:\/\/ceasuri.md\/ru\/wp-json\/wp\/v2\/product\/40518","targetHints":{"allow":["GET"]}}],"collection":[{"href":"https:\/\/ceasuri.md\/ru\/wp-json\/wp\/v2\/product"}],"about":[{"href":"https:\/\/ceasuri.md\/ru\/wp-json\/wp\/v2\/types\/product"}],"replies":[{"embeddable":true,"href":"https:\/\/ceasuri.md\/ru\/wp-json\/wp\/v2\/comments?post=40518"}],"wp:featuredmedia":[{"embeddable":true,"href":"https:\/\/ceasuri.md\/ru\/wp-json\/wp\/v2\/media\/40519"}],"wp:attachment":[{"href":"https:\/\/ceasuri.md\/ru\/wp-json\/wp\/v2\/media?parent=40518"}],"wp:term":[{"taxonomy":"product_brand","embeddable":true,"href":"https:\/\/ceasuri.md\/ru\/wp-json\/wp\/v2\/product_brand?post=40518"},{"taxonomy":"product_cat","embeddable":true,"href":"https:\/\/ceasuri.md\/ru\/wp-json\/wp\/v2\/product_cat?post=40518"},{"taxonomy":"product_tag","embeddable":true,"href":"https:\/\/ceasuri.md\/ru\/wp-json\/wp\/v2\/product_tag?post=40518"}],"curies":[{"name":"wp","href":"https:\/\/api.w.org\/{rel}","templated":true}]}}