{"id":40329,"date":"2022-11-30T19:01:59","date_gmt":"2022-11-30T17:01:59","guid":{"rendered":"http:\/\/new.ceasuri.md\/shop\/uncategorized\/jacques-pink-flower-watch-sunglasses-farel-hbsg5171\/"},"modified":"2026-05-01T16:11:31","modified_gmt":"2026-05-01T13:11:31","slug":"jacques-pink-flower-watch-sunglasses-farel-hbsg5171","status":"publish","type":"product","link":"https:\/\/ceasuri.md\/ru\/shop\/branduri\/jacques-farel-kids\/jacques-pink-flower-watch-sunglasses-farel-hbsg5171\/","title":{"rendered":"JACQUES PINK FLOWER WATCH &amp; SUNGLASSES FAREL HBSG5171"},"content":{"rendered":"<p>Jacques Farel Kids este un ceas original, de \u00eenalt\u0103 calitate, distractiv \u0219i accesorii pentru copii de toate v\u00e2rstele.<\/p>\n<p>Ceasurile au un design modern \u0219i \u00eenc\u00e2nt\u0103 inima fiec\u0103rui copil. Face ca trezitul de diminea\u021b\u0103 s\u0103 fie mult mai distractiv. Numerele u\u0219or de citit au avantajul, copiii pot vedea ora imediat.<\/p>\n<p>Carcasele ceasurilor pentru copii sunt deosebit de robuste pentru a rezista la lovituri mici \u0219i mari \u00een timpul fr\u0103m\u00e2nt\u0103rilor.<\/p>","protected":false},"excerpt":{"rendered":"<p>Jacques Farel Kids este un ceas original, de \u00eenalt\u0103 calitate, distractiv \u0219i accesorii pentru copii de toate v\u00e2rstele. Ceasurile au un design modern \u0219i \u00eenc\u00e2nt\u0103 inima fiec\u0103rui copil. Face ca trezitul de diminea\u021b\u0103 s\u0103 fie mult mai distractiv. Numerele u\u0219or de citit au avantajul, copiii pot vedea ora imediat. Carcasele ceasurilor pentru copii sunt deosebit [&hellip;]<\/p>\n","protected":false},"featured_media":40330,"comment_status":"closed","ping_status":"open","template":"","meta":{"_acf_changed":false},"product_brand":[],"product_cat":[599,565],"product_tag":[],"class_list":{"0":"post-40329","1":"product","2":"type-product","3":"status-publish","4":"has-post-thumbnail","6":"product_cat-jacques-farel-kids","7":"product_cat-pentru-fete","8":"pa_brand-jacques-farel-kids","9":"pa_braslet-rasina","10":"pa_corpus-25-mm","11":"pa_forma-rotund","12":"pa_funcii-set-cadou","13":"pa_garatia-24-luni","14":"pa_korpus-violet","15":"pa_kvarc-quartz","16":"pa_material-otel-inoxidabil","17":"pa_material-plastic","18":"pa_mehanizm-quartz","19":"pa_remeshok-multicolor","20":"pa_steklo-plastic","21":"pa_strana-china","22":"pa_voda-3-atm","24":"first","25":"instock","26":"purchasable","27":"product-type-simple"},"acf":[],"_links":{"self":[{"href":"https:\/\/ceasuri.md\/ru\/wp-json\/wp\/v2\/product\/40329","targetHints":{"allow":["GET"]}}],"collection":[{"href":"https:\/\/ceasuri.md\/ru\/wp-json\/wp\/v2\/product"}],"about":[{"href":"https:\/\/ceasuri.md\/ru\/wp-json\/wp\/v2\/types\/product"}],"replies":[{"embeddable":true,"href":"https:\/\/ceasuri.md\/ru\/wp-json\/wp\/v2\/comments?post=40329"}],"wp:featuredmedia":[{"embeddable":true,"href":"https:\/\/ceasuri.md\/ru\/wp-json\/wp\/v2\/media\/40330"}],"wp:attachment":[{"href":"https:\/\/ceasuri.md\/ru\/wp-json\/wp\/v2\/media?parent=40329"}],"wp:term":[{"taxonomy":"product_brand","embeddable":true,"href":"https:\/\/ceasuri.md\/ru\/wp-json\/wp\/v2\/product_brand?post=40329"},{"taxonomy":"product_cat","embeddable":true,"href":"https:\/\/ceasuri.md\/ru\/wp-json\/wp\/v2\/product_cat?post=40329"},{"taxonomy":"product_tag","embeddable":true,"href":"https:\/\/ceasuri.md\/ru\/wp-json\/wp\/v2\/product_tag?post=40329"}],"curies":[{"name":"wp","href":"https:\/\/api.w.org\/{rel}","templated":true}]}}