{"id":40290,"date":"2026-04-02T21:36:30","date_gmt":"2026-04-02T18:36:30","guid":{"rendered":"http:\/\/new.ceasuri.md\/shop\/uncategorized\/casio-collection-mw-240-1e2vef\/"},"modified":"2026-04-07T03:56:14","modified_gmt":"2026-04-07T00:56:14","slug":"casio-collection-mw-240-1e2vef","status":"publish","type":"product","link":"https:\/\/ceasuri.md\/ru\/shop\/branduri\/casio\/casio-collection-mw-240-1e2vef\/","title":{"rendered":"Ceas CASIO COLLECTION MW-240-1E2VEF"},"content":{"rendered":"<p>Casio se g\u00e2nde\u0219te cu aten\u021bie la viitorul ceasurilor. Scopul este un ceas care s\u0103 fie solicitat \u00eentr-o varietate de aplica\u021bii \u0219i s\u0103 afi\u0219eze ora cu cea mai mare precizie.<\/p>\n<p>Atunci c\u00e2nd produce ceasuri, Casio acord\u0103 o aten\u021bie maxim\u0103 fiec\u0103rui detaliu, utiliz\u00e2nd poten\u021bialul ascuns nelimitat al electronicii \u0219i introduc\u00e2nd tehnologii care nu sunt disponibile pentru al\u021bi produc\u0103tori.<\/p>\n<p>\u00cen procesul de creare de noi ceasuri, Casio nu se limiteaz\u0103 la g\u00e2ndirea standard, ci ia cele mai \u00eendr\u0103zne\u021be decizii.<\/p>\n<p>Ceasuri simple \u0219i u\u0219or de utilizat. Un accesoriu excelent pentru fiecare zi. Ceas pentru b\u0103rba\u021bi. Indicatori de curs\u0103. Coroan\u0103 protejat\u0103.Fundul carcasei cu 4 \u0219uruburi. Curea cu \u00eenchidere clasic\u0103.<\/p>","protected":false},"excerpt":{"rendered":"<p>Casio se g\u00e2nde\u0219te cu aten\u021bie la viitorul ceasurilor. Scopul este un ceas care s\u0103 fie solicitat \u00eentr-o varietate de aplica\u021bii \u0219i s\u0103 afi\u0219eze ora cu cea mai mare precizie. Atunci c\u00e2nd produce ceasuri, Casio acord\u0103 o aten\u021bie maxim\u0103 fiec\u0103rui detaliu, utiliz\u00e2nd poten\u021bialul ascuns nelimitat al electronicii \u0219i introduc\u00e2nd tehnologii care nu sunt disponibile pentru al\u021bi [&hellip;]<\/p>\n","protected":false},"featured_media":40291,"comment_status":"closed","ping_status":"open","template":"","meta":{"_acf_changed":false},"product_brand":[],"product_cat":[27,20],"product_tag":[595,693],"class_list":{"0":"post-40290","1":"product","2":"type-product","3":"status-publish","4":"has-post-thumbnail","6":"product_cat-casio","7":"product_cat-ceasuri-barbati","8":"product_tag-cronograf","9":"product_tag-693","10":"pa_brand-casio","11":"pa_braslet-plastic","12":"pa_corpus-48-mm","13":"pa_forma-rotund","14":"pa_garatia-24-luni","15":"pa_korpus-negru","16":"pa_material-plastic","17":"pa_mehanizm-quartz","18":"pa_remeshok-negru","19":"pa_steklo-plastic","20":"pa_strana-japonia","21":"pa_voda-5-atm","23":"first","24":"instock","25":"purchasable","26":"product-type-simple"},"acf":[],"_links":{"self":[{"href":"https:\/\/ceasuri.md\/ru\/wp-json\/wp\/v2\/product\/40290","targetHints":{"allow":["GET"]}}],"collection":[{"href":"https:\/\/ceasuri.md\/ru\/wp-json\/wp\/v2\/product"}],"about":[{"href":"https:\/\/ceasuri.md\/ru\/wp-json\/wp\/v2\/types\/product"}],"replies":[{"embeddable":true,"href":"https:\/\/ceasuri.md\/ru\/wp-json\/wp\/v2\/comments?post=40290"}],"wp:featuredmedia":[{"embeddable":true,"href":"https:\/\/ceasuri.md\/ru\/wp-json\/wp\/v2\/media\/40291"}],"wp:attachment":[{"href":"https:\/\/ceasuri.md\/ru\/wp-json\/wp\/v2\/media?parent=40290"}],"wp:term":[{"taxonomy":"product_brand","embeddable":true,"href":"https:\/\/ceasuri.md\/ru\/wp-json\/wp\/v2\/product_brand?post=40290"},{"taxonomy":"product_cat","embeddable":true,"href":"https:\/\/ceasuri.md\/ru\/wp-json\/wp\/v2\/product_cat?post=40290"},{"taxonomy":"product_tag","embeddable":true,"href":"https:\/\/ceasuri.md\/ru\/wp-json\/wp\/v2\/product_tag?post=40290"}],"curies":[{"name":"wp","href":"https:\/\/api.w.org\/{rel}","templated":true}]}}