{"id":40274,"date":"2026-04-02T21:35:56","date_gmt":"2026-04-02T18:35:56","guid":{"rendered":"http:\/\/new.ceasuri.md\/shop\/uncategorized\/casio-edifice-efv-130d-2a\/"},"modified":"2026-04-07T03:56:10","modified_gmt":"2026-04-07T00:56:10","slug":"casio-edifice-efv-130d-2a","status":"publish","type":"product","link":"https:\/\/ceasuri.md\/ru\/shop\/branduri\/casio\/casio-edifice-efv-130d-2a\/","title":{"rendered":"Ceas CASIO EDIFICE EFV-130D-2A"},"content":{"rendered":"<p>Un ceas confortabil, cu un cadran u\u0219or de citit, perfect pentru m\u0103surarea timpului de zi cu zi.<\/p>\n<p>Stratul antireflex care acumuleaz\u0103 lumin\u0103 asigur\u0103 o str\u0103lucire de lung\u0103 durat\u0103 \u00een \u00eentuneric, chiar \u0219i dup\u0103 o scurt\u0103 expunere la lumin\u0103.<\/p>\n<p>Luneta se rote\u0219te \u00eentr-o singur\u0103 direc\u021bie.<\/p>\n<p>Coroan\u0103 protejat\u0103. Fundul carcasei cu \u00eenchidere cu \u0219urub.<\/p>","protected":false},"excerpt":{"rendered":"<p>Un ceas confortabil, cu un cadran u\u0219or de citit, perfect pentru m\u0103surarea timpului de zi cu zi. Stratul antireflex care acumuleaz\u0103 lumin\u0103 asigur\u0103 o str\u0103lucire de lung\u0103 durat\u0103 \u00een \u00eentuneric, chiar \u0219i dup\u0103 o scurt\u0103 expunere la lumin\u0103. Luneta se rote\u0219te \u00eentr-o singur\u0103 direc\u021bie. Coroan\u0103 protejat\u0103. Fundul carcasei cu \u00eenchidere cu \u0219urub.<\/p>","protected":false},"featured_media":40275,"comment_status":"closed","ping_status":"open","template":"","meta":{"_acf_changed":false},"product_brand":[],"product_cat":[27,20,536],"product_tag":[],"class_list":{"0":"post-40274","1":"product","2":"type-product","3":"status-publish","4":"has-post-thumbnail","6":"product_cat-casio","7":"product_cat-ceasuri-barbati","8":"product_cat-edifice","9":"pa_brand-casio","10":"pa_brand-edifice","11":"pa_braslet-otel-inoxidabil","12":"pa_corpus-44-mm","13":"pa_forma-rotund","14":"pa_funcii-data","15":"pa_garatia-24-luni","16":"pa_korpus-argintiu","17":"pa_material-otel-inoxidabil","18":"pa_mehanizm-quartz","19":"pa_remeshok-argintiu","20":"pa_steklo-cristal-mineral","21":"pa_strana-japonia","22":"pa_voda-10-atm","24":"first","25":"instock","26":"purchasable","27":"product-type-simple"},"acf":[],"_links":{"self":[{"href":"https:\/\/ceasuri.md\/ru\/wp-json\/wp\/v2\/product\/40274","targetHints":{"allow":["GET"]}}],"collection":[{"href":"https:\/\/ceasuri.md\/ru\/wp-json\/wp\/v2\/product"}],"about":[{"href":"https:\/\/ceasuri.md\/ru\/wp-json\/wp\/v2\/types\/product"}],"replies":[{"embeddable":true,"href":"https:\/\/ceasuri.md\/ru\/wp-json\/wp\/v2\/comments?post=40274"}],"wp:featuredmedia":[{"embeddable":true,"href":"https:\/\/ceasuri.md\/ru\/wp-json\/wp\/v2\/media\/40275"}],"wp:attachment":[{"href":"https:\/\/ceasuri.md\/ru\/wp-json\/wp\/v2\/media?parent=40274"}],"wp:term":[{"taxonomy":"product_brand","embeddable":true,"href":"https:\/\/ceasuri.md\/ru\/wp-json\/wp\/v2\/product_brand?post=40274"},{"taxonomy":"product_cat","embeddable":true,"href":"https:\/\/ceasuri.md\/ru\/wp-json\/wp\/v2\/product_cat?post=40274"},{"taxonomy":"product_tag","embeddable":true,"href":"https:\/\/ceasuri.md\/ru\/wp-json\/wp\/v2\/product_tag?post=40274"}],"curies":[{"name":"wp","href":"https:\/\/api.w.org\/{rel}","templated":true}]}}