{"id":40179,"date":"2026-04-02T21:35:25","date_gmt":"2026-04-02T18:35:25","guid":{"rendered":"http:\/\/new.ceasuri.md\/shop\/uncategorized\/orient-classic-ra-ag0005l10b\/"},"modified":"2026-04-16T21:20:52","modified_gmt":"2026-04-16T18:20:52","slug":"orient-classic-ra-ag0005l10b","status":"publish","type":"product","link":"https:\/\/ceasuri.md\/ru\/shop\/branduri\/orient\/orient-classic-ra-ag0005l10b\/","title":{"rendered":"Ceas ORIENT RA-AG0005L10B Bambino"},"content":{"rendered":"<p>O colec\u021bie de ceasuri cu un design bine cunoscut care oscileaz\u0103 \u00eentre estetica vintage \u0219i cea tradi\u021bional\u0103, aceast\u0103 colec\u021bie reprezint\u0103 perfect no\u021biunea de ceasuri Orient.<\/p>\n<p>Cu o simplitate detaliat\u0103, utilizarea unor mi\u0219c\u0103ri japoneze foarte fiabile \u0219i un raport calitate-pre\u021b de neegalat, ceasurile Orient se adreseaz\u0103 celor pentru care calitatea este \u00eentotdeauna criteriul care le ghideaz\u0103 achizi\u021biile.<\/p>","protected":false},"excerpt":{"rendered":"<p>O colec\u021bie de ceasuri cu un design bine cunoscut care oscileaz\u0103 \u00eentre estetica vintage \u0219i cea tradi\u021bional\u0103, aceast\u0103 colec\u021bie reprezint\u0103 perfect no\u021biunea de ceasuri Orient. Cu o simplitate detaliat\u0103, utilizarea unor mi\u0219c\u0103ri japoneze foarte fiabile \u0219i un raport calitate-pre\u021b de neegalat, ceasurile Orient se adreseaz\u0103 celor pentru care calitatea este \u00eentotdeauna criteriul care le ghideaz\u0103 [&hellip;]<\/p>\n","protected":false},"featured_media":40180,"comment_status":"closed","ping_status":"open","template":"","meta":{"_acf_changed":false},"product_brand":[],"product_cat":[20,596],"product_tag":[],"class_list":{"0":"post-40179","1":"product","2":"type-product","3":"status-publish","4":"has-post-thumbnail","6":"product_cat-ceasuri-barbati","7":"product_cat-orient","8":"pa_brand-orient","9":"pa_braslet-piele","10":"pa_corpus-41-mm","11":"pa_forma-rotund","12":"pa_funcii-semischelet","13":"pa_garatia-24-luni","14":"pa_korpus-argintiu","15":"pa_material-otel-inoxidabil","16":"pa_mehanizm-mecanic","17":"pa_remeshok-albastru-inchis","18":"pa_steklo-cristal-mineral","19":"pa_strana-japonia","20":"pa_voda-3-atm","22":"first","23":"instock","24":"purchasable","25":"product-type-simple"},"acf":[],"_links":{"self":[{"href":"https:\/\/ceasuri.md\/ru\/wp-json\/wp\/v2\/product\/40179","targetHints":{"allow":["GET"]}}],"collection":[{"href":"https:\/\/ceasuri.md\/ru\/wp-json\/wp\/v2\/product"}],"about":[{"href":"https:\/\/ceasuri.md\/ru\/wp-json\/wp\/v2\/types\/product"}],"replies":[{"embeddable":true,"href":"https:\/\/ceasuri.md\/ru\/wp-json\/wp\/v2\/comments?post=40179"}],"wp:featuredmedia":[{"embeddable":true,"href":"https:\/\/ceasuri.md\/ru\/wp-json\/wp\/v2\/media\/40180"}],"wp:attachment":[{"href":"https:\/\/ceasuri.md\/ru\/wp-json\/wp\/v2\/media?parent=40179"}],"wp:term":[{"taxonomy":"product_brand","embeddable":true,"href":"https:\/\/ceasuri.md\/ru\/wp-json\/wp\/v2\/product_brand?post=40179"},{"taxonomy":"product_cat","embeddable":true,"href":"https:\/\/ceasuri.md\/ru\/wp-json\/wp\/v2\/product_cat?post=40179"},{"taxonomy":"product_tag","embeddable":true,"href":"https:\/\/ceasuri.md\/ru\/wp-json\/wp\/v2\/product_tag?post=40179"}],"curies":[{"name":"wp","href":"https:\/\/api.w.org\/{rel}","templated":true}]}}