{"id":40162,"date":"2021-11-30T22:42:00","date_gmt":"2021-11-30T20:42:00","guid":{"rendered":"http:\/\/new.ceasuri.md\/shop\/uncategorized\/orient-light-power-4000-fwe02001w0\/"},"modified":"2026-05-01T16:09:47","modified_gmt":"2026-05-01T13:09:47","slug":"orient-light-power-4000-fwe02001w0","status":"publish","type":"product","link":"https:\/\/ceasuri.md\/ru\/shop\/branduri\/orient\/orient-light-power-4000-fwe02001w0\/","title":{"rendered":"\u0427\u0430\u0441\u044b ORIENT LIGHT POWER 4000 FWE02001W0"},"content":{"rendered":"<p>Mi\u0219carea ceasului este alimentat\u0103 de o baterie re\u00eenc\u0103rcabil\u0103, care este \u00eenc\u0103rcat\u0103 de un panou solar amplasat pe cadran. Pentru a \u00eenc\u0103rca complet bateria, ceasul trebuie \u021binut \u00een lumina direct\u0103 a soarelui timp de aproximativ 3 ore.<\/p>\n<p>Ore, minute, secunde. Indica\u021bie numeric\u0103.<\/p>\n<p>M\u00e2ini cu acoperire luminescent\u0103. Cristal de safir rezistent mecanic.<\/p>\n<p>Curea din piele. Diametrul carcasei 41,0 mm, grosime 9 mm.<\/p>","protected":false},"excerpt":{"rendered":"<p>Mi\u0219carea ceasului este alimentat\u0103 de o baterie re\u00eenc\u0103rcabil\u0103, care este \u00eenc\u0103rcat\u0103 de un panou solar amplasat pe cadran. Pentru a \u00eenc\u0103rca complet bateria, ceasul trebuie \u021binut \u00een lumina direct\u0103 a soarelui timp de aproximativ 3 ore. Ore, minute, secunde. Indica\u021bie numeric\u0103. M\u00e2ini cu acoperire luminescent\u0103. Cristal de safir rezistent mecanic. Curea din piele. Diametrul carcasei [&hellip;]<\/p>\n","protected":false},"featured_media":40163,"comment_status":"closed","ping_status":"open","template":"","meta":{"_acf_changed":false},"product_brand":[],"product_cat":[20,596],"product_tag":[],"class_list":{"0":"post-40162","1":"product","2":"type-product","3":"status-publish","4":"has-post-thumbnail","6":"product_cat-ceasuri-barbati","7":"product_cat-orient","8":"pa_brand-orient","9":"pa_braslet-piele","10":"pa_corpus-41-mm","11":"pa_forma-rotund","12":"pa_funcii-data","13":"pa_funcii-iluminare","14":"pa_garatia-24-luni","15":"pa_korpus-auriu","16":"pa_kvarc-quartz","17":"pa_material-otel-inoxidabil","18":"pa_mehanizm-baterie-solara","19":"pa_remeshok-maro","20":"pa_steklo-cristal-safir","21":"pa_strana-japonia","22":"pa_voda-5-atm","24":"first","25":"instock","26":"purchasable","27":"product-type-simple"},"acf":[],"_links":{"self":[{"href":"https:\/\/ceasuri.md\/ru\/wp-json\/wp\/v2\/product\/40162","targetHints":{"allow":["GET"]}}],"collection":[{"href":"https:\/\/ceasuri.md\/ru\/wp-json\/wp\/v2\/product"}],"about":[{"href":"https:\/\/ceasuri.md\/ru\/wp-json\/wp\/v2\/types\/product"}],"replies":[{"embeddable":true,"href":"https:\/\/ceasuri.md\/ru\/wp-json\/wp\/v2\/comments?post=40162"}],"wp:featuredmedia":[{"embeddable":true,"href":"https:\/\/ceasuri.md\/ru\/wp-json\/wp\/v2\/media\/40163"}],"wp:attachment":[{"href":"https:\/\/ceasuri.md\/ru\/wp-json\/wp\/v2\/media?parent=40162"}],"wp:term":[{"taxonomy":"product_brand","embeddable":true,"href":"https:\/\/ceasuri.md\/ru\/wp-json\/wp\/v2\/product_brand?post=40162"},{"taxonomy":"product_cat","embeddable":true,"href":"https:\/\/ceasuri.md\/ru\/wp-json\/wp\/v2\/product_cat?post=40162"},{"taxonomy":"product_tag","embeddable":true,"href":"https:\/\/ceasuri.md\/ru\/wp-json\/wp\/v2\/product_tag?post=40162"}],"curies":[{"name":"wp","href":"https:\/\/api.w.org\/{rel}","templated":true}]}}