{"id":40137,"date":"2021-11-30T22:42:00","date_gmt":"2021-11-30T20:42:00","guid":{"rendered":"http:\/\/new.ceasuri.md\/shop\/uncategorized\/orient-sports-fuy03003b0\/"},"modified":"2026-05-01T16:09:36","modified_gmt":"2026-05-01T13:09:36","slug":"orient-sports-fuy03003b0","status":"publish","type":"product","link":"https:\/\/ceasuri.md\/ru\/shop\/branduri\/orient\/orient-sports-fuy03003b0\/","title":{"rendered":"\u0427\u0430\u0441\u044b ORIENT SPORTS FUY03003B0"},"content":{"rendered":"<p>Un ceas b\u0103rb\u0103tesc elegant, cu o carcas\u0103 robust\u0103 din o\u021bel pe o curea din cauciuc.<\/p>\n<p>Cristalul mineral protejeaz\u0103 cadranul de deterior\u0103rile mecanice. Cu o rezisten\u021b\u0103 minim\u0103 la ap\u0103 de 5 bari, ceasul este rezistent la stropire \u0219i poate fi folosit chiar \u0219i \u00een ploaie.<\/p>\n<p>Ad\u0103uga\u021bi la aceasta afi\u0219area datei curente pentru a v\u0103 asigura c\u0103 ave\u021bi \u00een fa\u021b\u0103 un model care este o alegere excelent\u0103 ca ceas casual pentru fiecare zi.<\/p>\n<p>Pentru a v\u0103 reaminti, marca japonez\u0103 Orient are o istorie de peste o sut\u0103 de ani \u0219i ast\u0103zi este unul dintre cei mai recunoscu\u021bi produc\u0103tori de ceasuri de m\u00e2n\u0103 cu cuar\u021b \u0219i mecanice din lume. Ceasurile Orient se disting prin designul clasic recognoscibil, calitatea \u00eenalt\u0103 a asambl\u0103rii \u0219i fiabilitatea modelelor lor.<\/p>","protected":false},"excerpt":{"rendered":"<p>Un ceas b\u0103rb\u0103tesc elegant, cu o carcas\u0103 robust\u0103 din o\u021bel pe o curea din cauciuc. Cristalul mineral protejeaz\u0103 cadranul de deterior\u0103rile mecanice. Cu o rezisten\u021b\u0103 minim\u0103 la ap\u0103 de 5 bari, ceasul este rezistent la stropire \u0219i poate fi folosit chiar \u0219i \u00een ploaie. Ad\u0103uga\u021bi la aceasta afi\u0219area datei curente pentru a v\u0103 asigura c\u0103 [&hellip;]<\/p>\n","protected":false},"featured_media":40138,"comment_status":"closed","ping_status":"open","template":"","meta":{"_acf_changed":false},"product_brand":[],"product_cat":[20,596,23],"product_tag":[595,691,692],"class_list":{"0":"post-40137","1":"product","2":"type-product","3":"status-publish","4":"has-post-thumbnail","6":"product_cat-ceasuri-barbati","7":"product_cat-orient","8":"product_cat-sale-ceasuri-barbati","9":"product_tag-cronograf","10":"product_tag-691","11":"product_tag-692","12":"pa_brand-orient","13":"pa_braslet-cauciuc","14":"pa_corpus-42-mm","15":"pa_forma-rotund","16":"pa_funcii-data","17":"pa_funcii-ziua-saptamanii","18":"pa_garatia-24-luni","19":"pa_korpus-gri","20":"pa_kvarc-quartz","21":"pa_material-otel-inoxidabil","22":"pa_mehanizm-quartz","23":"pa_remeshok-negru","24":"pa_steklo-cristal-mineral","25":"pa_strana-japonia","26":"pa_voda-5-atm","28":"first","29":"instock","30":"sale","31":"purchasable","32":"product-type-simple"},"acf":[],"_links":{"self":[{"href":"https:\/\/ceasuri.md\/ru\/wp-json\/wp\/v2\/product\/40137","targetHints":{"allow":["GET"]}}],"collection":[{"href":"https:\/\/ceasuri.md\/ru\/wp-json\/wp\/v2\/product"}],"about":[{"href":"https:\/\/ceasuri.md\/ru\/wp-json\/wp\/v2\/types\/product"}],"replies":[{"embeddable":true,"href":"https:\/\/ceasuri.md\/ru\/wp-json\/wp\/v2\/comments?post=40137"}],"wp:featuredmedia":[{"embeddable":true,"href":"https:\/\/ceasuri.md\/ru\/wp-json\/wp\/v2\/media\/40138"}],"wp:attachment":[{"href":"https:\/\/ceasuri.md\/ru\/wp-json\/wp\/v2\/media?parent=40137"}],"wp:term":[{"taxonomy":"product_brand","embeddable":true,"href":"https:\/\/ceasuri.md\/ru\/wp-json\/wp\/v2\/product_brand?post=40137"},{"taxonomy":"product_cat","embeddable":true,"href":"https:\/\/ceasuri.md\/ru\/wp-json\/wp\/v2\/product_cat?post=40137"},{"taxonomy":"product_tag","embeddable":true,"href":"https:\/\/ceasuri.md\/ru\/wp-json\/wp\/v2\/product_tag?post=40137"}],"curies":[{"name":"wp","href":"https:\/\/api.w.org\/{rel}","templated":true}]}}