{"id":40113,"date":"2021-11-30T22:42:00","date_gmt":"2021-11-30T20:42:00","guid":{"rendered":"http:\/\/new.ceasuri.md\/shop\/uncategorized\/orient-sports-fut0j003w0\/"},"modified":"2026-05-01T16:09:24","modified_gmt":"2026-05-01T13:09:24","slug":"orient-sports-fut0j003w0","status":"publish","type":"product","link":"https:\/\/ceasuri.md\/ru\/shop\/branduri\/orient\/orient-sports-fut0j003w0\/","title":{"rendered":"\u0427\u0430\u0441\u044b ORIENT SPORTS FUT0J003W0"},"content":{"rendered":"<p>Ceas cu cuar\u021b. Format de 12\/24 ore.<\/p>\n<p>Indicarea num\u0103rului \u0219i a zilei s\u0103pt\u0103m\u00e2nii.<\/p>\n<p>M\u00e2ini cu acoperire luminescent\u0103.<\/p>\n<p>Carcas\u0103 \u0219i br\u0103\u021bar\u0103 din o\u021bel inoxidabil.<\/p>\n<p>Diametrul carcasei 35 mm.<\/p>","protected":false},"excerpt":{"rendered":"<p>Ceas cu cuar\u021b. Format de 12\/24 ore. Indicarea num\u0103rului \u0219i a zilei s\u0103pt\u0103m\u00e2nii. M\u00e2ini cu acoperire luminescent\u0103. Carcas\u0103 \u0219i br\u0103\u021bar\u0103 din o\u021bel inoxidabil. Diametrul carcasei 35 mm.<\/p>","protected":false},"featured_media":40114,"comment_status":"closed","ping_status":"open","template":"","meta":{"_acf_changed":false},"product_brand":[],"product_cat":[25,596,26],"product_tag":[595,691,692],"class_list":{"0":"post-40113","1":"product","2":"type-product","3":"status-publish","4":"has-post-thumbnail","6":"product_cat-ceasuri-dama","7":"product_cat-orient","8":"product_cat-sale-ceas-de-dama","9":"product_tag-cronograf","10":"product_tag-691","11":"product_tag-692","12":"pa_brand-orient","13":"pa_braslet-otel-inoxidabil","14":"pa_corpus-35-mm","15":"pa_forma-rotund","16":"pa_funcii-data","17":"pa_funcii-iluminare","18":"pa_funcii-ziua-saptamanii","19":"pa_garatia-24-luni","20":"pa_korpus-argintiu","21":"pa_kvarc-quartz","22":"pa_material-otel-inoxidabil","23":"pa_mehanizm-quartz","24":"pa_remeshok-argintiu","25":"pa_steklo-cristal-mineral","26":"pa_strana-japonia","27":"pa_voda-5-atm","29":"first","30":"instock","31":"sale","32":"purchasable","33":"product-type-simple"},"acf":[],"_links":{"self":[{"href":"https:\/\/ceasuri.md\/ru\/wp-json\/wp\/v2\/product\/40113","targetHints":{"allow":["GET"]}}],"collection":[{"href":"https:\/\/ceasuri.md\/ru\/wp-json\/wp\/v2\/product"}],"about":[{"href":"https:\/\/ceasuri.md\/ru\/wp-json\/wp\/v2\/types\/product"}],"replies":[{"embeddable":true,"href":"https:\/\/ceasuri.md\/ru\/wp-json\/wp\/v2\/comments?post=40113"}],"wp:featuredmedia":[{"embeddable":true,"href":"https:\/\/ceasuri.md\/ru\/wp-json\/wp\/v2\/media\/40114"}],"wp:attachment":[{"href":"https:\/\/ceasuri.md\/ru\/wp-json\/wp\/v2\/media?parent=40113"}],"wp:term":[{"taxonomy":"product_brand","embeddable":true,"href":"https:\/\/ceasuri.md\/ru\/wp-json\/wp\/v2\/product_brand?post=40113"},{"taxonomy":"product_cat","embeddable":true,"href":"https:\/\/ceasuri.md\/ru\/wp-json\/wp\/v2\/product_cat?post=40113"},{"taxonomy":"product_tag","embeddable":true,"href":"https:\/\/ceasuri.md\/ru\/wp-json\/wp\/v2\/product_tag?post=40113"}],"curies":[{"name":"wp","href":"https:\/\/api.w.org\/{rel}","templated":true}]}}