{"id":40024,"date":"2026-04-02T21:34:05","date_gmt":"2026-04-02T18:34:05","guid":{"rendered":"http:\/\/new.ceasuri.md\/shop\/uncategorized\/orient-classic-funf3002w0\/"},"modified":"2026-04-15T19:31:46","modified_gmt":"2026-04-15T16:31:46","slug":"orient-classic-funf3002w0","status":"publish","type":"product","link":"https:\/\/ceasuri.md\/ru\/shop\/branduri\/orient\/orient-classic-funf3002w0\/","title":{"rendered":"Ceas ORIENT CLASSIC FUNF3002W0"},"content":{"rendered":"<p>Ceas de m\u00e2n\u0103 unic &#8211; o alegere excelent\u0103 pentru cei care apreciaz\u0103 fiabilitatea \u0219i tehnologia ceasurilor. Carcasa este fabricat\u0103 din o\u021bel inoxidabil de \u00eenalt\u0103 calitate. Ceasul folose\u0219te un mecanism de cuar\u021b precis Orient func\u021bioneaz\u0103 cu baterii.<\/p>\n<p>Ceasurile pentru b\u0103rba\u021bi sunt un element indispensabil al garderobei. Ele nu numai c\u0103 indic\u0103 ora, dar subliniaz\u0103 \u0219i stilul. Cristalul de safir este rezistent la zg\u00e2rieturi \u0219i la sarcini mari. Cu o rezisten\u021b\u0103 la ap\u0103 de 100 de metri, v\u0103 pute\u021bi scufunda la ad\u00e2ncimi mici f\u0103r\u0103 s\u0103 v\u0103 teme\u021bi pentru ceasul dumneavoastr\u0103.<\/p>","protected":false},"excerpt":{"rendered":"<p>Ceas de m\u00e2n\u0103 unic &#8211; o alegere excelent\u0103 pentru cei care apreciaz\u0103 fiabilitatea \u0219i tehnologia ceasurilor. Carcasa este fabricat\u0103 din o\u021bel inoxidabil de \u00eenalt\u0103 calitate. Ceasul folose\u0219te un mecanism de cuar\u021b precis Orient func\u021bioneaz\u0103 cu baterii. Ceasurile pentru b\u0103rba\u021bi sunt un element indispensabil al garderobei. Ele nu numai c\u0103 indic\u0103 ora, dar subliniaz\u0103 \u0219i stilul. [&hellip;]<\/p>\n","protected":false},"featured_media":40025,"comment_status":"closed","ping_status":"open","template":"","meta":{"_acf_changed":false},"product_brand":[],"product_cat":[20,596],"product_tag":[],"class_list":{"0":"post-40024","1":"product","2":"type-product","3":"status-publish","4":"has-post-thumbnail","6":"product_cat-ceasuri-barbati","7":"product_cat-orient","8":"pa_brand-orient","9":"pa_braslet-piele","10":"pa_corpus-41-mm","11":"pa_forma-rotund","12":"pa_funcii-data","13":"pa_garatia-24-luni","14":"pa_korpus-auriu","15":"pa_kvarc-quartz","16":"pa_material-otel-inoxidabil","17":"pa_mehanizm-quartz","18":"pa_remeshok-negru","19":"pa_steklo-cristal-safir","20":"pa_strana-japonia","21":"pa_voda-10-atm","23":"first","24":"instock","25":"purchasable","26":"product-type-simple"},"acf":[],"_links":{"self":[{"href":"https:\/\/ceasuri.md\/ru\/wp-json\/wp\/v2\/product\/40024","targetHints":{"allow":["GET"]}}],"collection":[{"href":"https:\/\/ceasuri.md\/ru\/wp-json\/wp\/v2\/product"}],"about":[{"href":"https:\/\/ceasuri.md\/ru\/wp-json\/wp\/v2\/types\/product"}],"replies":[{"embeddable":true,"href":"https:\/\/ceasuri.md\/ru\/wp-json\/wp\/v2\/comments?post=40024"}],"wp:featuredmedia":[{"embeddable":true,"href":"https:\/\/ceasuri.md\/ru\/wp-json\/wp\/v2\/media\/40025"}],"wp:attachment":[{"href":"https:\/\/ceasuri.md\/ru\/wp-json\/wp\/v2\/media?parent=40024"}],"wp:term":[{"taxonomy":"product_brand","embeddable":true,"href":"https:\/\/ceasuri.md\/ru\/wp-json\/wp\/v2\/product_brand?post=40024"},{"taxonomy":"product_cat","embeddable":true,"href":"https:\/\/ceasuri.md\/ru\/wp-json\/wp\/v2\/product_cat?post=40024"},{"taxonomy":"product_tag","embeddable":true,"href":"https:\/\/ceasuri.md\/ru\/wp-json\/wp\/v2\/product_tag?post=40024"}],"curies":[{"name":"wp","href":"https:\/\/api.w.org\/{rel}","templated":true}]}}