{"id":39851,"date":"2021-11-30T22:42:00","date_gmt":"2021-11-30T20:42:00","guid":{"rendered":"http:\/\/new.ceasuri.md\/shop\/uncategorized\/orient-dressy-fub9c001b0\/"},"modified":"2026-05-01T16:06:20","modified_gmt":"2026-05-01T13:06:20","slug":"orient-dressy-fub9c001b0","status":"publish","type":"product","link":"https:\/\/ceasuri.md\/ru\/shop\/branduri\/orient\/orient-dressy-fub9c001b0\/","title":{"rendered":"\u0427\u0430\u0441\u044b ORIENT DRESSY FUB9C001B0"},"content":{"rendered":"<p>Spectaculosul ceas de dam\u0103 cu cuar\u021b pe br\u0103\u021bar\u0103 din o\u021bel inoxidabil acoperit cu IP, de culoare neagr\u0103 cu un strat par\u021bial auriu, va fi un accesoriu perfect at\u00e2t pentru un look casual str\u0103lucitor, c\u00e2t \u0219i pentru un look strict business.<\/p>\n<p>Accentua\u021bi-v\u0103 personalitatea colorat\u0103 cu acest ceas superb.<\/p>","protected":false},"excerpt":{"rendered":"<p>Spectaculosul ceas de dam\u0103 cu cuar\u021b pe br\u0103\u021bar\u0103 din o\u021bel inoxidabil acoperit cu IP, de culoare neagr\u0103 cu un strat par\u021bial auriu, va fi un accesoriu perfect at\u00e2t pentru un look casual str\u0103lucitor, c\u00e2t \u0219i pentru un look strict business. Accentua\u021bi-v\u0103 personalitatea colorat\u0103 cu acest ceas superb.<\/p>","protected":false},"featured_media":39852,"comment_status":"closed","ping_status":"open","template":"","meta":{"_acf_changed":false},"product_brand":[],"product_cat":[25,596,26],"product_tag":[595,691,696,692],"class_list":{"0":"post-39851","1":"product","2":"type-product","3":"status-publish","4":"has-post-thumbnail","6":"product_cat-ceasuri-dama","7":"product_cat-orient","8":"product_cat-sale-ceas-de-dama","9":"product_tag-cronograf","10":"product_tag-691","11":"product_tag-696","12":"product_tag-692","13":"pa_brand-orient","14":"pa_braslet-otel-inoxidabil","15":"pa_corpus-23-mm","16":"pa_forma-rotund","17":"pa_garatia-24-luni","18":"pa_korpus-negru","19":"pa_kvarc-quartz","20":"pa_material-otel-inoxidabil","21":"pa_mehanizm-quartz","22":"pa_remeshok-bicolor","23":"pa_steklo-cristal-mineral","24":"pa_strana-japonia","25":"pa_voda-3-atm","27":"first","28":"instock","29":"sale","30":"purchasable","31":"product-type-simple"},"acf":[],"_links":{"self":[{"href":"https:\/\/ceasuri.md\/ru\/wp-json\/wp\/v2\/product\/39851","targetHints":{"allow":["GET"]}}],"collection":[{"href":"https:\/\/ceasuri.md\/ru\/wp-json\/wp\/v2\/product"}],"about":[{"href":"https:\/\/ceasuri.md\/ru\/wp-json\/wp\/v2\/types\/product"}],"replies":[{"embeddable":true,"href":"https:\/\/ceasuri.md\/ru\/wp-json\/wp\/v2\/comments?post=39851"}],"wp:featuredmedia":[{"embeddable":true,"href":"https:\/\/ceasuri.md\/ru\/wp-json\/wp\/v2\/media\/39852"}],"wp:attachment":[{"href":"https:\/\/ceasuri.md\/ru\/wp-json\/wp\/v2\/media?parent=39851"}],"wp:term":[{"taxonomy":"product_brand","embeddable":true,"href":"https:\/\/ceasuri.md\/ru\/wp-json\/wp\/v2\/product_brand?post=39851"},{"taxonomy":"product_cat","embeddable":true,"href":"https:\/\/ceasuri.md\/ru\/wp-json\/wp\/v2\/product_cat?post=39851"},{"taxonomy":"product_tag","embeddable":true,"href":"https:\/\/ceasuri.md\/ru\/wp-json\/wp\/v2\/product_tag?post=39851"}],"curies":[{"name":"wp","href":"https:\/\/api.w.org\/{rel}","templated":true}]}}