{"id":39847,"date":"2026-04-02T21:31:58","date_gmt":"2026-04-02T18:31:58","guid":{"rendered":"http:\/\/new.ceasuri.md\/shop\/uncategorized\/orient-classic-fub9b004b0\/"},"modified":"2026-04-17T13:29:30","modified_gmt":"2026-04-17T10:29:30","slug":"orient-classic-fub9b004b0","status":"publish","type":"product","link":"https:\/\/ceasuri.md\/ru\/shop\/branduri\/orient\/orient-classic-fub9b004b0\/","title":{"rendered":"Ceas ORIENT CLASSIC FUB9B004B0"},"content":{"rendered":"<p>Ceas elegant pentru femei cu cadran negru, cu carcas\u0103 robust\u0103 din o\u021bel \u0219i curea din piele natural\u0103. Cristalul de safir super rezistent protejeaz\u0103 cadranul de deterior\u0103ri mecanice.<\/p>\n<p>Marca japonez\u0103 Orient are o istorie de peste o sut\u0103 de ani \u0219i ast\u0103zi este unul dintre cei mai recunoscu\u021bi produc\u0103tori de ceasuri de m\u00e2n\u0103 cu cuar\u021b \u0219i mecanice din lume. Ceasurile se disting prin designul clasic recognoscibil, calitatea \u00eenalt\u0103 a asambl\u0103rii \u0219i fiabilitatea.<\/p>","protected":false},"excerpt":{"rendered":"<p>Ceas elegant pentru femei cu cadran negru, cu carcas\u0103 robust\u0103 din o\u021bel \u0219i curea din piele natural\u0103. Cristalul de safir super rezistent protejeaz\u0103 cadranul de deterior\u0103ri mecanice. Marca japonez\u0103 Orient are o istorie de peste o sut\u0103 de ani \u0219i ast\u0103zi este unul dintre cei mai recunoscu\u021bi produc\u0103tori de ceasuri de m\u00e2n\u0103 cu cuar\u021b \u0219i [&hellip;]<\/p>\n","protected":false},"featured_media":39848,"comment_status":"closed","ping_status":"open","template":"","meta":{"_acf_changed":false},"product_brand":[],"product_cat":[25,596,26],"product_tag":[595,691,696,692],"class_list":{"0":"post-39847","1":"product","2":"type-product","3":"status-publish","4":"has-post-thumbnail","6":"product_cat-ceasuri-dama","7":"product_cat-orient","8":"product_cat-sale-ceas-de-dama","9":"product_tag-cronograf","10":"product_tag-691","11":"product_tag-696","12":"product_tag-692","13":"pa_brand-orient","14":"pa_braslet-piele","15":"pa_corpus-28-mm","16":"pa_decor-cristale-swarowski","17":"pa_forma-rotund","18":"pa_garatia-24-luni","19":"pa_korpus-argintiu","20":"pa_kvarc-quartz","21":"pa_material-otel-inoxidabil","22":"pa_mehanizm-quartz","23":"pa_remeshok-negru","24":"pa_steklo-cristal-safir","25":"pa_strana-japonia","26":"pa_voda-3-atm","28":"first","29":"instock","30":"sale","31":"purchasable","32":"product-type-simple"},"acf":[],"_links":{"self":[{"href":"https:\/\/ceasuri.md\/ru\/wp-json\/wp\/v2\/product\/39847","targetHints":{"allow":["GET"]}}],"collection":[{"href":"https:\/\/ceasuri.md\/ru\/wp-json\/wp\/v2\/product"}],"about":[{"href":"https:\/\/ceasuri.md\/ru\/wp-json\/wp\/v2\/types\/product"}],"replies":[{"embeddable":true,"href":"https:\/\/ceasuri.md\/ru\/wp-json\/wp\/v2\/comments?post=39847"}],"wp:featuredmedia":[{"embeddable":true,"href":"https:\/\/ceasuri.md\/ru\/wp-json\/wp\/v2\/media\/39848"}],"wp:attachment":[{"href":"https:\/\/ceasuri.md\/ru\/wp-json\/wp\/v2\/media?parent=39847"}],"wp:term":[{"taxonomy":"product_brand","embeddable":true,"href":"https:\/\/ceasuri.md\/ru\/wp-json\/wp\/v2\/product_brand?post=39847"},{"taxonomy":"product_cat","embeddable":true,"href":"https:\/\/ceasuri.md\/ru\/wp-json\/wp\/v2\/product_cat?post=39847"},{"taxonomy":"product_tag","embeddable":true,"href":"https:\/\/ceasuri.md\/ru\/wp-json\/wp\/v2\/product_tag?post=39847"}],"curies":[{"name":"wp","href":"https:\/\/api.w.org\/{rel}","templated":true}]}}