{"id":39832,"date":"2026-04-02T21:31:58","date_gmt":"2026-04-02T18:31:58","guid":{"rendered":"http:\/\/new.ceasuri.md\/shop\/uncategorized\/orient-sports-ftw05003f0\/"},"modified":"2026-04-07T03:54:21","modified_gmt":"2026-04-07T00:54:21","slug":"orient-sports-ftw05003f0","status":"publish","type":"product","link":"https:\/\/ceasuri.md\/ru\/shop\/branduri\/orient\/orient-sports-ftw05003f0\/","title":{"rendered":"Ceas ORIENT SPORTS FTW05003F0"},"content":{"rendered":"<p>Ceas b\u0103rb\u0103tesc cu cuar\u021b \u0219i cronograf. Precizia maxim\u0103 admis\u0103 de +20\/-20 secunde pe lun\u0103. Cronometrul poate num\u0103ra p\u00e2n\u0103 la 60 de minute.<\/p>\n<p>Acest model afi\u0219eaz\u0103 data \u0219i ora (scara de 24 de ore). Acele \u0219i indicatoarele sunt luminescente (str\u0103lucesc \u00een \u00eentuneric).<\/p>\n<p>Coroana \u0219i spatele carcasei cu \u0219uruburi fac ca ceasul s\u0103 fie foarte rezistent la ap\u0103.<\/p>","protected":false},"excerpt":{"rendered":"<p>Ceas b\u0103rb\u0103tesc cu cuar\u021b \u0219i cronograf. Precizia maxim\u0103 admis\u0103 de +20\/-20 secunde pe lun\u0103. Cronometrul poate num\u0103ra p\u00e2n\u0103 la 60 de minute. Acest model afi\u0219eaz\u0103 data \u0219i ora (scara de 24 de ore). Acele \u0219i indicatoarele sunt luminescente (str\u0103lucesc \u00een \u00eentuneric). Coroana \u0219i spatele carcasei cu \u0219uruburi fac ca ceasul s\u0103 fie foarte rezistent la [&hellip;]<\/p>\n","protected":false},"featured_media":39833,"comment_status":"closed","ping_status":"open","template":"","meta":{"_acf_changed":false},"product_brand":[],"product_cat":[20,596],"product_tag":[595,691,693,692],"class_list":{"0":"post-39832","1":"product","2":"type-product","3":"status-publish","4":"has-post-thumbnail","6":"product_cat-ceasuri-barbati","7":"product_cat-orient","8":"product_tag-cronograf","9":"product_tag-691","10":"product_tag-693","11":"product_tag-692","12":"pa_brand-orient","13":"pa_braslet-cauciuc","14":"pa_corpus-48-mm","15":"pa_forma-rotund","16":"pa_funcii-cronograf","17":"pa_funcii-data","18":"pa_garatia-24-luni","19":"pa_korpus-argintiu","20":"pa_korpus-verde","21":"pa_material-otel-inoxidabil","22":"pa_mehanizm-quartz","23":"pa_remeshok-negru","24":"pa_steklo-cristal-mineral","25":"pa_strana-japonia","26":"pa_voda-10-atm","28":"first","29":"instock","30":"purchasable","31":"product-type-simple"},"acf":[],"_links":{"self":[{"href":"https:\/\/ceasuri.md\/ru\/wp-json\/wp\/v2\/product\/39832","targetHints":{"allow":["GET"]}}],"collection":[{"href":"https:\/\/ceasuri.md\/ru\/wp-json\/wp\/v2\/product"}],"about":[{"href":"https:\/\/ceasuri.md\/ru\/wp-json\/wp\/v2\/types\/product"}],"replies":[{"embeddable":true,"href":"https:\/\/ceasuri.md\/ru\/wp-json\/wp\/v2\/comments?post=39832"}],"wp:featuredmedia":[{"embeddable":true,"href":"https:\/\/ceasuri.md\/ru\/wp-json\/wp\/v2\/media\/39833"}],"wp:attachment":[{"href":"https:\/\/ceasuri.md\/ru\/wp-json\/wp\/v2\/media?parent=39832"}],"wp:term":[{"taxonomy":"product_brand","embeddable":true,"href":"https:\/\/ceasuri.md\/ru\/wp-json\/wp\/v2\/product_brand?post=39832"},{"taxonomy":"product_cat","embeddable":true,"href":"https:\/\/ceasuri.md\/ru\/wp-json\/wp\/v2\/product_cat?post=39832"},{"taxonomy":"product_tag","embeddable":true,"href":"https:\/\/ceasuri.md\/ru\/wp-json\/wp\/v2\/product_tag?post=39832"}],"curies":[{"name":"wp","href":"https:\/\/api.w.org\/{rel}","templated":true}]}}