{"id":39797,"date":"2026-04-02T21:31:58","date_gmt":"2026-04-02T18:31:58","guid":{"rendered":"http:\/\/new.ceasuri.md\/shop\/uncategorized\/orient-classic-ftv01002w0\/"},"modified":"2026-04-17T13:29:26","modified_gmt":"2026-04-17T10:29:26","slug":"orient-classic-ftv01002w0","status":"publish","type":"product","link":"https:\/\/ceasuri.md\/ru\/shop\/branduri\/orient\/orient-classic-ftv01002w0\/","title":{"rendered":"Ceas ORIENT CLASSIC FTV01002W0"},"content":{"rendered":"<p>Ceas de m\u00e2n\u0103 japonez pentru b\u0103rba\u021bi. Mi\u0219care de precizie cu cuar\u021b.<\/p>\n<p>Carcas\u0103 din o\u021bel inoxidabil cu acoperire PVD, curea din piele. Cristalul de safir este rezistent la zg\u00e2rieturi.<\/p>\n<p>Ceasul are un nivel de rezisten\u021b\u0103 la ap\u0103 de 100 de metri.<\/p>","protected":false},"excerpt":{"rendered":"<p>Ceas de m\u00e2n\u0103 japonez pentru b\u0103rba\u021bi. Mi\u0219care de precizie cu cuar\u021b. Carcas\u0103 din o\u021bel inoxidabil cu acoperire PVD, curea din piele. Cristalul de safir este rezistent la zg\u00e2rieturi. Ceasul are un nivel de rezisten\u021b\u0103 la ap\u0103 de 100 de metri.<\/p>","protected":false},"featured_media":39798,"comment_status":"closed","ping_status":"open","template":"","meta":{"_acf_changed":false},"product_brand":[],"product_cat":[20,596],"product_tag":[595,691,693,692],"class_list":{"0":"post-39797","1":"product","2":"type-product","3":"status-publish","4":"has-post-thumbnail","6":"product_cat-ceasuri-barbati","7":"product_cat-orient","8":"product_tag-cronograf","9":"product_tag-691","10":"product_tag-693","11":"product_tag-692","12":"pa_brand-orient","13":"pa_braslet-piele","14":"pa_corpus-40-mm","15":"pa_forma-rotund","16":"pa_funcii-cronograf","17":"pa_funcii-data","18":"pa_funcii-tahimetru","19":"pa_garatia-24-luni","20":"pa_korpus-auriu","21":"pa_kvarc-quartz","22":"pa_material-otel-inoxidabil","23":"pa_mehanizm-quartz","24":"pa_remeshok-negru","25":"pa_steklo-cristal-safir","26":"pa_strana-japonia","27":"pa_voda-10-atm","29":"first","30":"instock","31":"purchasable","32":"product-type-simple"},"acf":[],"_links":{"self":[{"href":"https:\/\/ceasuri.md\/ru\/wp-json\/wp\/v2\/product\/39797","targetHints":{"allow":["GET"]}}],"collection":[{"href":"https:\/\/ceasuri.md\/ru\/wp-json\/wp\/v2\/product"}],"about":[{"href":"https:\/\/ceasuri.md\/ru\/wp-json\/wp\/v2\/types\/product"}],"replies":[{"embeddable":true,"href":"https:\/\/ceasuri.md\/ru\/wp-json\/wp\/v2\/comments?post=39797"}],"wp:featuredmedia":[{"embeddable":true,"href":"https:\/\/ceasuri.md\/ru\/wp-json\/wp\/v2\/media\/39798"}],"wp:attachment":[{"href":"https:\/\/ceasuri.md\/ru\/wp-json\/wp\/v2\/media?parent=39797"}],"wp:term":[{"taxonomy":"product_brand","embeddable":true,"href":"https:\/\/ceasuri.md\/ru\/wp-json\/wp\/v2\/product_brand?post=39797"},{"taxonomy":"product_cat","embeddable":true,"href":"https:\/\/ceasuri.md\/ru\/wp-json\/wp\/v2\/product_cat?post=39797"},{"taxonomy":"product_tag","embeddable":true,"href":"https:\/\/ceasuri.md\/ru\/wp-json\/wp\/v2\/product_tag?post=39797"}],"curies":[{"name":"wp","href":"https:\/\/api.w.org\/{rel}","templated":true}]}}