{"id":39782,"date":"2026-04-02T21:31:26","date_gmt":"2026-04-02T18:31:26","guid":{"rendered":"http:\/\/new.ceasuri.md\/shop\/uncategorized\/orient-sports-ftt13001b0\/"},"modified":"2026-04-20T00:33:21","modified_gmt":"2026-04-19T21:33:21","slug":"orient-sports-ftt13001b0","status":"publish","type":"product","link":"https:\/\/ceasuri.md\/ru\/shop\/branduri\/orient\/orient-sports-ftt13001b0\/","title":{"rendered":"\u0427\u0430\u0441\u044b ORIENT SPORTS FTT13001B0"},"content":{"rendered":"<p>Un model sportiv f\u0103cut pentru b\u0103rba\u021bii activi. Datorit\u0103 func\u021bionalit\u0103\u021bii sale ridicate, va fi un accesoriu excelent pentru utilizarea zilnic\u0103.<\/p>\n<p>Mi\u0219carea cu cuar\u021b este responsabil\u0103 pentru precizia timpului. Carcasa ceasului este fabricat\u0103 din o\u021bel inoxidabil durabil de culoare neagr\u0103. br\u0103\u021bara este fabricat\u0103 din o\u021bel inoxidabil de \u00eenalt\u0103 calitate. Aceasta poate fi scoas\u0103 cu u\u0219urin\u021b\u0103 datorit\u0103 unei \u00eenchiz\u0103tori confortabile.<\/p>\n<p>Cadranul negru este protejat \u00eempotriva deterior\u0103rii, deoarece ceasul este echipat cu un cristal mineral fiabil, rezistent la lovituri \u0219i zg\u00e2rieturi. Ceasul are o rezisten\u021b\u0103 la ap\u0103 de 100 de metri &#8211; este potrivit pentru \u00eenot.<\/p>","protected":false},"excerpt":{"rendered":"<p>Un model sportiv f\u0103cut pentru b\u0103rba\u021bii activi. Datorit\u0103 func\u021bionalit\u0103\u021bii sale ridicate, va fi un accesoriu excelent pentru utilizarea zilnic\u0103. Mi\u0219carea cu cuar\u021b este responsabil\u0103 pentru precizia timpului. Carcasa ceasului este fabricat\u0103 din o\u021bel inoxidabil durabil de culoare neagr\u0103. br\u0103\u021bara este fabricat\u0103 din o\u021bel inoxidabil de \u00eenalt\u0103 calitate. Aceasta poate fi scoas\u0103 cu u\u0219urin\u021b\u0103 datorit\u0103 unei [&hellip;]<\/p>\n","protected":false},"featured_media":39783,"comment_status":"closed","ping_status":"open","template":"","meta":{"_acf_changed":false},"product_brand":[],"product_cat":[20,596],"product_tag":[595,691,693,692],"class_list":{"0":"post-39782","1":"product","2":"type-product","3":"status-publish","4":"has-post-thumbnail","6":"product_cat-ceasuri-barbati","7":"product_cat-orient","8":"product_tag-cronograf","9":"product_tag-691","10":"product_tag-693","11":"product_tag-692","12":"pa_brand-orient","13":"pa_braslet-otel-inoxidabil","14":"pa_corpus-44-mm","15":"pa_forma-rotund","16":"pa_funcii-cronograf","17":"pa_funcii-data","18":"pa_funcii-tahimetru","19":"pa_garatia-24-luni","20":"pa_korpus-argintiu","21":"pa_kvarc-quartz","22":"pa_material-otel-inoxidabil","23":"pa_mehanizm-quartz","24":"pa_remeshok-argintiu","25":"pa_steklo-cristal-mineral","26":"pa_strana-japonia","27":"pa_voda-10-atm","29":"first","30":"instock","31":"purchasable","32":"product-type-simple"},"acf":[],"_links":{"self":[{"href":"https:\/\/ceasuri.md\/ru\/wp-json\/wp\/v2\/product\/39782","targetHints":{"allow":["GET"]}}],"collection":[{"href":"https:\/\/ceasuri.md\/ru\/wp-json\/wp\/v2\/product"}],"about":[{"href":"https:\/\/ceasuri.md\/ru\/wp-json\/wp\/v2\/types\/product"}],"replies":[{"embeddable":true,"href":"https:\/\/ceasuri.md\/ru\/wp-json\/wp\/v2\/comments?post=39782"}],"wp:featuredmedia":[{"embeddable":true,"href":"https:\/\/ceasuri.md\/ru\/wp-json\/wp\/v2\/media\/39783"}],"wp:attachment":[{"href":"https:\/\/ceasuri.md\/ru\/wp-json\/wp\/v2\/media?parent=39782"}],"wp:term":[{"taxonomy":"product_brand","embeddable":true,"href":"https:\/\/ceasuri.md\/ru\/wp-json\/wp\/v2\/product_brand?post=39782"},{"taxonomy":"product_cat","embeddable":true,"href":"https:\/\/ceasuri.md\/ru\/wp-json\/wp\/v2\/product_cat?post=39782"},{"taxonomy":"product_tag","embeddable":true,"href":"https:\/\/ceasuri.md\/ru\/wp-json\/wp\/v2\/product_tag?post=39782"}],"curies":[{"name":"wp","href":"https:\/\/api.w.org\/{rel}","templated":true}]}}