{"id":39731,"date":"2026-04-02T21:30:58","date_gmt":"2026-04-02T18:30:58","guid":{"rendered":"http:\/\/new.ceasuri.md\/shop\/uncategorized\/orient-sports-ftd0p002b0\/"},"modified":"2026-04-20T00:33:12","modified_gmt":"2026-04-19T21:33:12","slug":"orient-sports-ftd0p002b0","status":"publish","type":"product","link":"https:\/\/ceasuri.md\/ru\/shop\/branduri\/orient\/orient-sports-ftd0p002b0\/","title":{"rendered":"\u0427\u0430\u0441\u044b ORIENT SPORTS FTD0P002B0"},"content":{"rendered":"<p>Orient este o alegere excelent\u0103 pentru cei care apreciaz\u0103 fiabilitatea \u0219i tehnologia ceasurilor. Carcasa este fabricat\u0103 din o\u021bel inoxidabil de \u00eenalt\u0103 calitate.<\/p>\n<p>Ceasurile pentru b\u0103rba\u021bi sunt un element indispensabil al garderobei. Ele nu numai c\u0103 indic\u0103 ora, dar subliniaz\u0103 \u0219i stilul.<\/p>\n<p>Sticla mineral\u0103 este destul de rezistent\u0103 la zg\u00e2rieturi, zg\u00e2rieturi \u0219i \u0219ocuri. Cu o rezisten\u021b\u0103 la ap\u0103 de 100 de metri, v\u0103 pute\u021bi scufunda la ad\u00e2ncimi mici f\u0103r\u0103 s\u0103 v\u0103 teme\u021bi pentru ceasul dumneavoastr\u0103.<\/p>\n<p>Cureaua este realizat\u0103 din piele natural\u0103 pentru un aspect clasic.<\/p>","protected":false},"excerpt":{"rendered":"<p>Orient este o alegere excelent\u0103 pentru cei care apreciaz\u0103 fiabilitatea \u0219i tehnologia ceasurilor. Carcasa este fabricat\u0103 din o\u021bel inoxidabil de \u00eenalt\u0103 calitate. Ceasurile pentru b\u0103rba\u021bi sunt un element indispensabil al garderobei. Ele nu numai c\u0103 indic\u0103 ora, dar subliniaz\u0103 \u0219i stilul. Sticla mineral\u0103 este destul de rezistent\u0103 la zg\u00e2rieturi, zg\u00e2rieturi \u0219i \u0219ocuri. Cu o rezisten\u021b\u0103 [&hellip;]<\/p>\n","protected":false},"featured_media":39732,"comment_status":"closed","ping_status":"open","template":"","meta":{"_acf_changed":false},"product_brand":[],"product_cat":[20,596],"product_tag":[595,691,693,692],"class_list":{"0":"post-39731","1":"product","2":"type-product","3":"status-publish","4":"has-post-thumbnail","6":"product_cat-ceasuri-barbati","7":"product_cat-orient","8":"product_tag-cronograf","9":"product_tag-691","10":"product_tag-693","11":"product_tag-692","12":"pa_brand-orient","13":"pa_braslet-piele","14":"pa_corpus-42-mm","15":"pa_forma-rotund","16":"pa_funcii-alarma","17":"pa_funcii-cronograf","18":"pa_funcii-data","19":"pa_funcii-tahimetru","20":"pa_garatia-24-luni","21":"pa_korpus-argintiu","22":"pa_kvarc-quartz","23":"pa_material-otel-inoxidabil","24":"pa_mehanizm-quartz","25":"pa_remeshok-negru","26":"pa_steklo-cristal-mineral","27":"pa_strana-japonia","28":"pa_voda-10-atm","30":"first","31":"instock","32":"purchasable","33":"product-type-simple"},"acf":[],"_links":{"self":[{"href":"https:\/\/ceasuri.md\/ru\/wp-json\/wp\/v2\/product\/39731","targetHints":{"allow":["GET"]}}],"collection":[{"href":"https:\/\/ceasuri.md\/ru\/wp-json\/wp\/v2\/product"}],"about":[{"href":"https:\/\/ceasuri.md\/ru\/wp-json\/wp\/v2\/types\/product"}],"replies":[{"embeddable":true,"href":"https:\/\/ceasuri.md\/ru\/wp-json\/wp\/v2\/comments?post=39731"}],"wp:featuredmedia":[{"embeddable":true,"href":"https:\/\/ceasuri.md\/ru\/wp-json\/wp\/v2\/media\/39732"}],"wp:attachment":[{"href":"https:\/\/ceasuri.md\/ru\/wp-json\/wp\/v2\/media?parent=39731"}],"wp:term":[{"taxonomy":"product_brand","embeddable":true,"href":"https:\/\/ceasuri.md\/ru\/wp-json\/wp\/v2\/product_brand?post=39731"},{"taxonomy":"product_cat","embeddable":true,"href":"https:\/\/ceasuri.md\/ru\/wp-json\/wp\/v2\/product_cat?post=39731"},{"taxonomy":"product_tag","embeddable":true,"href":"https:\/\/ceasuri.md\/ru\/wp-json\/wp\/v2\/product_tag?post=39731"}],"curies":[{"name":"wp","href":"https:\/\/api.w.org\/{rel}","templated":true}]}}