{"id":39696,"date":"2026-04-02T21:30:58","date_gmt":"2026-04-02T18:30:58","guid":{"rendered":"http:\/\/new.ceasuri.md\/shop\/uncategorized\/orient-lady-rose-frbdw003b0\/"},"modified":"2026-04-07T03:53:44","modified_gmt":"2026-04-07T00:53:44","slug":"orient-lady-rose-frbdw003b0","status":"publish","type":"product","link":"https:\/\/ceasuri.md\/ru\/shop\/branduri\/orient\/orient-lady-rose-frbdw003b0\/","title":{"rendered":"Ceas ORIENT LADY ROSE FRBDW003B0"},"content":{"rendered":"<p>Ceas de m\u00e2n\u0103 unic &#8211; o alegere excelent\u0103 pentru cei care apreciaz\u0103 fiabilitatea \u0219i tehnologia ceasurilor. Carcasa este fabricat\u0103 din o\u021bel inoxidabil de calitate.<\/p>\n<p>Ceas original pentru femei &#8211; pot completa \u0219i decora orice imagine.<\/p>\n<p>Protec\u021bia la ap\u0103 de 3 Atmosfer\u0103 (30 de metri) v\u0103 va permite s\u0103 p\u0103stra\u021bi ceasul \u00een timp ce v\u0103 sp\u0103la\u021bi pe m\u00e2ini \u0219i s\u0103 nu v\u0103 face\u021bi griji cu privire la performan\u021ba sa \u00een ploaie. Cristalul mineral este destul de rezistent la zg\u00e2rieturi, zg\u00e2rieturi \u0219i \u0219ocuri.<\/p>\n<p>Cureaua este realizat\u0103 din piele natural\u0103 pentru un aspect clasic.<\/p>","protected":false},"excerpt":{"rendered":"<p>Ceas de m\u00e2n\u0103 unic &#8211; o alegere excelent\u0103 pentru cei care apreciaz\u0103 fiabilitatea \u0219i tehnologia ceasurilor. Carcasa este fabricat\u0103 din o\u021bel inoxidabil de calitate. Ceas original pentru femei &#8211; pot completa \u0219i decora orice imagine. Protec\u021bia la ap\u0103 de 3 Atmosfer\u0103 (30 de metri) v\u0103 va permite s\u0103 p\u0103stra\u021bi ceasul \u00een timp ce v\u0103 sp\u0103la\u021bi [&hellip;]<\/p>\n","protected":false},"featured_media":39697,"comment_status":"closed","ping_status":"open","template":"","meta":{"_acf_changed":false},"product_brand":[],"product_cat":[25,596,26],"product_tag":[595,691,692],"class_list":{"0":"post-39696","1":"product","2":"type-product","3":"status-publish","4":"has-post-thumbnail","6":"product_cat-ceasuri-dama","7":"product_cat-orient","8":"product_cat-sale-ceas-de-dama","9":"product_tag-cronograf","10":"product_tag-691","11":"product_tag-692","12":"pa_brand-orient","13":"pa_braslet-piele","14":"pa_corpus-17x28-mm","15":"pa_forma-dreptunghiular","16":"pa_garatia-24-luni","17":"pa_korpus-roz-gold","18":"pa_material-otel-inoxidabil","19":"pa_mehanizm-quartz","20":"pa_remeshok-negru","21":"pa_steklo-cristal-mineral","22":"pa_strana-japonia","23":"pa_voda-3-atm","25":"first","26":"instock","27":"sale","28":"purchasable","29":"product-type-simple"},"acf":[],"_links":{"self":[{"href":"https:\/\/ceasuri.md\/ru\/wp-json\/wp\/v2\/product\/39696","targetHints":{"allow":["GET"]}}],"collection":[{"href":"https:\/\/ceasuri.md\/ru\/wp-json\/wp\/v2\/product"}],"about":[{"href":"https:\/\/ceasuri.md\/ru\/wp-json\/wp\/v2\/types\/product"}],"replies":[{"embeddable":true,"href":"https:\/\/ceasuri.md\/ru\/wp-json\/wp\/v2\/comments?post=39696"}],"wp:featuredmedia":[{"embeddable":true,"href":"https:\/\/ceasuri.md\/ru\/wp-json\/wp\/v2\/media\/39697"}],"wp:attachment":[{"href":"https:\/\/ceasuri.md\/ru\/wp-json\/wp\/v2\/media?parent=39696"}],"wp:term":[{"taxonomy":"product_brand","embeddable":true,"href":"https:\/\/ceasuri.md\/ru\/wp-json\/wp\/v2\/product_brand?post=39696"},{"taxonomy":"product_cat","embeddable":true,"href":"https:\/\/ceasuri.md\/ru\/wp-json\/wp\/v2\/product_cat?post=39696"},{"taxonomy":"product_tag","embeddable":true,"href":"https:\/\/ceasuri.md\/ru\/wp-json\/wp\/v2\/product_tag?post=39696"}],"curies":[{"name":"wp","href":"https:\/\/api.w.org\/{rel}","templated":true}]}}