{"id":39684,"date":"2026-04-02T21:30:58","date_gmt":"2026-04-02T18:30:58","guid":{"rendered":"http:\/\/new.ceasuri.md\/shop\/uncategorized\/orient-dressy-fqcbd002w0\/"},"modified":"2026-04-20T00:33:04","modified_gmt":"2026-04-19T21:33:04","slug":"orient-dressy-fqcbd002w0","status":"publish","type":"product","link":"https:\/\/ceasuri.md\/ru\/shop\/branduri\/orient\/orient-dressy-fqcbd002w0\/","title":{"rendered":"\u0427\u0430\u0441\u044b ORIENT DRESSY FQCBD002W0"},"content":{"rendered":"<p>Ceasurile de m\u00e2n\u0103 sunt de o calitate impecabil\u0103 \u0219i cu o mi\u0219care japonez\u0103 fiabil\u0103.<\/p>\n<p>Carcas\u0103 durabil\u0103 din o\u021bel.<\/p>\n<p>Cureaua din piele combin\u0103 durabilitatea, stilul \u0219i confortul maxim.<\/p>\n<p>Carcasa este decorat\u0103 cu cristale.<\/p>","protected":false},"excerpt":{"rendered":"<p>Ceasurile de m\u00e2n\u0103 sunt de o calitate impecabil\u0103 \u0219i cu o mi\u0219care japonez\u0103 fiabil\u0103. Carcas\u0103 durabil\u0103 din o\u021bel. Cureaua din piele combin\u0103 durabilitatea, stilul \u0219i confortul maxim. Carcasa este decorat\u0103 cu cristale.<\/p>","protected":false},"featured_media":39685,"comment_status":"closed","ping_status":"open","template":"","meta":{"_acf_changed":false},"product_brand":[],"product_cat":[25,596,26],"product_tag":[595,691,692],"class_list":{"0":"post-39684","1":"product","2":"type-product","3":"status-publish","4":"has-post-thumbnail","6":"product_cat-ceasuri-dama","7":"product_cat-orient","8":"product_cat-sale-ceas-de-dama","9":"product_tag-cronograf","10":"product_tag-691","11":"product_tag-692","12":"pa_brand-orient","13":"pa_braslet-piele","14":"pa_corpus-28x32-mm","15":"pa_decor-cristale-swarowski","16":"pa_forma-dreptunghiular","17":"pa_garatia-24-luni","18":"pa_korpus-auriu","19":"pa_kvarc-quartz","20":"pa_material-otel-inoxidabil","21":"pa_mehanizm-quartz","22":"pa_remeshok-maro","23":"pa_steklo-cristal-mineral","24":"pa_strana-japonia","25":"pa_voda-3-atm","27":"first","28":"instock","29":"sale","30":"purchasable","31":"product-type-simple"},"acf":[],"_links":{"self":[{"href":"https:\/\/ceasuri.md\/ru\/wp-json\/wp\/v2\/product\/39684","targetHints":{"allow":["GET"]}}],"collection":[{"href":"https:\/\/ceasuri.md\/ru\/wp-json\/wp\/v2\/product"}],"about":[{"href":"https:\/\/ceasuri.md\/ru\/wp-json\/wp\/v2\/types\/product"}],"replies":[{"embeddable":true,"href":"https:\/\/ceasuri.md\/ru\/wp-json\/wp\/v2\/comments?post=39684"}],"wp:featuredmedia":[{"embeddable":true,"href":"https:\/\/ceasuri.md\/ru\/wp-json\/wp\/v2\/media\/39685"}],"wp:attachment":[{"href":"https:\/\/ceasuri.md\/ru\/wp-json\/wp\/v2\/media?parent=39684"}],"wp:term":[{"taxonomy":"product_brand","embeddable":true,"href":"https:\/\/ceasuri.md\/ru\/wp-json\/wp\/v2\/product_brand?post=39684"},{"taxonomy":"product_cat","embeddable":true,"href":"https:\/\/ceasuri.md\/ru\/wp-json\/wp\/v2\/product_cat?post=39684"},{"taxonomy":"product_tag","embeddable":true,"href":"https:\/\/ceasuri.md\/ru\/wp-json\/wp\/v2\/product_tag?post=39684"}],"curies":[{"name":"wp","href":"https:\/\/api.w.org\/{rel}","templated":true}]}}