{"id":39675,"date":"2026-04-02T21:30:24","date_gmt":"2026-04-02T18:30:24","guid":{"rendered":"http:\/\/new.ceasuri.md\/shop\/uncategorized\/orient-lady-rose-fqc10005w0\/"},"modified":"2026-04-20T00:33:01","modified_gmt":"2026-04-19T21:33:01","slug":"orient-lady-rose-fqc10005w0","status":"publish","type":"product","link":"https:\/\/ceasuri.md\/ru\/shop\/branduri\/orient\/orient-lady-rose-fqc10005w0\/","title":{"rendered":"\u0427\u0430\u0441\u044b ORIENT LADY ROSE FQC10005W0"},"content":{"rendered":"<p>Un ceas delicat de dam\u0103 cu cadran de culoare deschis\u0103, cu carcas\u0103 robust\u0103 din o\u021bel \u0219i curea din piele natural\u0103.<\/p>\n<p>Cristalul mineral rezistent protejeaz\u0103 cadranul de deterior\u0103rile mecanice.<\/p>","protected":false},"excerpt":{"rendered":"<p>Un ceas delicat de dam\u0103 cu cadran de culoare deschis\u0103, cu carcas\u0103 robust\u0103 din o\u021bel \u0219i curea din piele natural\u0103. Cristalul mineral rezistent protejeaz\u0103 cadranul de deterior\u0103rile mecanice.<\/p>","protected":false},"featured_media":39676,"comment_status":"closed","ping_status":"open","template":"","meta":{"_acf_changed":false},"product_brand":[],"product_cat":[25,596,26],"product_tag":[595,691,696,692],"class_list":{"0":"post-39675","1":"product","2":"type-product","3":"status-publish","4":"has-post-thumbnail","6":"product_cat-ceasuri-dama","7":"product_cat-orient","8":"product_cat-sale-ceas-de-dama","9":"product_tag-cronograf","10":"product_tag-691","11":"product_tag-696","12":"product_tag-692","13":"pa_brand-orient","14":"pa_braslet-piele","15":"pa_corpus-30-mm","16":"pa_decor-cristale-swarowski","17":"pa_forma-rotund","18":"pa_garatia-24-luni","19":"pa_korpus-roz-gold","20":"pa_kvarc-quartz","21":"pa_material-otel-inoxidabil","22":"pa_mehanizm-quartz","23":"pa_remeshok-alb","24":"pa_steklo-cristal-mineral","25":"pa_strana-japonia","26":"pa_voda-5-atm","28":"first","29":"instock","30":"sale","31":"purchasable","32":"product-type-simple"},"acf":[],"_links":{"self":[{"href":"https:\/\/ceasuri.md\/ru\/wp-json\/wp\/v2\/product\/39675","targetHints":{"allow":["GET"]}}],"collection":[{"href":"https:\/\/ceasuri.md\/ru\/wp-json\/wp\/v2\/product"}],"about":[{"href":"https:\/\/ceasuri.md\/ru\/wp-json\/wp\/v2\/types\/product"}],"replies":[{"embeddable":true,"href":"https:\/\/ceasuri.md\/ru\/wp-json\/wp\/v2\/comments?post=39675"}],"wp:featuredmedia":[{"embeddable":true,"href":"https:\/\/ceasuri.md\/ru\/wp-json\/wp\/v2\/media\/39676"}],"wp:attachment":[{"href":"https:\/\/ceasuri.md\/ru\/wp-json\/wp\/v2\/media?parent=39675"}],"wp:term":[{"taxonomy":"product_brand","embeddable":true,"href":"https:\/\/ceasuri.md\/ru\/wp-json\/wp\/v2\/product_brand?post=39675"},{"taxonomy":"product_cat","embeddable":true,"href":"https:\/\/ceasuri.md\/ru\/wp-json\/wp\/v2\/product_cat?post=39675"},{"taxonomy":"product_tag","embeddable":true,"href":"https:\/\/ceasuri.md\/ru\/wp-json\/wp\/v2\/product_tag?post=39675"}],"curies":[{"name":"wp","href":"https:\/\/api.w.org\/{rel}","templated":true}]}}