{"id":39657,"date":"2021-11-30T22:42:00","date_gmt":"2021-11-30T20:42:00","guid":{"rendered":"http:\/\/new.ceasuri.md\/shop\/uncategorized\/orient-dressy-fqc0r001b0\/"},"modified":"2026-05-01T16:03:41","modified_gmt":"2026-05-01T13:03:41","slug":"orient-dressy-fqc0r001b0","status":"publish","type":"product","link":"https:\/\/ceasuri.md\/ru\/shop\/branduri\/orient\/orient-dressy-fqc0r001b0\/","title":{"rendered":"\u0427\u0430\u0441\u044b ORIENT DRESSY FQC0R001B0"},"content":{"rendered":"<p>Ceas elegant pentru femei cu cadran negru, cu carcas\u0103 din o\u021bel robust\u0103, pe o curea din silicon moale \u0219i durabil\u0103.<\/p>\n<p>Cristalul mineral robust protejeaz\u0103 cadranul de deterior\u0103rile mecanice.<\/p>\n<p>Cu o rezisten\u021b\u0103 minim\u0103 la ap\u0103 de 5 bari, ceasul este rezistent la stropire \u0219i poate fi folosit chiar \u0219i \u00een ploaie.<\/p>","protected":false},"excerpt":{"rendered":"<p>Ceas elegant pentru femei cu cadran negru, cu carcas\u0103 din o\u021bel robust\u0103, pe o curea din silicon moale \u0219i durabil\u0103. Cristalul mineral robust protejeaz\u0103 cadranul de deterior\u0103rile mecanice. Cu o rezisten\u021b\u0103 minim\u0103 la ap\u0103 de 5 bari, ceasul este rezistent la stropire \u0219i poate fi folosit chiar \u0219i \u00een ploaie.<\/p>","protected":false},"featured_media":39658,"comment_status":"closed","ping_status":"open","template":"","meta":{"_acf_changed":false},"product_brand":[],"product_cat":[25,596,26],"product_tag":[595,691,696,692],"class_list":{"0":"post-39657","1":"product","2":"type-product","3":"status-publish","4":"has-post-thumbnail","6":"product_cat-ceasuri-dama","7":"product_cat-orient","8":"product_cat-sale-ceas-de-dama","9":"product_tag-cronograf","10":"product_tag-691","11":"product_tag-696","12":"product_tag-692","13":"pa_brand-orient","14":"pa_braslet-silicon","15":"pa_corpus-36-mm","16":"pa_forma-rotund","17":"pa_garatia-24-luni","18":"pa_korpus-gri","19":"pa_kvarc-quartz","20":"pa_material-otel-inoxidabil","21":"pa_mehanizm-quartz","22":"pa_remeshok-negru","23":"pa_steklo-cristal-mineral","24":"pa_strana-japonia","25":"pa_voda-5-atm","27":"first","28":"instock","29":"sale","30":"purchasable","31":"product-type-simple"},"acf":[],"_links":{"self":[{"href":"https:\/\/ceasuri.md\/ru\/wp-json\/wp\/v2\/product\/39657","targetHints":{"allow":["GET"]}}],"collection":[{"href":"https:\/\/ceasuri.md\/ru\/wp-json\/wp\/v2\/product"}],"about":[{"href":"https:\/\/ceasuri.md\/ru\/wp-json\/wp\/v2\/types\/product"}],"replies":[{"embeddable":true,"href":"https:\/\/ceasuri.md\/ru\/wp-json\/wp\/v2\/comments?post=39657"}],"wp:featuredmedia":[{"embeddable":true,"href":"https:\/\/ceasuri.md\/ru\/wp-json\/wp\/v2\/media\/39658"}],"wp:attachment":[{"href":"https:\/\/ceasuri.md\/ru\/wp-json\/wp\/v2\/media?parent=39657"}],"wp:term":[{"taxonomy":"product_brand","embeddable":true,"href":"https:\/\/ceasuri.md\/ru\/wp-json\/wp\/v2\/product_brand?post=39657"},{"taxonomy":"product_cat","embeddable":true,"href":"https:\/\/ceasuri.md\/ru\/wp-json\/wp\/v2\/product_cat?post=39657"},{"taxonomy":"product_tag","embeddable":true,"href":"https:\/\/ceasuri.md\/ru\/wp-json\/wp\/v2\/product_tag?post=39657"}],"curies":[{"name":"wp","href":"https:\/\/api.w.org\/{rel}","templated":true}]}}