{"id":39652,"date":"2026-04-02T21:30:24","date_gmt":"2026-04-02T18:30:24","guid":{"rendered":"http:\/\/new.ceasuri.md\/shop\/uncategorized\/orient-lady-rose-fqc0q005b0\/"},"modified":"2026-04-20T00:32:58","modified_gmt":"2026-04-19T21:32:58","slug":"orient-lady-rose-fqc0q005b0","status":"publish","type":"product","link":"https:\/\/ceasuri.md\/ru\/shop\/branduri\/orient\/orient-lady-rose-fqc0q005b0\/","title":{"rendered":"\u0427\u0430\u0441\u044b ORIENT LADY ROSE FQC0Q005B0"},"content":{"rendered":"<p>Ceas de m\u00e2n\u0103 cu cuar\u021b pentru femei de la faimoasa marc\u0103 japonez\u0103 Orient.<\/p>\n<p>Clasicul nobil al designului acestui model va face ca orice imagine a dvs. s\u0103 fie elegant\u0103 \u0219i unic\u0103.<\/p>\n<p>Cu o istorie \u00eendelungat\u0103 \u0219i o reputa\u021bie \u00eenalt\u0103, at\u00e2t calitatea, c\u00e2t \u0219i designul ceasurilor Orient au fost recunoscute ca fiind o capodoper\u0103 de neegalat de c\u0103tre produc\u0103tori de ceasuri proeminen\u021bi din \u00eentreaga lume.<\/p>","protected":false},"excerpt":{"rendered":"<p>Ceas de m\u00e2n\u0103 cu cuar\u021b pentru femei de la faimoasa marc\u0103 japonez\u0103 Orient. Clasicul nobil al designului acestui model va face ca orice imagine a dvs. s\u0103 fie elegant\u0103 \u0219i unic\u0103. Cu o istorie \u00eendelungat\u0103 \u0219i o reputa\u021bie \u00eenalt\u0103, at\u00e2t calitatea, c\u00e2t \u0219i designul ceasurilor Orient au fost recunoscute ca fiind o capodoper\u0103 de neegalat [&hellip;]<\/p>\n","protected":false},"featured_media":39653,"comment_status":"closed","ping_status":"open","template":"","meta":{"_acf_changed":false},"product_brand":[],"product_cat":[25,596,26],"product_tag":[595,691,696,694,692],"class_list":{"0":"post-39652","1":"product","2":"type-product","3":"status-publish","4":"has-post-thumbnail","6":"product_cat-ceasuri-dama","7":"product_cat-orient","8":"product_cat-sale-ceas-de-dama","9":"product_tag-cronograf","10":"product_tag-691","11":"product_tag-696","12":"product_tag-694","13":"product_tag-692","14":"pa_brand-orient","15":"pa_braslet-piele","16":"pa_corpus-37-mm","17":"pa_decor-cristale-swarowski","18":"pa_forma-rotund","19":"pa_garatia-24-luni","20":"pa_korpus-argintiu","21":"pa_korpus-negru","22":"pa_kvarc-quartz","23":"pa_material-otel-inoxidabil","24":"pa_mehanizm-quartz","25":"pa_remeshok-negru","26":"pa_steklo-cristal-mineral","27":"pa_strana-japonia","28":"pa_voda-3-atm","30":"first","31":"instock","32":"sale","33":"purchasable","34":"product-type-simple"},"acf":[],"_links":{"self":[{"href":"https:\/\/ceasuri.md\/ru\/wp-json\/wp\/v2\/product\/39652","targetHints":{"allow":["GET"]}}],"collection":[{"href":"https:\/\/ceasuri.md\/ru\/wp-json\/wp\/v2\/product"}],"about":[{"href":"https:\/\/ceasuri.md\/ru\/wp-json\/wp\/v2\/types\/product"}],"replies":[{"embeddable":true,"href":"https:\/\/ceasuri.md\/ru\/wp-json\/wp\/v2\/comments?post=39652"}],"wp:featuredmedia":[{"embeddable":true,"href":"https:\/\/ceasuri.md\/ru\/wp-json\/wp\/v2\/media\/39653"}],"wp:attachment":[{"href":"https:\/\/ceasuri.md\/ru\/wp-json\/wp\/v2\/media?parent=39652"}],"wp:term":[{"taxonomy":"product_brand","embeddable":true,"href":"https:\/\/ceasuri.md\/ru\/wp-json\/wp\/v2\/product_brand?post=39652"},{"taxonomy":"product_cat","embeddable":true,"href":"https:\/\/ceasuri.md\/ru\/wp-json\/wp\/v2\/product_cat?post=39652"},{"taxonomy":"product_tag","embeddable":true,"href":"https:\/\/ceasuri.md\/ru\/wp-json\/wp\/v2\/product_tag?post=39652"}],"curies":[{"name":"wp","href":"https:\/\/api.w.org\/{rel}","templated":true}]}}