{"id":39648,"date":"2021-11-30T22:42:00","date_gmt":"2021-11-30T20:42:00","guid":{"rendered":"http:\/\/new.ceasuri.md\/shop\/uncategorized\/orient-lady-rose-fqc0j004w0\/"},"modified":"2026-05-01T16:03:38","modified_gmt":"2026-05-01T13:03:38","slug":"orient-lady-rose-fqc0j004w0","status":"publish","type":"product","link":"https:\/\/ceasuri.md\/ru\/shop\/branduri\/orient\/orient-lady-rose-fqc0j004w0\/","title":{"rendered":"\u0427\u0430\u0441\u044b ORIENT LADY ROSE FQC0J004W0"},"content":{"rendered":"<p>Ceas elegant pentru femei de la Orient.<\/p>\n<p>Carcasa ceasului este realizat\u0103 din o\u021bel inoxidabil cu acoperire IP. Br\u0103\u021bar\u0103 din o\u021bel inoxidabil cu inser\u021bii ceramice albe.<\/p>\n<p>Cadranul din mam\u0103 de perl\u0103 este decorat cu cristale Swarovski. Acest ceas v\u0103 va completa perfect look-ul.<\/p>","protected":false},"excerpt":{"rendered":"<p>Ceas elegant pentru femei de la Orient. Carcasa ceasului este realizat\u0103 din o\u021bel inoxidabil cu acoperire IP. Br\u0103\u021bar\u0103 din o\u021bel inoxidabil cu inser\u021bii ceramice albe. Cadranul din mam\u0103 de perl\u0103 este decorat cu cristale Swarovski. Acest ceas v\u0103 va completa perfect look-ul.<\/p>","protected":false},"featured_media":39649,"comment_status":"closed","ping_status":"open","template":"","meta":{"_acf_changed":false},"product_brand":[],"product_cat":[25,596],"product_tag":[595,691,696,692],"class_list":{"0":"post-39648","1":"product","2":"type-product","3":"status-publish","4":"has-post-thumbnail","6":"product_cat-ceasuri-dama","7":"product_cat-orient","8":"product_tag-cronograf","9":"product_tag-691","10":"product_tag-696","11":"product_tag-692","12":"pa_brand-orient","13":"pa_braslet-ceramica","14":"pa_braslet-otel-inoxidabil","15":"pa_corpus-36-mm","16":"pa_decor-cristale-swarowski","17":"pa_forma-rotund","18":"pa_garatia-24-luni","19":"pa_korpus-auriu","20":"pa_kvarc-quartz","21":"pa_material-otel-inoxidabil","22":"pa_mehanizm-quartz","23":"pa_remeshok-bicolor","24":"pa_steklo-cristal-mineral","25":"pa_strana-japonia","26":"pa_voda-3-atm","28":"first","29":"instock","30":"purchasable","31":"product-type-simple"},"acf":[],"_links":{"self":[{"href":"https:\/\/ceasuri.md\/ru\/wp-json\/wp\/v2\/product\/39648","targetHints":{"allow":["GET"]}}],"collection":[{"href":"https:\/\/ceasuri.md\/ru\/wp-json\/wp\/v2\/product"}],"about":[{"href":"https:\/\/ceasuri.md\/ru\/wp-json\/wp\/v2\/types\/product"}],"replies":[{"embeddable":true,"href":"https:\/\/ceasuri.md\/ru\/wp-json\/wp\/v2\/comments?post=39648"}],"wp:featuredmedia":[{"embeddable":true,"href":"https:\/\/ceasuri.md\/ru\/wp-json\/wp\/v2\/media\/39649"}],"wp:attachment":[{"href":"https:\/\/ceasuri.md\/ru\/wp-json\/wp\/v2\/media?parent=39648"}],"wp:term":[{"taxonomy":"product_brand","embeddable":true,"href":"https:\/\/ceasuri.md\/ru\/wp-json\/wp\/v2\/product_brand?post=39648"},{"taxonomy":"product_cat","embeddable":true,"href":"https:\/\/ceasuri.md\/ru\/wp-json\/wp\/v2\/product_cat?post=39648"},{"taxonomy":"product_tag","embeddable":true,"href":"https:\/\/ceasuri.md\/ru\/wp-json\/wp\/v2\/product_tag?post=39648"}],"curies":[{"name":"wp","href":"https:\/\/api.w.org\/{rel}","templated":true}]}}