{"id":39590,"date":"2021-11-30T22:42:00","date_gmt":"2021-11-30T20:42:00","guid":{"rendered":"http:\/\/new.ceasuri.md\/shop\/uncategorized\/orient-sports-fnr1h001b0\/"},"modified":"2026-05-01T16:03:09","modified_gmt":"2026-05-01T13:03:09","slug":"orient-sports-fnr1h001b0","status":"publish","type":"product","link":"https:\/\/ceasuri.md\/ru\/shop\/branduri\/orient\/orient-sports-fnr1h001b0\/","title":{"rendered":"\u0427\u0430\u0441\u044b ORIENT SPORTS FNR1H001B0"},"content":{"rendered":"<p>Un ceas mecanic elegant pentru femei, cu cadran negru, \u00eentr-o carcas\u0103 robust\u0103 din o\u021bel \u0219i curea din cauciuc.<\/p>\n<p>Cristalul de safir ultra-rezistent protejeaz\u0103 cadranul de deterior\u0103rile mecanice.<\/p>\n<p>Rezisten\u021ba la ap\u0103 de 100 de metri permite ca ceasul s\u0103 fie folosit chiar \u0219i \u00een cele mai dure medii. Ad\u0103uga\u021bi afi\u0219ajul cu dat\u0103 pentru a v\u0103 asigura c\u0103 ave\u021bi \u00een fa\u021b\u0103 un model care este o alegere excelent\u0103 ca accesoriu colorat pentru fiecare zi.<\/p>","protected":false},"excerpt":{"rendered":"<p>Un ceas mecanic elegant pentru femei, cu cadran negru, \u00eentr-o carcas\u0103 robust\u0103 din o\u021bel \u0219i curea din cauciuc. Cristalul de safir ultra-rezistent protejeaz\u0103 cadranul de deterior\u0103rile mecanice. Rezisten\u021ba la ap\u0103 de 100 de metri permite ca ceasul s\u0103 fie folosit chiar \u0219i \u00een cele mai dure medii. Ad\u0103uga\u021bi afi\u0219ajul cu dat\u0103 pentru a v\u0103 asigura [&hellip;]<\/p>\n","protected":false},"featured_media":39591,"comment_status":"closed","ping_status":"open","template":"","meta":{"_acf_changed":false},"product_brand":[],"product_cat":[25,596],"product_tag":[595,691,696,692],"class_list":{"0":"post-39590","1":"product","2":"type-product","3":"status-publish","4":"has-post-thumbnail","6":"product_cat-ceasuri-dama","7":"product_cat-orient","8":"product_tag-cronograf","9":"product_tag-691","10":"product_tag-696","11":"product_tag-692","12":"pa_brand-orient","13":"pa_braslet-cauciuc","14":"pa_corpus-32-mm","15":"pa_forma-rotund","16":"pa_funcii-data","17":"pa_garatia-24-luni","18":"pa_korpus-argintiu","19":"pa_material-otel-inoxidabil","20":"pa_mehanizm-mecanic","21":"pa_mehanizm-mecanism-automatic","22":"pa_remeshok-negru","23":"pa_steklo-cristal-safir","24":"pa_strana-japonia","25":"pa_voda-10-atm","27":"first","28":"instock","29":"purchasable","30":"product-type-simple"},"acf":[],"_links":{"self":[{"href":"https:\/\/ceasuri.md\/ru\/wp-json\/wp\/v2\/product\/39590","targetHints":{"allow":["GET"]}}],"collection":[{"href":"https:\/\/ceasuri.md\/ru\/wp-json\/wp\/v2\/product"}],"about":[{"href":"https:\/\/ceasuri.md\/ru\/wp-json\/wp\/v2\/types\/product"}],"replies":[{"embeddable":true,"href":"https:\/\/ceasuri.md\/ru\/wp-json\/wp\/v2\/comments?post=39590"}],"wp:featuredmedia":[{"embeddable":true,"href":"https:\/\/ceasuri.md\/ru\/wp-json\/wp\/v2\/media\/39591"}],"wp:attachment":[{"href":"https:\/\/ceasuri.md\/ru\/wp-json\/wp\/v2\/media?parent=39590"}],"wp:term":[{"taxonomy":"product_brand","embeddable":true,"href":"https:\/\/ceasuri.md\/ru\/wp-json\/wp\/v2\/product_brand?post=39590"},{"taxonomy":"product_cat","embeddable":true,"href":"https:\/\/ceasuri.md\/ru\/wp-json\/wp\/v2\/product_cat?post=39590"},{"taxonomy":"product_tag","embeddable":true,"href":"https:\/\/ceasuri.md\/ru\/wp-json\/wp\/v2\/product_tag?post=39590"}],"curies":[{"name":"wp","href":"https:\/\/api.w.org\/{rel}","templated":true}]}}