{"id":39566,"date":"2026-04-02T21:29:51","date_gmt":"2026-04-02T18:29:51","guid":{"rendered":"http:\/\/new.ceasuri.md\/shop\/uncategorized\/orient-contemporary-fgw05005w0\/"},"modified":"2026-04-07T03:53:11","modified_gmt":"2026-04-07T00:53:11","slug":"orient-contemporary-fgw05005w0","status":"publish","type":"product","link":"https:\/\/ceasuri.md\/ru\/shop\/branduri\/orient\/orient-contemporary-fgw05005w0\/","title":{"rendered":"Ceas ORIENT CONTEMPORARY FGW05005W0"},"content":{"rendered":"<p>Acest ceas cu cuar\u021b de 40 mm \u00ee\u0219i pune \u00een eviden\u021b\u0103 carcasa din o\u021bel inoxidabil \u0219i banda cu textur\u0103 de crocodil cu un cadran alb elegant.<\/p>\n<p>\u00cei completeaz\u0103 estetica sofisticat\u0103 un orificiu pentru dat\u0103, precum \u0219i m\u00e2inile \u0219i indicatoarele de ore argintii. Modelul suport\u0103 o rezisten\u021b\u0103 la ap\u0103 de 30 de metri.<\/p>","protected":false},"excerpt":{"rendered":"<p>Acest ceas cu cuar\u021b de 40 mm \u00ee\u0219i pune \u00een eviden\u021b\u0103 carcasa din o\u021bel inoxidabil \u0219i banda cu textur\u0103 de crocodil cu un cadran alb elegant. \u00cei completeaz\u0103 estetica sofisticat\u0103 un orificiu pentru dat\u0103, precum \u0219i m\u00e2inile \u0219i indicatoarele de ore argintii. Modelul suport\u0103 o rezisten\u021b\u0103 la ap\u0103 de 30 de metri.<\/p>","protected":false},"featured_media":39567,"comment_status":"closed","ping_status":"open","template":"","meta":{"_acf_changed":false},"product_brand":[],"product_cat":[20,596],"product_tag":[595,691,693,692],"class_list":{"0":"post-39566","1":"product","2":"type-product","3":"status-publish","4":"has-post-thumbnail","6":"product_cat-ceasuri-barbati","7":"product_cat-orient","8":"product_tag-cronograf","9":"product_tag-691","10":"product_tag-693","11":"product_tag-692","12":"pa_brand-orient","13":"pa_braslet-piele","14":"pa_corpus-40-mm","15":"pa_forma-rotund","16":"pa_funcii-data","17":"pa_garatia-24-luni","18":"pa_korpus-argintiu","19":"pa_material-otel-inoxidabil","20":"pa_mehanizm-quartz","21":"pa_remeshok-maro","22":"pa_steklo-cristal-mineral","23":"pa_strana-japonia","24":"pa_voda-3-atm","26":"first","27":"instock","28":"purchasable","29":"product-type-simple"},"acf":[],"_links":{"self":[{"href":"https:\/\/ceasuri.md\/ru\/wp-json\/wp\/v2\/product\/39566","targetHints":{"allow":["GET"]}}],"collection":[{"href":"https:\/\/ceasuri.md\/ru\/wp-json\/wp\/v2\/product"}],"about":[{"href":"https:\/\/ceasuri.md\/ru\/wp-json\/wp\/v2\/types\/product"}],"replies":[{"embeddable":true,"href":"https:\/\/ceasuri.md\/ru\/wp-json\/wp\/v2\/comments?post=39566"}],"wp:featuredmedia":[{"embeddable":true,"href":"https:\/\/ceasuri.md\/ru\/wp-json\/wp\/v2\/media\/39567"}],"wp:attachment":[{"href":"https:\/\/ceasuri.md\/ru\/wp-json\/wp\/v2\/media?parent=39566"}],"wp:term":[{"taxonomy":"product_brand","embeddable":true,"href":"https:\/\/ceasuri.md\/ru\/wp-json\/wp\/v2\/product_brand?post=39566"},{"taxonomy":"product_cat","embeddable":true,"href":"https:\/\/ceasuri.md\/ru\/wp-json\/wp\/v2\/product_cat?post=39566"},{"taxonomy":"product_tag","embeddable":true,"href":"https:\/\/ceasuri.md\/ru\/wp-json\/wp\/v2\/product_tag?post=39566"}],"curies":[{"name":"wp","href":"https:\/\/api.w.org\/{rel}","templated":true}]}}